{"id":43,"date":"2021-01-17T12:44:30","date_gmt":"2021-01-17T08:44:30","guid":{"rendered":"https:\/\/virtnum.com\/?page_id=43"},"modified":"2022-10-31T14:54:45","modified_gmt":"2022-10-31T10:54:45","slug":"bahrain-virtual-numbers","status":"publish","type":"page","link":"https:\/\/virtnum.com\/tr\/buy-virtual-phone-number\/bahrain-virtual-numbers\/","title":{"rendered":"Bahreyn"},"content":{"rendered":"<p>En iyi kaliteyi en ucuz maliyetle, 60&#039;tan fazla \u00fclkede Bahreyn DID numaralar\u0131n\u0131 ve yerel telefon numaralar\u0131n\u0131 edinin.<\/p>\n\n\n\n<ul class=\"wp-block-list\"><li>Bahreyn&#039;e yap\u0131lan aramalar\u0131 d\u00fcnyan\u0131n her yerine y\u00f6nlendirin.<\/li><li>Softphone veya mobil uygulamam\u0131z\u0131 kullanarak Bahreyn sanal numaran\u0131zla giden aramalar yap\u0131n<\/li><li>Gelen aramalar\u0131 \u00e7ok d\u00fc\u015f\u00fck bir \u00fccret kar\u015f\u0131l\u0131\u011f\u0131nda herhangi bir normal veya cep telefonu hatt\u0131na y\u00f6nlendirin.<\/li><li>Herhangi bir Voice-over-IP (VoIP), SIP, H.323 veya IAX sa\u011flay\u0131c\u0131s\u0131na gelen \u00e7a\u011fr\u0131 y\u00f6nlendirme dahildir.<\/li><li>Bahreyn telefon numaras\u0131 herhangi bir s\u00f6zle\u015fme olmaks\u0131z\u0131n size aittir.<\/li><li>Bahreyn&#039;de \u00fccretsiz numaraya veya \u00fccretli numaraya ihtiyac\u0131n\u0131z varsa l\u00fctfen buradan daha fazla bilgi edinin.<\/li><\/ul>\n\n\n\n<h2 class=\"wp-block-heading\">\u0130\u015fletmeniz i\u00e7in Bahreyn Telefon Numaras\u0131 Sat\u0131n Al\u0131n<\/h2>\n\n\n\n<p>\u0130\u015fletmeniz veya web siteniz i\u00e7in Bahreyn&#039;de bir varl\u0131\u011fa m\u0131 ihtiyac\u0131n\u0131z var? Bahreyn sanal telefon numaras\u0131 (Bahreyn DID numaras\u0131) sat\u0131n al\u0131n ve hi\u00e7 sahip oldu\u011funuzu d\u00fc\u015f\u00fcnmedi\u011finiz m\u00fc\u015fterilerle konu\u015fun. Potansiyel ve mevcut m\u00fc\u015fteriler, kullanmalar\u0131 i\u00e7in Bahreyn&#039;de yerel bir telefon numaras\u0131ndan memnun kalacaklard\u0131r. Web sitenizin analiz raporlar\u0131n\u0131 kontrol edin, listelenen &quot;Bize Ula\u015f\u0131n&quot; telefon numaran\u0131z\u0131n bulundu\u011fu alanlar\u0131n d\u0131\u015f\u0131nda trafik al\u0131yorsan\u0131z, i\u015f ka\u00e7\u0131r\u0131yor olabilirsiniz. Bir Bahreyn sanal numaras\u0131 al\u0131n ve aramalar\u0131 herhangi bir VOIP cihaz\u0131na y\u00f6nlendirin ve o numaraya s\u0131n\u0131rs\u0131z gelen dakikalar i\u00e7in sabit bir \u00fccret \u00f6deyin. Bahreyn&#039;de ka\u00e7 tane arayan olabilece\u011fine \u015fa\u015f\u0131racaks\u0131n\u0131z. <\/p>\n\n\n\n<h2 class=\"wp-block-heading\">Arkada\u015flar\u0131n\u0131z ve Ailenizin ileti\u015fimde kalabilmesi i\u00e7in Yerel Bahreyn Telefon Numaras\u0131<\/h2>\n\n\n\n<p>\u0130ster evden uzakla\u015f\u0131n ister sadece yaz i\u00e7in seyahat edin, arkada\u015flar\u0131n\u0131z\u0131n ve ailenizin size ula\u015fabilece\u011fi yerel bir telefon numaras\u0131 isteyeceksiniz. Yerel bir Bahreyn telefon numaras\u0131 se\u00e7in ve telefon aramalar\u0131n\u0131 bulundu\u011funuz yere y\u00f6nlendirin. Bu, uluslararas\u0131 bir cep telefonu numaras\u0131 veya iPhone veya Android&#039;de \u00e7al\u0131\u015fan bir SIP istemcisi olabilir. Olas\u0131l\u0131klar sonsuzdur<\/p>","protected":false},"excerpt":{"rendered":"<p>Bahreyn DID numaralar\u0131n\u0131 ve 60&#039;tan fazla \u00fclkedeki yerel telefon numaralar\u0131n\u0131 en iyi kalitede ve en ucuz maliyetle edinin. Yap\u0131lan aramalar\u0131 y\u00f6nlendirin\u2026<\/p>","protected":false},"author":1,"featured_media":0,"parent":40,"menu_order":0,"comment_status":"closed","ping_status":"closed","template":"","meta":{"_acf_changed":false,"footnotes":""},"class_list":["post-43","page","type-page","status-publish","hentry"],"acf":[],"yoast_head":"<!-- This site is optimized with the Yoast SEO plugin v27.4 - https:\/\/yoast.com\/product\/yoast-seo-wordpress\/ -->\n<title>Buy Bahrain Virtual Phone Numbers for calls and SMS<\/title>\n<meta name=\"description\" content=\"Get unique Bahrain Virtual Phone Numbers (Bahrain DID Numbers). Make outgoing calls and receive incoming calls or forward the calls to anywhere in the world.\" \/>\n<meta name=\"robots\" content=\"index, follow, max-snippet:-1, max-image-preview:large, max-video-preview:-1\" \/>\n<link rel=\"canonical\" href=\"https:\/\/virtnum.com\/tr\/buy-virtual-phone-number\/bahrain-virtual-numbers\/\" \/>\n<meta property=\"og:locale\" content=\"tr_TR\" \/>\n<meta property=\"og:type\" content=\"article\" \/>\n<meta property=\"og:title\" content=\"Buy Bahrain Virtual Phone Numbers for calls and SMS\" \/>\n<meta property=\"og:description\" content=\"Get unique Bahrain Virtual Phone Numbers (Bahrain DID Numbers). Make outgoing calls and receive incoming calls or forward the calls to anywhere in the world.\" \/>\n<meta property=\"og:url\" content=\"https:\/\/virtnum.com\/tr\/buy-virtual-phone-number\/bahrain-virtual-numbers\/\" \/>\n<meta property=\"og:site_name\" content=\"Virtual Local Phone Numbers\" \/>\n<meta property=\"article:modified_time\" content=\"2022-10-31T10:54:45+00:00\" \/>\n<meta name=\"twitter:card\" content=\"summary_large_image\" \/>\n<script type=\"application\/ld+json\" class=\"yoast-schema-graph\">{\"@context\":\"https:\\\/\\\/schema.org\",\"@graph\":[{\"@type\":\"WebPage\",\"@id\":\"https:\\\/\\\/virtnum.com\\\/buy-virtual-phone-number\\\/bahrain-virtual-numbers\\\/\",\"url\":\"https:\\\/\\\/virtnum.com\\\/buy-virtual-phone-number\\\/bahrain-virtual-numbers\\\/\",\"name\":\"Buy Bahrain Virtual Phone Numbers for calls and SMS\",\"isPartOf\":{\"@id\":\"https:\\\/\\\/virtnum.com\\\/#website\"},\"datePublished\":\"2021-01-17T08:44:30+00:00\",\"dateModified\":\"2022-10-31T10:54:45+00:00\",\"description\":\"Get unique Bahrain Virtual Phone Numbers (Bahrain DID Numbers). Make outgoing calls and receive incoming calls or forward the calls to anywhere in the world.\",\"breadcrumb\":{\"@id\":\"https:\\\/\\\/virtnum.com\\\/buy-virtual-phone-number\\\/bahrain-virtual-numbers\\\/#breadcrumb\"},\"inLanguage\":\"tr\",\"potentialAction\":[{\"@type\":\"ReadAction\",\"target\":[\"https:\\\/\\\/virtnum.com\\\/buy-virtual-phone-number\\\/bahrain-virtual-numbers\\\/\"]}]},{\"@type\":\"BreadcrumbList\",\"@id\":\"https:\\\/\\\/virtnum.com\\\/buy-virtual-phone-number\\\/bahrain-virtual-numbers\\\/#breadcrumb\",\"itemListElement\":[{\"@type\":\"ListItem\",\"position\":1,\"name\":\"Permanent Virtual Phone Numbers\",\"item\":\"https:\\\/\\\/virtnum.com\\\/buy-virtual-phone-number\\\/\"},{\"@type\":\"ListItem\",\"position\":2,\"name\":\"Bahrain\"}]},{\"@type\":\"WebSite\",\"@id\":\"https:\\\/\\\/virtnum.com\\\/#website\",\"url\":\"https:\\\/\\\/virtnum.com\\\/\",\"name\":\"Virtual Local Phone Numbers\",\"description\":\"Buy Virtual Phone Numbers | DID Numbers | VoIP Numbers | Toll-free Numbers | Call forwarding to SIP, VOIP, PBX, Mobile or Fixed Phones\",\"publisher\":{\"@id\":\"https:\\\/\\\/virtnum.com\\\/#organization\"},\"potentialAction\":[{\"@type\":\"SearchAction\",\"target\":{\"@type\":\"EntryPoint\",\"urlTemplate\":\"https:\\\/\\\/virtnum.com\\\/?s={search_term_string}\"},\"query-input\":{\"@type\":\"PropertyValueSpecification\",\"valueRequired\":true,\"valueName\":\"search_term_string\"}}],\"inLanguage\":\"tr\"},{\"@type\":\"Organization\",\"@id\":\"https:\\\/\\\/virtnum.com\\\/#organization\",\"name\":\"Virtual Local Phone Numbers\",\"url\":\"https:\\\/\\\/virtnum.com\\\/\",\"logo\":{\"@type\":\"ImageObject\",\"inLanguage\":\"tr\",\"@id\":\"https:\\\/\\\/virtnum.com\\\/#\\\/schema\\\/logo\\\/image\\\/\",\"url\":\"https:\\\/\\\/virtnum.com\\\/wp-content\\\/uploads\\\/2022\\\/12\\\/logo-1.png\",\"contentUrl\":\"https:\\\/\\\/virtnum.com\\\/wp-content\\\/uploads\\\/2022\\\/12\\\/logo-1.png\",\"width\":420,\"height\":165,\"caption\":\"Virtual Local Phone Numbers\"},\"image\":{\"@id\":\"https:\\\/\\\/virtnum.com\\\/#\\\/schema\\\/logo\\\/image\\\/\"}}]}<\/script>\n<!-- \/ Yoast SEO plugin. -->","yoast_head_json":{"title":"Aramalar ve SMS i\u00e7in Bahreyn Sanal Telefon Numaralar\u0131 sat\u0131n al\u0131n","description":"Benzersiz Bahreyn Sanal Telefon Numaralar\u0131 (Bahreyn DID Numaralar\u0131) edinin. Giden aramalar yap\u0131n ve gelen aramalar\u0131 al\u0131n veya aramalar\u0131 d\u00fcnyan\u0131n herhangi bir yerine y\u00f6nlendirin.","robots":{"index":"index","follow":"follow","max-snippet":"max-snippet:-1","max-image-preview":"max-image-preview:large","max-video-preview":"max-video-preview:-1"},"canonical":"https:\/\/virtnum.com\/tr\/buy-virtual-phone-number\/bahrain-virtual-numbers\/","og_locale":"tr_TR","og_type":"article","og_title":"Buy Bahrain Virtual Phone Numbers for calls and SMS","og_description":"Get unique Bahrain Virtual Phone Numbers (Bahrain DID Numbers). Make outgoing calls and receive incoming calls or forward the calls to anywhere in the world.","og_url":"https:\/\/virtnum.com\/tr\/buy-virtual-phone-number\/bahrain-virtual-numbers\/","og_site_name":"Virtual Local Phone Numbers","article_modified_time":"2022-10-31T10:54:45+00:00","twitter_card":"summary_large_image","schema":{"@context":"https:\/\/schema.org","@graph":[{"@type":"WebPage","@id":"https:\/\/virtnum.com\/buy-virtual-phone-number\/bahrain-virtual-numbers\/","url":"https:\/\/virtnum.com\/buy-virtual-phone-number\/bahrain-virtual-numbers\/","name":"Aramalar ve SMS i\u00e7in Bahreyn Sanal Telefon Numaralar\u0131 sat\u0131n al\u0131n","isPartOf":{"@id":"https:\/\/virtnum.com\/#website"},"datePublished":"2021-01-17T08:44:30+00:00","dateModified":"2022-10-31T10:54:45+00:00","description":"Benzersiz Bahreyn Sanal Telefon Numaralar\u0131 (Bahreyn DID Numaralar\u0131) edinin. Giden aramalar yap\u0131n ve gelen aramalar\u0131 al\u0131n veya aramalar\u0131 d\u00fcnyan\u0131n herhangi bir yerine y\u00f6nlendirin.","breadcrumb":{"@id":"https:\/\/virtnum.com\/buy-virtual-phone-number\/bahrain-virtual-numbers\/#breadcrumb"},"inLanguage":"tr","potentialAction":[{"@type":"ReadAction","target":["https:\/\/virtnum.com\/buy-virtual-phone-number\/bahrain-virtual-numbers\/"]}]},{"@type":"BreadcrumbList","@id":"https:\/\/virtnum.com\/buy-virtual-phone-number\/bahrain-virtual-numbers\/#breadcrumb","itemListElement":[{"@type":"ListItem","position":1,"name":"Permanent Virtual Phone Numbers","item":"https:\/\/virtnum.com\/buy-virtual-phone-number\/"},{"@type":"ListItem","position":2,"name":"Bahrain"}]},{"@type":"WebSite","@id":"https:\/\/virtnum.com\/#website","url":"https:\/\/virtnum.com\/","name":"Sanal Yerel Telefon Numaralar\u0131","description":"Sanal Telefon Numaralar\u0131 Sat\u0131n Al\u0131n | DID Numaralar\u0131 | VoIP Numaralar\u0131 | \u00dccretsiz Numaralar | SIP, VOIP, PBX, Mobil veya Sabit Telefonlara \u00c7a\u011fr\u0131 Y\u00f6nlendirme","publisher":{"@id":"https:\/\/virtnum.com\/#organization"},"potentialAction":[{"@type":"SearchAction","target":{"@type":"EntryPoint","urlTemplate":"https:\/\/virtnum.com\/?s={search_term_string}"},"query-input":{"@type":"PropertyValueSpecification","valueRequired":true,"valueName":"search_term_string"}}],"inLanguage":"tr"},{"@type":"Organization","@id":"https:\/\/virtnum.com\/#organization","name":"Sanal Yerel Telefon Numaralar\u0131","url":"https:\/\/virtnum.com\/","logo":{"@type":"ImageObject","inLanguage":"tr","@id":"https:\/\/virtnum.com\/#\/schema\/logo\/image\/","url":"https:\/\/virtnum.com\/wp-content\/uploads\/2022\/12\/logo-1.png","contentUrl":"https:\/\/virtnum.com\/wp-content\/uploads\/2022\/12\/logo-1.png","width":420,"height":165,"caption":"Virtual Local Phone Numbers"},"image":{"@id":"https:\/\/virtnum.com\/#\/schema\/logo\/image\/"}}]}},"_links":{"self":[{"href":"https:\/\/virtnum.com\/tr\/wp-json\/wp\/v2\/pages\/43","targetHints":{"allow":["GET"]}}],"collection":[{"href":"https:\/\/virtnum.com\/tr\/wp-json\/wp\/v2\/pages"}],"about":[{"href":"https:\/\/virtnum.com\/tr\/wp-json\/wp\/v2\/types\/page"}],"author":[{"embeddable":true,"href":"https:\/\/virtnum.com\/tr\/wp-json\/wp\/v2\/users\/1"}],"replies":[{"embeddable":true,"href":"https:\/\/virtnum.com\/tr\/wp-json\/wp\/v2\/comments?post=43"}],"version-history":[{"count":3,"href":"https:\/\/virtnum.com\/tr\/wp-json\/wp\/v2\/pages\/43\/revisions"}],"predecessor-version":[{"id":312,"href":"https:\/\/virtnum.com\/tr\/wp-json\/wp\/v2\/pages\/43\/revisions\/312"}],"up":[{"embeddable":true,"href":"https:\/\/virtnum.com\/tr\/wp-json\/wp\/v2\/pages\/40"}],"wp:attachment":[{"href":"https:\/\/virtnum.com\/tr\/wp-json\/wp\/v2\/media?parent=43"}],"curies":[{"name":"wp","href":"https:\/\/api.w.org\/{rel}","templated":true}]}}