{"id":467,"date":"2022-11-14T12:21:47","date_gmt":"2022-11-14T08:21:47","guid":{"rendered":"https:\/\/virtnum.com\/?page_id=467"},"modified":"2024-11-13T05:23:01","modified_gmt":"2024-11-13T01:23:01","slug":"disposable","status":"publish","type":"page","link":"https:\/\/virtnum.com\/tr\/disposable\/","title":{"rendered":"Tek kullan\u0131ml\u0131k numaralar"},"content":{"rendered":"<h2 class=\"wp-block-heading\">Ge\u00e7ici Telefon Numaralar\u0131: <strong>Tek Kullan\u0131ml\u0131k SMS Numaralar\u0131yla G\u00fcvende Olun<\/strong><\/h2>\n\n\n\n<p>Tek kullan\u0131ml\u0131k SMS numaralar\u0131, \u00e7evrimi\u00e7i gizlili\u011finizi korumak i\u00e7in basit ve g\u00fcvenli bir \u00e7\u00f6z\u00fcm sunar. Ki\u015fisel numaran\u0131z\u0131 if\u015fa etmeden hesaplar\u0131 do\u011frulamak veya hizmetlere kaydolmak i\u00e7in ge\u00e7ici bir numara kullan\u0131n. WhatsApp, sosyal medya ve \u00e7evrimi\u00e7i pazar yerleri gibi platformlarda h\u0131zl\u0131 do\u011frulamalar i\u00e7in ideal olan tek kullan\u0131ml\u0131k SMS numaralar\u0131, ger\u00e7ek ileti\u015fim bilgilerinizi gizli tutarak g\u00f6n\u00fcl rahatl\u0131\u011f\u0131 sa\u011flar. virtnum.com ile t\u00fcm \u00e7evrimi\u00e7i ihtiya\u00e7lar\u0131n\u0131z i\u00e7in g\u00fcvenilir ve kullan\u0131\u015fl\u0131 numaralara eri\u015febilir ve her ba\u011fland\u0131\u011f\u0131n\u0131zda hem esneklik hem de g\u00fcvenlik sa\u011flayabilirsiniz.<\/p>\n\n\n\n<blockquote class=\"wp-block-quote is-layout-flow wp-block-quote-is-layout-flow\">\n<p>Tek kullan\u0131ml\u0131k bir SMS numaras\u0131 almak i\u00e7in virtnum.com sanal numara sa\u011flay\u0131c\u0131s\u0131na kaydolun &gt; ihtiyac\u0131n\u0131z olan \u00fclkeyi ve s\u00fcreyi se\u00e7in &gt; b\u00fct\u00e7enize uygun bir plan se\u00e7in ve an\u0131nda ba\u015flay\u0131n.<\/p>\n\n\n\n<p>Tek kullan\u0131ml\u0131k SMS numaras\u0131, tek kullan\u0131ml\u0131k do\u011frulamalar ve g\u00fcvenli \u00e7evrimi\u00e7i etkile\u015fimler i\u00e7in kullan\u0131lan ge\u00e7ici bir numarad\u0131r.<\/p>\n\n\n\n<p>Tek kullan\u0131ml\u0131k numaralar, ger\u00e7ek numaran\u0131z\u0131 if\u015fa etmeden \u00f6zel hesap do\u011frulamas\u0131na olanak tan\u0131r ve bu da onlar\u0131 ki\u015fisel ve profesyonel kullan\u0131m i\u00e7in ideal hale getirir.<\/p>\n\n\n\n<p>Virtnum.com, gizlili\u011fi ve sorunsuz hesap y\u00f6netimini destekleyen tek kullan\u0131ml\u0131k numaralar i\u00e7in esnek ve uygun fiyatl\u0131 planlar sunar.<\/p>\n<\/blockquote>\n\n\n<div id=\"footable_parent_705\"\n         class=\"footable_parent ninja_table_wrapper loading_ninja_table wp_table_data_press_parent bootstrap4\">\n                <table data-ninja_table_instance=\"ninja_table_instance_0\" data-footable_id=\"705\" data-filter-delay=\"1000\" aria-label=\"beta tek kullan\u0131ml\u0131k - \u041b\u0438\u0441\u04421.csv\"            id=\"footable_705\"\n           data-unique_identifier=\"ninja_table_unique_id_4057863270_705\"\n           class=\"foo-table ninja_footable foo_table_705 ninja_table_unique_id_4057863270_705 table  nt_type_ajax_table table-striped table-bordered vertical_centered  footable-paging-right\">\n                <colgroup>\n                            <col class=\"ninja_column_0\">\n                            <col class=\"ninja_column_1\">\n                            <col class=\"ninja_column_2\">\n                            <col class=\"ninja_column_3\">\n                    <\/colgroup>\n            <\/table>\n    \n    \n    \n<\/div>\n\n\n\n\n<h2 class=\"wp-block-heading\">Tek Kullan\u0131ml\u0131k SMS Numaralar\u0131yla Kolayca Do\u011frulay\u0131n<\/h2>\n\n\n\n<p>\u00c7evrimi\u00e7i gizlilik endi\u015feleri artt\u0131k\u00e7a, tek kullan\u0131ml\u0131k SMS numaralar\u0131 g\u00fcvenli hesap do\u011frulamalar\u0131 ve ki\u015fisel verilerin korunmas\u0131 i\u00e7in basit bir \u00e7\u00f6z\u00fcm sunar. WhatsApp, sosyal medya veya e-ticaret gibi platformlar i\u00e7in ideal olan tek kullan\u0131ml\u0131k numaralar ger\u00e7ek numaran\u0131z\u0131n if\u015fa edilmesini \u00f6nleyerek tek kullan\u0131ml\u0131k do\u011frulamalar i\u00e7in h\u0131zl\u0131 ve ge\u00e7ici bir se\u00e7enek sunar. Bu, birden fazla hesab\u0131 y\u00f6netmeyi, gizlili\u011fi sa\u011flamay\u0131 ve k\u0131s\u0131tlamalar olmadan k\u00fcresel hizmetlere eri\u015fmeyi kolayla\u015ft\u0131r\u0131r.<\/p>\n\n\n\n<p>Virtnum.com ile tek kullan\u0131ml\u0131k bir SMS numaras\u0131 edinmek h\u0131zl\u0131 ve g\u00fcvenilirdir ve hesaplar\u0131n\u0131z\u0131 do\u011frulaman\u0131za, hizmetleri test etmenize veya g\u00fcvenli bir \u015fekilde ileti\u015fim kurman\u0131za olanak tan\u0131r. Birden fazla platformu y\u00f6neten bir profesyonel olun veya sadece \u00e7evrimi\u00e7i al\u0131\u015fveri\u015f i\u00e7in g\u00fcvenli bir se\u00e7enek aray\u0131n, tek kullan\u0131ml\u0131k numaralar ekstra cihazlar veya taahh\u00fctler olmadan esnek ve \u00f6zel \u00e7\u00f6z\u00fcmler sunar. Verilerinizi korumak ve t\u00fcm dijital etkile\u015fimlerinizde sorunsuz bir deneyim ya\u015famak i\u00e7in tek kullan\u0131ml\u0131k numaralar\u0131n avantajlar\u0131n\u0131 ke\u015ffedin.<\/p>\n\n\n\n<p>Bu k\u0131lavuzda, an\u0131nda eri\u015fim i\u00e7in tek kullan\u0131ml\u0131k SMS numaran\u0131z\u0131 nas\u0131l kuraca\u011f\u0131n\u0131z\u0131 \u00f6\u011frenin ve ihtiyac\u0131n\u0131z olan her ama\u00e7 i\u00e7in tek kullan\u0131ml\u0131k numaralar sunan en iyi sa\u011flay\u0131c\u0131lar\u0131 bulun.<\/p>\n\n\n\n<p align=\"center\"><a href=\"https:\/\/lk.virtnum.com\/en\/component\/telecomax?task=buyunregistred&#038;type=one-use-sms-numbers\" class=\"buy\">Ge\u00e7ici telefon numaras\u0131 sat\u0131n al<\/a><\/p>\n\n\n\n<p>Bu makalede, ge\u00e7ici telefon numaralar\u0131ndan bahsedece\u011fiz. \u00d6zellikle, a\u015fa\u011f\u0131daki konular\u0131 ele alaca\u011f\u0131z:<\/p>\n\n\n\n<ul class=\"wp-block-list\">\n<li>Ge\u00e7ici numaralar\u0131n tan\u0131mlanmas\u0131<\/li>\n\n\n\n<li>Neden yararl\u0131d\u0131rlar?<\/li>\n\n\n\n<li>10 dakikadan k\u0131sa s\u00fcrede nas\u0131l bir tane edinebilirsiniz?<\/li>\n<\/ul>\n\n\n\n<p>Okumaya devam etmenizi \u00f6neririz \u00e7\u00fcnk\u00fc makalenin sonunda bu \u00e7\u00f6z\u00fcm\u00fcn sizin i\u00e7in uygun olup olmad\u0131\u011f\u0131n\u0131 kendiniz g\u00f6rebileceksiniz.<\/p>\n\n\n\n<h2 class=\"wp-block-heading\">Ge\u00e7ici numaralar hakk\u0131nda neler bilmelisiniz?<\/h2>\n\n\n\n<p>Ad\u0131ndan da anla\u015f\u0131laca\u011f\u0131 \u00fczere, ge\u00e7ici numaralar\u0131n bir son kullanma tarihi vard\u0131r. Muhtemelen y\u0131llard\u0131r sahip oldu\u011funuz cep telefonu numaran\u0131zdan farkl\u0131d\u0131rlar. Bunun d\u0131\u015f\u0131nda, ge\u00e7ici s\u00fcr\u00fcm\u00fcn normal s\u00fcr\u00fcm gibi \u00e7al\u0131\u015fmas\u0131n\u0131 bekleyin.<\/p>\n\n\n\n<p>Daha \u00f6nce, bir tane edinmenin tek yolu bir burner telefon sat\u0131n almakt\u0131. Bu telefonlar nispeten ucuz olsa da (ve hala \u00f6yle olsa da), piyasadaki en iyi se\u00e7enek bu de\u011fil. \u015e\u00f6yle d\u00fc\u015f\u00fcn\u00fcn: Sadece $1 maliyetinde bir par\u00e7aya ihtiyac\u0131n\u0131z varsa $20 de\u011ferinde bir \u015fey sat\u0131n al\u0131r m\u0131yd\u0131n\u0131z?<\/p>\n\n\n\n<p>Hi\u00e7 mant\u0131kl\u0131 de\u011fil! Numaray\u0131 kullanmak i\u00e7in kendi mobil cihaz\u0131n\u0131z\u0131 kullanmaya kesinlikle kar\u015f\u0131 olsan\u0131z bile, bunun i\u00e7in daha ucuz bir yol var: sanal ge\u00e7ici numara. Bu \u00e7\u00f6z\u00fcm, ge\u00e7ici bir numara edinmenin t\u00fcm dezavantajlar\u0131n\u0131 ortadan kald\u0131r\u0131r.<\/p>\n\n\n\n<p>Tek kullan\u0131ml\u0131k bir numaray\u0131 do\u011frudan sipari\u015f etmenize izin vererek, yaln\u0131zca ger\u00e7ekten kullanaca\u011f\u0131n\u0131z kadar \u00f6deme yapars\u0131n\u0131z. Bu, ge\u00e7ici numaray\u0131 kullanarak ihtiya\u00e7 duydu\u011funuz eri\u015fim kalitesini s\u0131n\u0131rlamadan tasarruf etmenizi sa\u011flar.<\/p>\n\n\n\n<p align=\"center\"><a href=\"https:\/\/lk.virtnum.com\/en\/component\/telecomax?task=buyunregistred&#038;type=one-use-sms-numbers\" class=\"buy\">Kay\u0131t i\u00e7in tek kullan\u0131ml\u0131k numara sat\u0131n al<\/a><\/p>\n\n\n\n<h2 class=\"wp-block-heading\">Neden tek kullan\u0131ml\u0131k telefon numaras\u0131 almal\u0131s\u0131n\u0131z?<\/h2>\n\n\n\n<p>\u00c7o\u011fu durumda sadece normal numaran\u0131z\u0131 kullanman\u0131z gerekir. Ancak bu, ge\u00e7ici numaralar\u0131n tamamen i\u015fe yaramaz oldu\u011fu anlam\u0131na gelmez. En iyi \u015firketlerden bir tane alarak <a href=\"https:\/\/telnum.net\/\">Telefon numaras\u0131<\/a>, a\u015fa\u011f\u0131daki avantajlardan yararlanabileceksiniz:<\/p>\n\n\n\n<ol class=\"wp-block-list\">\n<li>Artt\u0131r\u0131lm\u0131\u015f gizlilik duygusu<\/li>\n<\/ol>\n\n\n\n<p>Bir mesajla\u015fma uygulamas\u0131na kaydoldu\u011funuzu d\u00fc\u015f\u00fcn\u00fcn. \u00d6zel numaran\u0131z\u0131 kulland\u0131n\u0131z, b\u00f6ylece art\u0131k konu\u015fmak istemedi\u011finiz ki\u015filer bile zaman zaman do\u011frudan numaran\u0131za mesaj atabiliyor. Numaran\u0131z\u0131 tamamen de\u011fi\u015ftirmeyi d\u00fc\u015f\u00fcnd\u00fcn\u00fcz, ancak bu \u00e7ok fazla u\u011fra\u015f gerektiriyor.<\/p>\n\n\n\n<p>Bu, \u00f6zel numaran\u0131z\u0131 daha fazla korumazsan\u0131z ba\u015f\u0131n\u0131za gelmesi ka\u00e7\u0131n\u0131lmaz bir \u015feydir. Bu nedenle, \u00f6zellikle de bir tane edinmenin ne kadar ucuz oldu\u011fu d\u00fc\u015f\u00fcn\u00fcld\u00fc\u011f\u00fcnde, bunun yerine ge\u00e7ici bir numara edinmek mant\u0131kl\u0131d\u0131r. Genellikle bir fincan kahveden daha d\u00fc\u015f\u00fck bir maliyetle, istenmeyen mesajlardan ve aramalardan kendinizi koruyabilirsiniz.<\/p>\n\n\n\n<ol start=\"2\" class=\"wp-block-list\">\n<li>Ayn\u0131 numaray\u0131 iki kez kaydedemezsiniz<\/li>\n<\/ol>\n\n\n\n<p>Bir\u00e7ok site ve hizmette bir telefon numaras\u0131n\u0131n ayn\u0131 anda yaln\u0131zca bir hesaba ba\u011flanabilece\u011fi kural\u0131 vard\u0131r. Bu, farkl\u0131 e-posta adresleri alt\u0131nda kay\u0131t yapt\u0131rmak istiyorsan\u0131z farkl\u0131 bir numara alman\u0131z gerekti\u011fi anlam\u0131na gelir.<\/p>\n\n\n\n<p>Ama sadece bir kez kullanacaksan\u0131z, ikinci bir kal\u0131c\u0131 numara almak mant\u0131kl\u0131 de\u011fil. Ge\u00e7ici bir numara ile bunu yapmak zorunda de\u011filsiniz.<\/p>\n\n\n\n<ol start=\"3\" class=\"wp-block-list\">\n<li>Spam aramalar ve mesajlar almak istemezsiniz<\/li>\n<\/ol>\n\n\n\n<p>Hassas bilgilerinizi ele al\u0131rken her zaman g\u00fcvenlik vaadi vard\u0131r. Ancak defalarca g\u00f6rd\u00fc\u011f\u00fcm\u00fcz gibi, her zaman bir g\u00fcvenlik ihlali olma ihtimali vard\u0131r.<\/p>\n\n\n\n<p>Elbette, bunun ger\u00e7ekle\u015fme olas\u0131l\u0131\u011f\u0131n\u0131n \u00e7ok d\u00fc\u015f\u00fck oldu\u011funu her zaman iddia edebilirsiniz. Ancak olas\u0131 sonu\u00e7lar\u0131 g\u00f6z \u00f6n\u00fcnde bulundurarak, neden riske giresiniz ki?<\/p>\n\n\n\n<p align=\"center\"><a href=\"https:\/\/lk.virtnum.com\/en\/component\/telecomax?task=buyunregistred&#038;type=one-use-sms-numbers\" class=\"buy\">Do\u011frulama i\u00e7in tek kullan\u0131ml\u0131k numara sat\u0131n al\u0131n<\/a><\/p>\n\n\n\n<h2 class=\"wp-block-heading\">Sanal ge\u00e7ici numara nas\u0131l sat\u0131n al\u0131n\u0131r<\/h2>\n\n\n\n<p>Bir tane edinmenin size fayda sa\u011flayaca\u011f\u0131n\u0131 d\u00fc\u015f\u00fcn\u00fcyorsan\u0131z, i\u015fte 10 dakika veya daha k\u0131sa s\u00fcrede nas\u0131l edinebilece\u011finiz. Se\u00e7ti\u011finiz sa\u011flay\u0131c\u0131da zaten bir hesab\u0131n\u0131z varsa daha da h\u0131zl\u0131 olacakt\u0131r. A\u015fa\u011f\u0131da \u00f6zetlenen ad\u0131mlar Telnum ile bunu nas\u0131l yapaca\u011f\u0131n\u0131z\u0131 g\u00f6stermektedir:<\/p>\n\n\n\n<ol class=\"wp-block-list\">\n<li>Web sitemize gidin.<\/li>\n\n\n\n<li>Hizmetler alt\u0131nda Tek Kullan\u0131ml\u0131k Numaralar&#039;a gidin.<\/li>\n\n\n\n<li>Tek Kullan\u0131ml\u0131k SMS Numaras\u0131 Sat\u0131n Al yazan mavi butona t\u0131klay\u0131n<\/li>\n\n\n\n<li>\u00dclkeyi (alan kodu i\u00e7in) ve numaray\u0131 alma amac\u0131n\u0131z\u0131 se\u00e7in.<\/li>\n\n\n\n<li>Hesab\u0131n\u0131za giri\u015f yap\u0131n veya yeni bir hesap olu\u015fturun.<\/li>\n\n\n\n<li>Numaran\u0131z\u0131n \u00fccretini \u00f6deyin.<\/li>\n<\/ol>\n\n\n\n<p>\u0130\u015fte bu kadar! Art\u0131k bir hesab\u0131 do\u011frulamak i\u00e7in numaray\u0131 kullanabileceksiniz. Bu k\u0131lavuzun ge\u00e7ici numaralar\u0131n sizin i\u00e7in uygun olup olmad\u0131\u011f\u0131n\u0131 belirlemenize yard\u0131mc\u0131 olmas\u0131n\u0131 umuyoruz.<\/p>\n\n\n\n<p>Ba\u015fka bir \u015feye ihtiyac\u0131n\u0131z olsa bile endi\u015felenmeyin! VoIP&#039;in sunabilece\u011fi \u00e7ok daha fazla \u015fey var. Azalt\u0131lm\u0131\u015f maliyetler, artan \u00f6l\u00e7eklenebilirlik ve kolayl\u0131k ve iyile\u015ftirilmi\u015f \u00fcretkenlik bunlardan sadece birka\u00e7\u0131. Ancak bunu ke\u015ffetmekten ve faydalar\u0131n\u0131 kendiniz deneyimlemekten \u00e7ekinmeyin!<\/p>\n\n\n\n<p align=\"center\"><a href=\"https:\/\/lk.virtnum.com\/en\/component\/telecomax?task=buyunregistred&#038;type=one-use-sms-numbers\" class=\"buy\">Tek seferlik \u015fifre OTP numaras\u0131 sat\u0131n al<\/a><\/p>","protected":false},"excerpt":{"rendered":"<p>Ge\u00e7ici Telefon Numaralar\u0131: Tek Kullan\u0131ml\u0131k SMS Numaralar\u0131yla G\u00fcvende Olun Tek kullan\u0131ml\u0131k SMS numaralar\u0131, \u00e7evrimi\u00e7i gizlili\u011finizi korumak i\u00e7in basit ve g\u00fcvenli bir \u00e7\u00f6z\u00fcm sunar. Ge\u00e7ici bir\u2026<\/p>","protected":false},"author":1,"featured_media":0,"parent":0,"menu_order":0,"comment_status":"closed","ping_status":"closed","template":"","meta":{"_acf_changed":false,"footnotes":""},"class_list":["post-467","page","type-page","status-publish","hentry"],"acf":[],"yoast_head":"<!-- This site is optimized with the Yoast SEO plugin v27.3 - https:\/\/yoast.com\/product\/yoast-seo-wordpress\/ -->\n<title>Buy disposable (temporary) phone numbers for registration\/verification<\/title>\n<meta name=\"description\" content=\"Buy disposable (temporary) phone numbers for registration\/verification\" \/>\n<meta name=\"robots\" content=\"index, follow, max-snippet:-1, max-image-preview:large, max-video-preview:-1\" \/>\n<link rel=\"canonical\" href=\"https:\/\/virtnum.com\/tr\/disposable\/\" \/>\n<meta property=\"og:locale\" content=\"tr_TR\" \/>\n<meta property=\"og:type\" content=\"article\" \/>\n<meta property=\"og:title\" content=\"Buy disposable (temporary) phone numbers for registration\/verification\" \/>\n<meta property=\"og:description\" content=\"Buy disposable (temporary) phone numbers for registration\/verification\" \/>\n<meta property=\"og:url\" content=\"https:\/\/virtnum.com\/tr\/disposable\/\" \/>\n<meta property=\"og:site_name\" content=\"Virtual Local Phone Numbers\" \/>\n<meta property=\"article:modified_time\" content=\"2024-11-13T01:23:01+00:00\" \/>\n<meta name=\"twitter:card\" content=\"summary_large_image\" \/>\n<meta name=\"twitter:label1\" content=\"Tahmini okuma s\u00fcresi\" \/>\n\t<meta name=\"twitter:data1\" content=\"5 dakika\" \/>\n<script type=\"application\/ld+json\" class=\"yoast-schema-graph\">{\"@context\":\"https:\\\/\\\/schema.org\",\"@graph\":[{\"@type\":\"WebPage\",\"@id\":\"https:\\\/\\\/virtnum.com\\\/disposable\\\/\",\"url\":\"https:\\\/\\\/virtnum.com\\\/disposable\\\/\",\"name\":\"Buy disposable (temporary) phone numbers for registration\\\/verification\",\"isPartOf\":{\"@id\":\"https:\\\/\\\/virtnum.com\\\/#website\"},\"datePublished\":\"2022-11-14T08:21:47+00:00\",\"dateModified\":\"2024-11-13T01:23:01+00:00\",\"description\":\"Buy disposable (temporary) phone numbers for registration\\\/verification\",\"inLanguage\":\"tr\",\"potentialAction\":[{\"@type\":\"ReadAction\",\"target\":[\"https:\\\/\\\/virtnum.com\\\/disposable\\\/\"]}]},{\"@type\":\"WebSite\",\"@id\":\"https:\\\/\\\/virtnum.com\\\/#website\",\"url\":\"https:\\\/\\\/virtnum.com\\\/\",\"name\":\"Virtual Local Phone Numbers\",\"description\":\"Buy Virtual Phone Numbers | DID Numbers | VoIP Numbers | Toll-free Numbers | Call forwarding to SIP, VOIP, PBX, Mobile or Fixed Phones\",\"publisher\":{\"@id\":\"https:\\\/\\\/virtnum.com\\\/#organization\"},\"potentialAction\":[{\"@type\":\"SearchAction\",\"target\":{\"@type\":\"EntryPoint\",\"urlTemplate\":\"https:\\\/\\\/virtnum.com\\\/?s={search_term_string}\"},\"query-input\":{\"@type\":\"PropertyValueSpecification\",\"valueRequired\":true,\"valueName\":\"search_term_string\"}}],\"inLanguage\":\"tr\"},{\"@type\":\"Organization\",\"@id\":\"https:\\\/\\\/virtnum.com\\\/#organization\",\"name\":\"Virtual Local Phone Numbers\",\"url\":\"https:\\\/\\\/virtnum.com\\\/\",\"logo\":{\"@type\":\"ImageObject\",\"inLanguage\":\"tr\",\"@id\":\"https:\\\/\\\/virtnum.com\\\/#\\\/schema\\\/logo\\\/image\\\/\",\"url\":\"https:\\\/\\\/virtnum.com\\\/wp-content\\\/uploads\\\/2022\\\/12\\\/logo-1.png\",\"contentUrl\":\"https:\\\/\\\/virtnum.com\\\/wp-content\\\/uploads\\\/2022\\\/12\\\/logo-1.png\",\"width\":420,\"height\":165,\"caption\":\"Virtual Local Phone Numbers\"},\"image\":{\"@id\":\"https:\\\/\\\/virtnum.com\\\/#\\\/schema\\\/logo\\\/image\\\/\"}}]}<\/script>\n<!-- \/ Yoast SEO plugin. -->","yoast_head_json":{"title":"Kay\u0131t\/do\u011frulama i\u00e7in tek kullan\u0131ml\u0131k (ge\u00e7ici) telefon numaralar\u0131 sat\u0131n al\u0131n","description":"Kay\u0131t\/do\u011frulama i\u00e7in tek kullan\u0131ml\u0131k (ge\u00e7ici) telefon numaralar\u0131 sat\u0131n al\u0131n","robots":{"index":"index","follow":"follow","max-snippet":"max-snippet:-1","max-image-preview":"max-image-preview:large","max-video-preview":"max-video-preview:-1"},"canonical":"https:\/\/virtnum.com\/tr\/disposable\/","og_locale":"tr_TR","og_type":"article","og_title":"Buy disposable (temporary) phone numbers for registration\/verification","og_description":"Buy disposable (temporary) phone numbers for registration\/verification","og_url":"https:\/\/virtnum.com\/tr\/disposable\/","og_site_name":"Virtual Local Phone Numbers","article_modified_time":"2024-11-13T01:23:01+00:00","twitter_card":"summary_large_image","twitter_misc":{"Tahmini okuma s\u00fcresi":"5 dakika"},"schema":{"@context":"https:\/\/schema.org","@graph":[{"@type":"WebPage","@id":"https:\/\/virtnum.com\/disposable\/","url":"https:\/\/virtnum.com\/disposable\/","name":"Kay\u0131t\/do\u011frulama i\u00e7in tek kullan\u0131ml\u0131k (ge\u00e7ici) telefon numaralar\u0131 sat\u0131n al\u0131n","isPartOf":{"@id":"https:\/\/virtnum.com\/#website"},"datePublished":"2022-11-14T08:21:47+00:00","dateModified":"2024-11-13T01:23:01+00:00","description":"Kay\u0131t\/do\u011frulama i\u00e7in tek kullan\u0131ml\u0131k (ge\u00e7ici) telefon numaralar\u0131 sat\u0131n al\u0131n","inLanguage":"tr","potentialAction":[{"@type":"ReadAction","target":["https:\/\/virtnum.com\/disposable\/"]}]},{"@type":"WebSite","@id":"https:\/\/virtnum.com\/#website","url":"https:\/\/virtnum.com\/","name":"Sanal Yerel Telefon Numaralar\u0131","description":"Sanal Telefon Numaralar\u0131 Sat\u0131n Al\u0131n | DID Numaralar\u0131 | VoIP Numaralar\u0131 | \u00dccretsiz Numaralar | SIP, VOIP, PBX, Mobil veya Sabit Telefonlara \u00c7a\u011fr\u0131 Y\u00f6nlendirme","publisher":{"@id":"https:\/\/virtnum.com\/#organization"},"potentialAction":[{"@type":"SearchAction","target":{"@type":"EntryPoint","urlTemplate":"https:\/\/virtnum.com\/?s={search_term_string}"},"query-input":{"@type":"PropertyValueSpecification","valueRequired":true,"valueName":"search_term_string"}}],"inLanguage":"tr"},{"@type":"Organization","@id":"https:\/\/virtnum.com\/#organization","name":"Sanal Yerel Telefon Numaralar\u0131","url":"https:\/\/virtnum.com\/","logo":{"@type":"ImageObject","inLanguage":"tr","@id":"https:\/\/virtnum.com\/#\/schema\/logo\/image\/","url":"https:\/\/virtnum.com\/wp-content\/uploads\/2022\/12\/logo-1.png","contentUrl":"https:\/\/virtnum.com\/wp-content\/uploads\/2022\/12\/logo-1.png","width":420,"height":165,"caption":"Virtual Local Phone Numbers"},"image":{"@id":"https:\/\/virtnum.com\/#\/schema\/logo\/image\/"}}]}},"_links":{"self":[{"href":"https:\/\/virtnum.com\/tr\/wp-json\/wp\/v2\/pages\/467","targetHints":{"allow":["GET"]}}],"collection":[{"href":"https:\/\/virtnum.com\/tr\/wp-json\/wp\/v2\/pages"}],"about":[{"href":"https:\/\/virtnum.com\/tr\/wp-json\/wp\/v2\/types\/page"}],"author":[{"embeddable":true,"href":"https:\/\/virtnum.com\/tr\/wp-json\/wp\/v2\/users\/1"}],"replies":[{"embeddable":true,"href":"https:\/\/virtnum.com\/tr\/wp-json\/wp\/v2\/comments?post=467"}],"version-history":[{"count":12,"href":"https:\/\/virtnum.com\/tr\/wp-json\/wp\/v2\/pages\/467\/revisions"}],"predecessor-version":[{"id":890,"href":"https:\/\/virtnum.com\/tr\/wp-json\/wp\/v2\/pages\/467\/revisions\/890"}],"wp:attachment":[{"href":"https:\/\/virtnum.com\/tr\/wp-json\/wp\/v2\/media?parent=467"}],"curies":[{"name":"wp","href":"https:\/\/api.w.org\/{rel}","templated":true}]}}