{"id":598,"date":"2023-01-11T14:24:20","date_gmt":"2023-01-11T10:24:20","guid":{"rendered":"https:\/\/virtnum.com\/?page_id=598"},"modified":"2026-04-15T01:01:40","modified_gmt":"2026-04-14T21:01:40","slug":"privacy-policy","status":"publish","type":"page","link":"https:\/\/virtnum.com\/tr\/privacy-policy\/","title":{"rendered":"Gizlilik Politikas\u0131"},"content":{"rendered":"<p>Virtnum.com&#039;da (Beta company sp. z oo, REGON 146444560), ki\u015fisel verilerinizin korunmas\u0131n\u0131 ciddiye al\u0131yoruz. Bu politika, Genel Veri Koruma Y\u00f6netmeli\u011fi (GDPR) ve di\u011fer ge\u00e7erli veri koruma y\u00f6nergelerine tam uyum i\u00e7inde bilgilerinizi nas\u0131l i\u015fledi\u011fimizi a\u00e7\u0131klamaktad\u0131r.<\/p>\n\n\n\n<p>Bu politika, Virtnum.com web sitesi ve m\u00fc\u015fteri portal\u0131 arac\u0131l\u0131\u011f\u0131yla sunulan t\u00fcm hizmetler i\u00e7in ge\u00e7erlidir.<\/p>\n\n\n\n<h2 class=\"wp-block-heading\">1. Toplad\u0131\u011f\u0131m\u0131z Ki\u015fisel Veriler<\/h2>\n\n\n\n<p>A\u015fa\u011f\u0131daki t\u00fcrdeki ki\u015fisel verileri topluyor ve i\u015fliyoruz:<\/p>\n\n\n\n<ul class=\"wp-block-list\">\n<li><strong>\u0130leti\u015fim bilgileri:<\/strong>\u00a0ad, e-posta, telefon numaras\u0131, \u00fclke, \u015firket ad\u0131<\/li>\n\n\n\n<li><strong>Hesap bilgileri:<\/strong>\u00a0Giri\u015f e-postas\u0131, \u00fc\u00e7\u00fcnc\u00fc taraf kimlik do\u011frulama kimli\u011fi (\u00f6rne\u011fin, Google)<\/li>\n\n\n\n<li><strong>Faturalama ve i\u015flem verileri:<\/strong>\u00a0faturalar, \u00f6demeler, \u00f6deme y\u00f6ntemleri<\/li>\n\n\n\n<li><strong>Kimlik belgeleri:<\/strong>\u00a0Kimlik\/pasaport taramalar\u0131, adres kan\u0131t\u0131, kimlikle \u00e7ekilmi\u015f \u00f6z\u00e7ekimler (KYC i\u00e7in)<\/li>\n\n\n\n<li><strong>Hizmet verileri:<\/strong>\u00a0Sanal numara kullan\u0131m\u0131, \u00e7a\u011fr\u0131\/SMS y\u00f6nlendirme ayarlar\u0131, zaman damgalar\u0131 ve IP adresleri<\/li>\n\n\n\n<li><strong>\u0130leti\u015fim verileri:<\/strong>\u00a0sohbet mesajlar\u0131, destek talepleri, e-posta etkile\u015fimleri<\/li>\n<\/ul>\n\n\n\n<h2 class=\"wp-block-heading\">2. Kulland\u0131\u011f\u0131m\u0131z \u00dc\u00e7\u00fcnc\u00fc Taraf Hizmetleri<\/h2>\n\n\n\n<p>Verilerinizi bizim ad\u0131m\u0131za i\u015fleyebilecek g\u00fcvenilir \u00fc\u00e7\u00fcnc\u00fc taraf hizmet sa\u011flay\u0131c\u0131lar\u0131yla \u00e7al\u0131\u015f\u0131yoruz. A\u015fa\u011f\u0131da bu sa\u011flay\u0131c\u0131lar\u0131n kategorileri ve isimleri yer almaktad\u0131r:<\/p>\n\n\n\n<h3 class=\"wp-block-heading\">2.1 Analitik ve Kullan\u0131c\u0131 Takibi<\/h3>\n\n\n\n<p>Bu ara\u00e7lar, site performans\u0131n\u0131 izlememize ve kullan\u0131labilirli\u011fi iyile\u015ftirmemize yard\u0131mc\u0131 olur:<\/p>\n\n\n\n<ul class=\"wp-block-list\">\n<li>Google Analytics<\/li>\n\n\n\n<li>Google Etiket Y\u00f6neticisi<\/li>\n\n\n\n<li>Microsoft Clarity (oturum kayd\u0131 ve \u0131s\u0131 haritalar\u0131)<\/li>\n\n\n\n<li>Facebook Analiti\u011fi<\/li>\n\n\n\n<li>Bing Analiti\u011fi<\/li>\n<\/ul>\n\n\n\n<p><strong>Toplanan veriler:<\/strong>&nbsp;\u00c7erezler, oturum davran\u0131\u015f\u0131, IP adresi, ziyaret edilen sayfalar, cihaz bilgileri.<\/p>\n\n\n\n<h3 class=\"wp-block-heading\">2.2 M\u00fc\u015fteri Deste\u011fi ve \u0130leti\u015fimi<\/h3>\n\n\n\n<ul class=\"wp-block-list\">\n<li>HelpCrunch (canl\u0131 sohbet ve destek bileti sistemi)<\/li>\n\n\n\n<li>E-posta ve ileti\u015fim formu g\u00f6nderimleri WordPress arka ucu \u00fczerinden i\u015flenir.<\/li>\n<\/ul>\n\n\n\n<p><strong>Toplanan veriler:<\/strong>&nbsp;Mesajlar, ileti\u015fim bilgileri, IP adresi, destek ge\u00e7mi\u015fi.<\/p>\n\n\n\n<h3 class=\"wp-block-heading\">2.3 E-posta Pazarlamas\u0131<\/h3>\n\n\n\n<ul class=\"wp-block-list\">\n<li>Mailchimp \u2014 e-posta b\u00fcltenleri, i\u015flem g\u00fcncellemeleri ve promosyonlar i\u00e7in.<\/li>\n<\/ul>\n\n\n\n<p><strong>Toplanan veriler:<\/strong>&nbsp;E-posta adresi, ad (verildiyse), etkile\u015fim verileri (a\u00e7\u0131lmalar, t\u0131klamalar).<\/p>\n\n\n\n<h3 class=\"wp-block-heading\">2.4 Kimlik Do\u011frulama ve Hesap Eri\u015fimi<\/h3>\n\n\n\n<ul class=\"wp-block-list\">\n<li>Google OAuth \u2014 Google \u00fczerinden sosyal giri\u015f i\u00e7in<\/li>\n\n\n\n<li>WordPress&#039;in yerle\u015fik kimlik do\u011frulama sistemi \u2014 web sitesinde hesap eri\u015fimi i\u00e7in<\/li>\n<\/ul>\n\n\n\n<h3 class=\"wp-block-heading\">2.5 \u00d6demeler ve Faturalama<\/h3>\n\n\n\n<p>\u00d6demeleri a\u015fa\u011f\u0131daki y\u00f6ntemlerle g\u00fcvenli bir \u015fekilde i\u015fliyoruz:<\/p>\n\n\n\n<ul class=\"wp-block-list\">\n<li>Stripe \u2014 kredi\/banka kart\u0131 i\u015flemleri i\u00e7in<\/li>\n\n\n\n<li>PayPal \u2014 c\u00fczdan ve k\u00fcresel \u00f6deme i\u015flemleri i\u00e7in<\/li>\n<\/ul>\n\n\n\n<p><strong>Not:<\/strong>&nbsp;Kart bilgileriniz bizde saklanmaz. T\u00fcm \u00f6deme verileri \u015fifrelenmi\u015f \u00f6deme a\u011f ge\u00e7itleri arac\u0131l\u0131\u011f\u0131yla g\u00fcvenli bir \u015fekilde i\u015flenir.<\/p>\n\n\n\n<h3 class=\"wp-block-heading\">2.6 Bar\u0131nd\u0131rma ve Performans Optimizasyonu<\/h3>\n\n\n\n<ul class=\"wp-block-list\">\n<li>NitroPack \u2014 \u00f6nbellekleme, h\u0131z ve performans optimizasyonu i\u00e7in<\/li>\n\n\n\n<li>Namecheap \u2014 alan ad\u0131 ve hosting sa\u011flay\u0131c\u0131s\u0131<\/li>\n<\/ul>\n\n\n\n<h2 class=\"wp-block-heading\">3. Bilgilerinizin Kullan\u0131m\u0131<\/h2>\n\n\n\n<p>Ki\u015fisel verileriniz \u015fu ama\u00e7larla kullan\u0131lmaktad\u0131r:<\/p>\n\n\n\n<ul class=\"wp-block-list\">\n<li>Hesab\u0131n\u0131z\u0131 sa\u011flay\u0131n ve y\u00f6netin.<\/li>\n\n\n\n<li>Hizmetlerimizi sunmak ve geli\u015ftirmek (sanal numaralar, SMS y\u00f6nlendirme, IVR, vb.)<\/li>\n\n\n\n<li>\u00d6demeleri i\u015fleyin ve faturalar\u0131 olu\u015fturun.<\/li>\n\n\n\n<li>Kimlik do\u011frulama (mevcut mevzuata uygunluk amac\u0131yla)<\/li>\n\n\n\n<li>Sorular\u0131n\u0131za yan\u0131t verin ve destek sa\u011flay\u0131n.<\/li>\n\n\n\n<li>Hizmet g\u00fcncellemeleri ve pazarlama mesajlar\u0131 g\u00f6nderece\u011fiz (yaln\u0131zca sizin onay\u0131n\u0131zla).<\/li>\n\n\n\n<li>Site performans\u0131n\u0131 ve kullan\u0131m modellerini izleyin.<\/li>\n<\/ul>\n\n\n\n<h2 class=\"wp-block-heading\">4. \u0130\u015flemenin Yasal Dayana\u011f\u0131<\/h2>\n\n\n\n<p>Verilerinizi a\u015fa\u011f\u0131daki yasal dayanaklardan bir veya daha fazlas\u0131 kapsam\u0131nda i\u015fliyoruz:<\/p>\n\n\n\n<ul class=\"wp-block-list\">\n<li>Onay\u0131n\u0131z<\/li>\n\n\n\n<li>S\u00f6zle\u015fmesel zorunluluk (\u00f6rne\u011fin, talep etti\u011finiz hizmetlerin sunulmas\u0131)<\/li>\n\n\n\n<li>Yasal y\u00fck\u00fcml\u00fcl\u00fcklere uyum<\/li>\n\n\n\n<li>Me\u015fru \u00e7\u0131karlar\u0131m\u0131z (\u00f6rne\u011fin, g\u00fcvenlik, doland\u0131r\u0131c\u0131l\u0131\u011f\u0131n \u00f6nlenmesi)<\/li>\n<\/ul>\n\n\n\n<h2 class=\"wp-block-heading\">5. Veri Payla\u015f\u0131m\u0131 ve A\u00e7\u0131klama<\/h2>\n\n\n\n<p>Verilerinizi satm\u0131yoruz. Verilerinizi yaln\u0131zca \u015fu durumlarda payla\u015f\u0131yoruz:<\/p>\n\n\n\n<ul class=\"wp-block-list\">\n<li>Hizmet sunmak i\u00e7in gerekli (\u00f6rne\u011fin, \u00f6deme veya bar\u0131nd\u0131rma sa\u011flay\u0131c\u0131lar\u0131yla)<\/li>\n\n\n\n<li>Kanun veya d\u00fczenleyici makamlar taraf\u0131ndan zorunlu k\u0131l\u0131nm\u0131\u015ft\u0131r.<\/li>\n\n\n\n<li>Doland\u0131r\u0131c\u0131l\u0131\u011f\u0131 \u00f6nleme veya g\u00fcvenlik amac\u0131yla gereklidir.<\/li>\n<\/ul>\n\n\n\n<p>T\u00fcm \u00fc\u00e7\u00fcnc\u00fc taraf veri i\u015fleyicileri, s\u0131k\u0131 veri koruma anla\u015fmalar\u0131na tabidir.<\/p>\n\n\n\n<h2 class=\"wp-block-heading\">6. Veri Depolama ve Saklama<\/h2>\n\n\n\n<p>Verileriniz g\u00fcvenli bir \u015fekilde saklan\u0131r ve yaln\u0131zca yukar\u0131da belirtilen ama\u00e7lar\u0131 yerine getirmek i\u00e7in veya kanun gerektirdi\u011fi s\u00fcrece muhafaza edilir. Daha sonra anonimle\u015ftirilir veya silinir.<\/p>\n\n\n\n<h2 class=\"wp-block-heading\">7. \u00c7erezler ve \u0130zleme<\/h2>\n\n\n\n<p>\u00c7erezleri \u015fu ama\u00e7larla kullan\u0131yoruz:<\/p>\n\n\n\n<ul class=\"wp-block-list\">\n<li>Kullan\u0131c\u0131 tercihlerini hat\u0131rla<\/li>\n\n\n\n<li>Site i\u015flevselli\u011fini etkinle\u015ftirin<\/li>\n\n\n\n<li>Trafik ve davran\u0131\u015f analizini ger\u00e7ekle\u015ftirin (kullan\u0131c\u0131 onay\u0131yla).<\/li>\n\n\n\n<li>Ki\u015fiselle\u015ftirilmi\u015f i\u00e7erik veya pazarlama materyalleri sunmak (yaln\u0131zca onay\u0131n\u0131z ile)<\/li>\n<\/ul>\n\n\n\n<p>\u00c7erezleri taray\u0131c\u0131 ayarlar\u0131n\u0131z veya onay banner&#039;\u0131 arac\u0131l\u0131\u011f\u0131yla kontrol edebilirsiniz.<\/p>\n\n\n\n<h2 class=\"wp-block-heading\">8. Haklar\u0131n\u0131z (GDPR)<\/h2>\n\n\n\n<p>GDPR kapsam\u0131nda a\u015fa\u011f\u0131daki haklara sahipsiniz:<\/p>\n\n\n\n<ul class=\"wp-block-list\">\n<li>Ki\u015fisel verilerinize eri\u015fim<\/li>\n\n\n\n<li>Bilgilerinizi d\u00fczeltin veya g\u00fcncelleyin.<\/li>\n\n\n\n<li>Veri silme talebi (\u201cunutulma hakk\u0131\u201d)<\/li>\n\n\n\n<li>\u0130\u015flemeyi k\u0131s\u0131tla veya itiraz et<\/li>\n\n\n\n<li>Onay\u0131n\u0131z\u0131 istedi\u011finiz zaman geri \u00e7ekebilirsiniz.<\/li>\n\n\n\n<li>Veri ta\u015f\u0131nabilirli\u011fi<\/li>\n\n\n\n<li>Veri koruma otoritesine \u015fikayette bulunun.<\/li>\n<\/ul>\n\n\n\n<p>Bu haklar\u0131n\u0131z\u0131 kullanmak i\u00e7in l\u00fctfen bizimle ileti\u015fime ge\u00e7in:\u00a0<a href=\"mailto:info@virtnum.com\">info@virtnum.com<\/a><\/p>\n\n\n\n<h2 class=\"wp-block-heading\">9. Veri G\u00fcvenli\u011fi<\/h2>\n\n\n\n<p>Verilerinizi yetkisiz eri\u015fime, if\u015faya, de\u011fi\u015fikli\u011fe veya yok edilmeye kar\u015f\u0131 korumak i\u00e7in sekt\u00f6r standard\u0131 teknik ve organizasyonel \u00f6nlemler uyguluyoruz. Bu \u00f6nlemler aras\u0131nda \u015fifreleme, g\u00fcvenli sunucular ve eri\u015fim kontrol\u00fc yer almaktad\u0131r.<\/p>\n\n\n\n<h2 class=\"wp-block-heading\">10. Politika G\u00fcncellemeleri<\/h2>\n\n\n\n<p>Bu Gizlilik Politikas\u0131n\u0131 zaman zaman g\u00fcncelleyebiliriz. \u00d6nemli de\u011fi\u015fiklikler web sitesi bildirimi veya e-posta yoluyla iletilecektir. En g\u00fcncel s\u00fcr\u00fcm her zaman bu sayfada mevcuttur.<\/p>\n\n\n\n<h2 class=\"wp-block-heading\">11. Bize Ula\u015f\u0131n<\/h2>\n\n\n\n<p><strong>Veri Sorumlusu:<\/strong><br>Beta Company Sp. z oo.<br><strong>E-posta:<\/strong>&nbsp;<a href=\"mailto:info@betacompany.net\">info@betacompany.net<\/a><\/p>\n\n\n\n<p>Bu Gizlilik Politikas\u0131 veya verilerinizle ilgili herhangi bir sorunuz veya talebiniz varsa, l\u00fctfen bizimle ileti\u015fime ge\u00e7mekten \u00e7ekinmeyin.<\/p>","protected":false},"excerpt":{"rendered":"<p>Virtnum.com&#039;da (Beta company sp. z oo, REGON 146444560), ki\u015fisel verilerinizin korunmas\u0131n\u0131 ciddiye al\u0131yoruz. Bu politika, bilgilerinizi nas\u0131l i\u015fledi\u011fimizi a\u00e7\u0131klamaktad\u0131r\u2026<\/p>","protected":false},"author":1,"featured_media":0,"parent":0,"menu_order":0,"comment_status":"closed","ping_status":"closed","template":"","meta":{"_acf_changed":false,"footnotes":""},"class_list":["post-598","page","type-page","status-publish","hentry"],"acf":[],"yoast_head":"<!-- This site is optimized with the Yoast SEO plugin v27.4 - https:\/\/yoast.com\/product\/yoast-seo-wordpress\/ -->\n<title>Privacy Policy - Virtnum.com<\/title>\n<meta name=\"description\" content=\"Privacy Policy - Virtnum.com\" \/>\n<meta name=\"robots\" content=\"index, follow, max-snippet:-1, max-image-preview:large, max-video-preview:-1\" \/>\n<link rel=\"canonical\" href=\"https:\/\/virtnum.com\/tr\/privacy-policy\/\" \/>\n<meta property=\"og:locale\" content=\"tr_TR\" \/>\n<meta property=\"og:type\" content=\"article\" \/>\n<meta property=\"og:title\" content=\"Privacy Policy - Virtnum.com\" \/>\n<meta property=\"og:description\" content=\"Privacy Policy - Virtnum.com\" \/>\n<meta property=\"og:url\" content=\"https:\/\/virtnum.com\/tr\/privacy-policy\/\" \/>\n<meta property=\"og:site_name\" content=\"Virtual Local Phone Numbers\" \/>\n<meta property=\"article:modified_time\" content=\"2026-04-14T21:01:40+00:00\" \/>\n<meta name=\"twitter:card\" content=\"summary_large_image\" \/>\n<meta name=\"twitter:label1\" content=\"Tahmini okuma s\u00fcresi\" \/>\n\t<meta name=\"twitter:data1\" content=\"4 dakika\" \/>\n<script type=\"application\/ld+json\" class=\"yoast-schema-graph\">{\"@context\":\"https:\\\/\\\/schema.org\",\"@graph\":[{\"@type\":\"WebPage\",\"@id\":\"https:\\\/\\\/virtnum.com\\\/privacy-policy\\\/\",\"url\":\"https:\\\/\\\/virtnum.com\\\/privacy-policy\\\/\",\"name\":\"Privacy Policy - Virtnum.com\",\"isPartOf\":{\"@id\":\"https:\\\/\\\/virtnum.com\\\/#website\"},\"datePublished\":\"2023-01-11T10:24:20+00:00\",\"dateModified\":\"2026-04-14T21:01:40+00:00\",\"description\":\"Privacy Policy - Virtnum.com\",\"inLanguage\":\"tr\",\"potentialAction\":[{\"@type\":\"ReadAction\",\"target\":[\"https:\\\/\\\/virtnum.com\\\/privacy-policy\\\/\"]}]},{\"@type\":\"WebSite\",\"@id\":\"https:\\\/\\\/virtnum.com\\\/#website\",\"url\":\"https:\\\/\\\/virtnum.com\\\/\",\"name\":\"Virtual Local Phone Numbers\",\"description\":\"Buy Virtual Phone Numbers | DID Numbers | VoIP Numbers | Toll-free Numbers | Call forwarding to SIP, VOIP, PBX, Mobile or Fixed Phones\",\"publisher\":{\"@id\":\"https:\\\/\\\/virtnum.com\\\/#organization\"},\"potentialAction\":[{\"@type\":\"SearchAction\",\"target\":{\"@type\":\"EntryPoint\",\"urlTemplate\":\"https:\\\/\\\/virtnum.com\\\/?s={search_term_string}\"},\"query-input\":{\"@type\":\"PropertyValueSpecification\",\"valueRequired\":true,\"valueName\":\"search_term_string\"}}],\"inLanguage\":\"tr\"},{\"@type\":\"Organization\",\"@id\":\"https:\\\/\\\/virtnum.com\\\/#organization\",\"name\":\"Virtual Local Phone Numbers\",\"url\":\"https:\\\/\\\/virtnum.com\\\/\",\"logo\":{\"@type\":\"ImageObject\",\"inLanguage\":\"tr\",\"@id\":\"https:\\\/\\\/virtnum.com\\\/#\\\/schema\\\/logo\\\/image\\\/\",\"url\":\"https:\\\/\\\/virtnum.com\\\/wp-content\\\/uploads\\\/2022\\\/12\\\/logo-1.png\",\"contentUrl\":\"https:\\\/\\\/virtnum.com\\\/wp-content\\\/uploads\\\/2022\\\/12\\\/logo-1.png\",\"width\":420,\"height\":165,\"caption\":\"Virtual Local Phone Numbers\"},\"image\":{\"@id\":\"https:\\\/\\\/virtnum.com\\\/#\\\/schema\\\/logo\\\/image\\\/\"}}]}<\/script>\n<!-- \/ Yoast SEO plugin. -->","yoast_head_json":{"title":"Gizlilik Politikas\u0131 - Virtnum.com","description":"Gizlilik Politikas\u0131 - Virtnum.com","robots":{"index":"index","follow":"follow","max-snippet":"max-snippet:-1","max-image-preview":"max-image-preview:large","max-video-preview":"max-video-preview:-1"},"canonical":"https:\/\/virtnum.com\/tr\/privacy-policy\/","og_locale":"tr_TR","og_type":"article","og_title":"Privacy Policy - Virtnum.com","og_description":"Privacy Policy - Virtnum.com","og_url":"https:\/\/virtnum.com\/tr\/privacy-policy\/","og_site_name":"Virtual Local Phone Numbers","article_modified_time":"2026-04-14T21:01:40+00:00","twitter_card":"summary_large_image","twitter_misc":{"Tahmini okuma s\u00fcresi":"4 dakika"},"schema":{"@context":"https:\/\/schema.org","@graph":[{"@type":"WebPage","@id":"https:\/\/virtnum.com\/privacy-policy\/","url":"https:\/\/virtnum.com\/privacy-policy\/","name":"Gizlilik Politikas\u0131 - Virtnum.com","isPartOf":{"@id":"https:\/\/virtnum.com\/#website"},"datePublished":"2023-01-11T10:24:20+00:00","dateModified":"2026-04-14T21:01:40+00:00","description":"Gizlilik Politikas\u0131 - Virtnum.com","inLanguage":"tr","potentialAction":[{"@type":"ReadAction","target":["https:\/\/virtnum.com\/privacy-policy\/"]}]},{"@type":"WebSite","@id":"https:\/\/virtnum.com\/#website","url":"https:\/\/virtnum.com\/","name":"Sanal Yerel Telefon Numaralar\u0131","description":"Sanal Telefon Numaralar\u0131 Sat\u0131n Al\u0131n | DID Numaralar\u0131 | VoIP Numaralar\u0131 | \u00dccretsiz Numaralar | SIP, VOIP, PBX, Mobil veya Sabit Telefonlara \u00c7a\u011fr\u0131 Y\u00f6nlendirme","publisher":{"@id":"https:\/\/virtnum.com\/#organization"},"potentialAction":[{"@type":"SearchAction","target":{"@type":"EntryPoint","urlTemplate":"https:\/\/virtnum.com\/?s={search_term_string}"},"query-input":{"@type":"PropertyValueSpecification","valueRequired":true,"valueName":"search_term_string"}}],"inLanguage":"tr"},{"@type":"Organization","@id":"https:\/\/virtnum.com\/#organization","name":"Sanal Yerel Telefon Numaralar\u0131","url":"https:\/\/virtnum.com\/","logo":{"@type":"ImageObject","inLanguage":"tr","@id":"https:\/\/virtnum.com\/#\/schema\/logo\/image\/","url":"https:\/\/virtnum.com\/wp-content\/uploads\/2022\/12\/logo-1.png","contentUrl":"https:\/\/virtnum.com\/wp-content\/uploads\/2022\/12\/logo-1.png","width":420,"height":165,"caption":"Virtual Local Phone Numbers"},"image":{"@id":"https:\/\/virtnum.com\/#\/schema\/logo\/image\/"}}]}},"_links":{"self":[{"href":"https:\/\/virtnum.com\/tr\/wp-json\/wp\/v2\/pages\/598","targetHints":{"allow":["GET"]}}],"collection":[{"href":"https:\/\/virtnum.com\/tr\/wp-json\/wp\/v2\/pages"}],"about":[{"href":"https:\/\/virtnum.com\/tr\/wp-json\/wp\/v2\/types\/page"}],"author":[{"embeddable":true,"href":"https:\/\/virtnum.com\/tr\/wp-json\/wp\/v2\/users\/1"}],"replies":[{"embeddable":true,"href":"https:\/\/virtnum.com\/tr\/wp-json\/wp\/v2\/comments?post=598"}],"version-history":[{"count":2,"href":"https:\/\/virtnum.com\/tr\/wp-json\/wp\/v2\/pages\/598\/revisions"}],"predecessor-version":[{"id":962,"href":"https:\/\/virtnum.com\/tr\/wp-json\/wp\/v2\/pages\/598\/revisions\/962"}],"wp:attachment":[{"href":"https:\/\/virtnum.com\/tr\/wp-json\/wp\/v2\/media?parent=598"}],"curies":[{"name":"wp","href":"https:\/\/api.w.org\/{rel}","templated":true}]}}