{"id":683,"date":"2023-03-22T13:30:03","date_gmt":"2023-03-22T09:30:03","guid":{"rendered":"https:\/\/virtnum.com\/?page_id=683"},"modified":"2023-03-22T15:41:14","modified_gmt":"2023-03-22T11:41:14","slug":"mobile-proxies","status":"publish","type":"page","link":"https:\/\/virtnum.com\/tr\/mobile-proxies\/","title":{"rendered":"Mobil proxy&#039;ler"},"content":{"rendered":"<div class=\"wp-block-image is-style-rounded\">\n<figure class=\"alignright size-large is-resized\"><img loading=\"lazy\" decoding=\"async\" src=\"https:\/\/virtnum.com\/wp-content\/uploads\/2023\/03\/mobile-proxies-1-1024x1024.jpg\" alt=\"Mobil proxy&#039;ler\" class=\"wp-image-697\" width=\"256\" height=\"256\" srcset=\"https:\/\/virtnum.com\/wp-content\/uploads\/2023\/03\/mobile-proxies-1.jpg 1024w, https:\/\/virtnum.com\/wp-content\/uploads\/2023\/03\/mobile-proxies-1-300x300.jpg 300w, https:\/\/virtnum.com\/wp-content\/uploads\/2023\/03\/mobile-proxies-1-150x150.jpg 150w, https:\/\/virtnum.com\/wp-content\/uploads\/2023\/03\/mobile-proxies-1-768x768.jpg 768w\" sizes=\"auto, (max-width: 256px) 100vw, 256px\" \/><\/figure>\n<\/div>\n\n\n<p>Mobil proxy&#039;ler, kullan\u0131c\u0131lar\u0131n internete anonim olarak eri\u015fmesini ve internet trafi\u011fini ak\u0131ll\u0131 telefonlar veya tabletler gibi mobil cihazlar \u00fczerinden y\u00f6nlendirmesini sa\u011flayan bir t\u00fcr arac\u0131 sunucudur. Her cihaza benzersiz bir IP adresi atayarak bir koruma katman\u0131 sa\u011flarlar; bu, kullan\u0131c\u0131 cihazlar ve a\u011flar aras\u0131nda ge\u00e7i\u015f yapt\u0131k\u00e7a de\u011fi\u015febilir ve web sitelerinin ve \u00e7evrimi\u00e7i hizmetlerin \u00e7evrimi\u00e7i aktivitelerini izlemesini zorla\u015ft\u0131r\u0131r.<\/p>\n\n\n\n<p>Mobil proxy&#039;ler, g\u00fcvenli ve anonim internet eri\u015fimi gerektiren kullan\u0131c\u0131lar i\u00e7in \u00e7e\u015fitli avantajlar sunar. Co\u011frafi konum veya di\u011fer yollarla k\u0131s\u0131tlanabilen veya engellenebilen konuma \u00f6zg\u00fc i\u00e7eriklere eri\u015fim sa\u011flarlar ve bu da onlar\u0131 bu t\u00fcr i\u00e7eriklere eri\u015fim gerektiren i\u015fletmeler ve bireyler i\u00e7in kullan\u0131\u015fl\u0131 bir ara\u00e7 haline getirir. Ayr\u0131ca kullan\u0131c\u0131n\u0131n \u00e7evrimi\u00e7i etkinli\u011fine ekstra bir g\u00fcvenlik katman\u0131 sa\u011flayarak bilgisayar korsanl\u0131\u011f\u0131na ve \u00e7evrimi\u00e7i g\u00fcvenlik tehditlerine kar\u015f\u0131 korumaya yard\u0131mc\u0131 olabilirler.<\/p>\n\n\n\n<p>Genel olarak, mobil proxy&#039;ler \u00e7evrimi\u00e7i tarama ve veri korumas\u0131 i\u00e7in giderek daha pop\u00fcler bir ara\u00e7t\u0131r. \u00c7evrimi\u00e7i gizlilik ve g\u00fcvenli\u011fin artan \u00f6nemiyle birlikte, mobil proxy&#039;ler g\u00fcvenli, anonim ve konuma \u00f6zg\u00fc internet eri\u015fimi gerektiren i\u015fletmeler ve bireyler i\u00e7in olmazsa olmaz hale gelmi\u015ftir.<\/p>\n\n\n\n<h2 class=\"wp-block-heading\">\u0130\u015fte mobil proxy&#039;lerin \u00e7evrimi\u00e7i i\u015fletmeler i\u00e7in oyunun kurallar\u0131n\u0131 de\u011fi\u015ftirmesinin nedenleri:<\/h2>\n\n\n<div class=\"wp-block-image is-style-rounded\">\n<figure class=\"alignright size-large is-resized\"><img loading=\"lazy\" decoding=\"async\" src=\"https:\/\/virtnum.com\/wp-content\/uploads\/2023\/03\/mobile-proxies-3-1024x1024.jpg\" alt=\"Mobil proxy sat\u0131n al\" class=\"wp-image-699\" width=\"256\" height=\"256\" srcset=\"https:\/\/virtnum.com\/wp-content\/uploads\/2023\/03\/mobile-proxies-3.jpg 1024w, https:\/\/virtnum.com\/wp-content\/uploads\/2023\/03\/mobile-proxies-3-300x300.jpg 300w, https:\/\/virtnum.com\/wp-content\/uploads\/2023\/03\/mobile-proxies-3-150x150.jpg 150w, https:\/\/virtnum.com\/wp-content\/uploads\/2023\/03\/mobile-proxies-3-768x768.jpg 768w\" sizes=\"auto, (max-width: 256px) 100vw, 256px\" \/><\/figure>\n<\/div>\n\n\n<ol class=\"wp-block-list\">\n<li>Geli\u015fmi\u015f G\u00fcvenlik: Mobil proxy&#039;ler ek bir g\u00fcvenlik katman\u0131 sunar. Trafi\u011fi y\u00f6nlendirmek i\u00e7in mobil cihazlar\u0131 kullanarak, bilgisayar korsanlar\u0131n\u0131n ve di\u011fer siber su\u00e7lular\u0131n \u00e7evrimi\u00e7i etkinli\u011finizi izlemesi \u00e7ok daha zordur. Bu, i\u015fletmenizin hassas verilerini korumay\u0131 ve \u00e7evrimi\u00e7i varl\u0131klar\u0131n\u0131z\u0131 g\u00fcvende tutmay\u0131 kolayla\u015ft\u0131r\u0131r.<\/li>\n\n\n\n<li>Geli\u015fmi\u015f Performans: Mobil proxy&#039;ler, sunucular\u0131n\u0131zdaki y\u00fck\u00fc azaltarak \u00e7evrimi\u00e7i i\u015finizin performans\u0131n\u0131 iyile\u015ftirebilir. Bunun nedeni, mobil proxy&#039;lerin y\u00fck\u00fc farkl\u0131 cihazlar ve a\u011flar aras\u0131nda da\u011f\u0131tmaya yard\u0131mc\u0131 olabilmesi ve bunun sonucunda daha h\u0131zl\u0131 y\u00fckleme s\u00fcreleri ve daha iyi bir kullan\u0131c\u0131 deneyimi sa\u011flamas\u0131d\u0131r.<\/li>\n\n\n\n<li>Konuma \u00d6zel \u0130\u00e7eri\u011fe Eri\u015fim: Mobil proxy&#039;ler, normalde g\u00f6remeyece\u011finiz konuma \u00f6zel i\u00e7eri\u011fe eri\u015fmenizi sa\u011flayabilir. Bunun nedeni, mobil proxy&#039;lerin genellikle d\u00fcnyan\u0131n farkl\u0131 yerlerinde bulunan mobil cihazlar\u0131n IP adreslerini kullanmas\u0131d\u0131r. Bu, co\u011frafi olarak k\u0131s\u0131tlanm\u0131\u015f i\u00e7eri\u011fe eri\u015fmesi gereken veya web sitelerinin performans\u0131n\u0131 d\u00fcnyan\u0131n farkl\u0131 yerlerinde test etmek isteyen i\u015fletmeler i\u00e7in \u00f6zellikle yararl\u0131d\u0131r.<\/li>\n\n\n\n<li>Artt\u0131r\u0131lm\u0131\u015f Gizlilik: Mobil proxy&#039;ler, \u00e7evrimi\u00e7i etkinli\u011finizi bir mobil cihaz\u0131n IP adresinin arkas\u0131na gizleyerek daha fazla gizlilik sunar. Bu, \u00fc\u00e7\u00fcnc\u00fc taraf web sitelerinin ve reklam verenlerin \u00e7evrimi\u00e7i davran\u0131\u015f\u0131n\u0131z\u0131 izlemesini ve sizi reklamlarla hedeflemesini zorla\u015ft\u0131r\u0131r.<\/li>\n\n\n\n<li>Maliyet Etkin: Mobil proxy&#039;ler, ayn\u0131 anda birden fazla \u00e7evrimi\u00e7i kayna\u011fa eri\u015fmesi gereken i\u015fletmeler i\u00e7in maliyet etkin bir \u00e7\u00f6z\u00fcmd\u00fcr. Mobil proxy&#039;leri kullanarak, eri\u015fmeniz gereken her cihaz veya hizmet i\u00e7in ayr\u0131 veri planlar\u0131 sat\u0131n almak zorunda kalmaktan ka\u00e7\u0131nabilirsiniz.<\/li>\n<\/ol>\n\n\n\n<p>Sonu\u00e7 olarak, mobil proxy&#039;ler \u00e7evrimi\u00e7i i\u015fletmeler i\u00e7in oyunun kurallar\u0131n\u0131 de\u011fi\u015ftiriyor. Geli\u015fmi\u015f g\u00fcvenlik, iyile\u015ftirilmi\u015f performans, konuma \u00f6zg\u00fc i\u00e7eriklere eri\u015fim, art\u0131r\u0131lm\u0131\u015f gizlilik sunuyor ve uygun maliyetli bir \u00e7\u00f6z\u00fcm. \u00c7evrimi\u00e7i i\u015finizi bir \u00fcst seviyeye ta\u015f\u0131mak istiyorsan\u0131z, mobil proxy&#039;lere yat\u0131r\u0131m yapmay\u0131 d\u00fc\u015f\u00fcnmelisiniz.<\/p>\n\n\n\n<h2 class=\"wp-block-heading\">Mobil proxy&#039;lerin kullan\u0131m durumlar\u0131<\/h2>\n\n\n\n<h3 class=\"wp-block-heading\">Sneaker Botlama<\/h3>\n\n\n\n<blockquote class=\"wp-block-quote is-layout-flow wp-block-quote-is-layout-flow\">\n<p>Mobil proxy&#039;ler spor ayakkab\u0131 botlama i\u015fim i\u00e7in oyunun kurallar\u0131n\u0131 de\u011fi\u015ftirdi. Bot kar\u015f\u0131t\u0131 \u00f6nlemleri a\u015fmam\u0131 ve s\u0131n\u0131rl\u0131 say\u0131da \u00fcretilen spor ayakkab\u0131lar\u0131 kolayca sat\u0131n almam\u0131 sa\u011fl\u0131yorlar.<\/p>\n<cite>Spor ayakkab\u0131 sat\u0131c\u0131s\u0131 John, s\u0131n\u0131rl\u0131 say\u0131da \u00fcretilen spor ayakkab\u0131lar\u0131n sat\u0131n alma s\u00fcrecini otomatikle\u015ftirmek i\u00e7in mobil proxy&#039;leri kullan\u0131yor.<\/cite><\/blockquote>\n\n\n\n<h3 class=\"wp-block-heading\">Sosyal Medya Y\u00f6netimi<\/h3>\n\n\n\n<blockquote class=\"wp-block-quote is-layout-flow wp-block-quote-is-layout-flow\">\n<p>Mobil proxy&#039;ler i\u015fim i\u00e7in olmazsa olmaz. Platformun g\u00fcvenlik \u00f6nlemleri taraf\u0131ndan engellenmeden birden fazla sosyal medya hesab\u0131n\u0131 y\u00f6netmemi sa\u011fl\u0131yorlar.<\/p>\n<cite>Sosyal medya y\u00f6neticisi Sarah, m\u00fc\u015fterilerinin birden fazla hesab\u0131n\u0131 y\u00f6netmek i\u00e7in mobil proxy&#039;leri kullan\u0131yor.<\/cite><\/blockquote>\n\n\n\n<p><\/p>\n\n\n\n<h3 class=\"wp-block-heading\">Pazar ara\u015ft\u0131rmas\u0131<\/h3>\n\n\n\n<blockquote class=\"wp-block-quote is-layout-flow wp-block-quote-is-layout-flow\">\n<p>Mobil proxy&#039;ler i\u015fimi \u00e7ok kolayla\u015ft\u0131rd\u0131. Web sitelerinin IP izleme sistemleri taraf\u0131ndan engellenmeden farkl\u0131 b\u00f6lgelerden veri toplamama olanak sa\u011fl\u0131yorlar.<\/p>\n<cite><em>Pazar ara\u015ft\u0131rmac\u0131s\u0131 Mark, web siteleri ve sosyal medya platformlar\u0131ndan veri toplamak i\u00e7in mobil proxy&#039;leri kullan\u0131yor.<\/em><\/cite><\/blockquote>\n\n\n\n<p> <\/p>\n\n\n\n<h3 class=\"wp-block-heading\">Reklam Do\u011frulamas\u0131<\/h3>\n\n\n\n<blockquote class=\"wp-block-quote is-layout-flow wp-block-quote-is-layout-flow\">\n<p>Mobil proxy&#039;ler reklam do\u011frulamas\u0131 i\u00e7in olmazsa olmaz bir ara\u00e7 haline geldi. Bot olarak i\u015faretlenmekten ka\u00e7\u0131nmama yard\u0131mc\u0131 oluyorlar ve reklamlar\u0131n do\u011fru \u015fekilde g\u00f6r\u00fcnt\u00fclenmesini sa\u011fl\u0131yorlar.<\/p>\n<cite>Reklam do\u011frulama uzman\u0131 Mike, \u00e7evrimi\u00e7i reklamlar\u0131n yerle\u015fimini ve i\u00e7eri\u011fini do\u011frulamak i\u00e7in mobil proxy&#039;leri kullan\u0131yor.<\/cite><\/blockquote>\n\n\n\n<p><\/p>\n\n\n\n<h3 class=\"wp-block-heading\">Seyahat Rezervasyonu<\/h3>\n\n\n\n<blockquote class=\"wp-block-quote is-layout-flow wp-block-quote-is-layout-flow\">\n<p>Mobil proxy&#039;ler seyahat acenteleri i\u00e7in olmazsa olmazd\u0131r. M\u00fc\u015fterilerim i\u00e7in para tasarrufu yapmama yard\u0131mc\u0131 olan konum bazl\u0131 f\u0131rsatlara ve indirimlere eri\u015fmemi sa\u011flarlar.<\/p>\n<cite><em>Seyahat acentesi olan Tina, konuma \u00f6zel f\u0131rsatlara ve indirimlere ula\u015fmak i\u00e7in mobil proxy&#039;leri kullan\u0131yor.<\/em><\/cite><\/blockquote>\n\n\n\n<h3 class=\"wp-block-heading\">\u0130\u00e7erik Olu\u015fturma<\/h3>\n\n\n\n<blockquote class=\"wp-block-quote is-layout-flow wp-block-quote-is-layout-flow\">\n<p>Mobil proxy&#039;ler, farkl\u0131 b\u00f6lgelerden \u00e7ok \u00e7e\u015fitli i\u00e7erik ilham\u0131na ula\u015fmam\u0131 sa\u011flad\u0131 ve bu da daha \u00e7e\u015fitli ve ilgi \u00e7ekici i\u00e7erikler olu\u015fturmama yard\u0131mc\u0131 oldu.<\/p>\n<cite><em>\u0130\u00e7erik \u00fcreticisi Carlos, farkl\u0131 b\u00f6lgelerden ilham almak i\u00e7in mobil proxy&#039;leri kullan\u0131yor.<\/em><\/cite><\/blockquote>\n\n\n\n<h3 class=\"wp-block-heading\">E-Ticaret<\/h3>\n\n\n\n<blockquote class=\"wp-block-quote is-layout-flow wp-block-quote-is-layout-flow\">\n<p>Mobil proxy&#039;ler e-ticaret i\u015fim i\u00e7in olmazsa olmaz bir ara\u00e7 haline geldi. Rekabet ara\u015ft\u0131rmas\u0131 ve fiyat kar\u015f\u0131la\u015ft\u0131rmalar\u0131 yapmama yard\u0131mc\u0131 oluyorlar, bu da rekabette \u00f6nde kalmam\u0131 sa\u011fl\u0131yor.<\/p>\n<cite><em>E-ticaret giri\u015fimcisi Emma, rekabet ara\u015ft\u0131rmas\u0131 ve fiyat kar\u015f\u0131la\u015ft\u0131rmalar\u0131 yapmak i\u00e7in mobil proxy&#039;leri kullan\u0131yor.<\/em><\/cite><\/blockquote>\n\n\n\n<h3 class=\"wp-block-heading\">Veri Madencili\u011fi<\/h3>\n\n\n\n<blockquote class=\"wp-block-quote is-layout-flow wp-block-quote-is-layout-flow\">\n<p>Mobil proxy&#039;ler i\u015fim i\u00e7in olmazsa olmaz bir ara\u00e7t\u0131r. Web sitelerinin IP izleme sistemleri taraf\u0131ndan engellenmeden farkl\u0131 b\u00f6lgelerden veri madencili\u011fi yapmama olanak tan\u0131rlar.<\/p>\n<cite><em>Veri analisti David, mobil proxy&#039;leri kullanarak farkl\u0131 web sitelerinden ve sosyal medya platformlar\u0131ndan veri topluyor.<\/em><\/cite><\/blockquote>\n\n\n\n<h3 class=\"wp-block-heading\">\u00c7evrimi\u00e7i Oyun<\/h3>\n\n\n\n<blockquote class=\"wp-block-quote is-layout-flow wp-block-quote-is-layout-flow\">\n<p>Mobil proxy&#039;ler ciddi \u00e7evrimi\u00e7i oyuncular i\u00e7in olmazsa olmaz bir ara\u00e7t\u0131r. Oyun sunucusu k\u0131s\u0131tlamalar\u0131n\u0131 a\u015fmama ve farkl\u0131 b\u00f6lgelere eri\u015fmeme olanak tan\u0131rlar, bu da rekabette \u00f6nde kalmama yard\u0131mc\u0131 olur.<\/p>\n<cite><em>\u00c7evrimi\u00e7i oyun oynayan Oliver, oyun sunucusu k\u0131s\u0131tlamalar\u0131n\u0131 a\u015fmak ve farkl\u0131 b\u00f6lgelere eri\u015fmek i\u00e7in mobil proxy&#039;leri kullan\u0131yor.<\/em><\/cite><\/blockquote>\n\n\n\n<h3 class=\"wp-block-heading\">Reklam Kampanyalar\u0131<\/h3>\n\n\n\n<blockquote class=\"wp-block-quote is-layout-flow wp-block-quote-is-layout-flow\">\n<p>Mobil proxy&#039;ler dijital pazarlama kampanyalar\u0131m i\u00e7in kritik bir ara\u00e7 haline geldi. Farkl\u0131 b\u00f6lgelerdeki reklam kampanyalar\u0131n\u0131 test etmemi sa\u011fl\u0131yorlar, bu da kampanyalar\u0131m\u0131 daha iyi performans i\u00e7in optimize etmeme yard\u0131mc\u0131 oluyor.<\/p>\n<cite><em>Dijital pazarlamac\u0131 Ava, farkl\u0131 b\u00f6lgelerdeki reklam kampanyalar\u0131n\u0131 test etmek i\u00e7in mobil proxy&#039;leri kullan\u0131yor.<\/em><\/cite><\/blockquote>\n\n\n\n<p>Genel olarak, mobil proxy&#039;lerin farkl\u0131 sekt\u00f6rlerde ve i\u015f rollerinde \u00e7ok say\u0131da uygulamas\u0131 vard\u0131r. \u0130ster spor ayakkab\u0131 sat\u0131c\u0131s\u0131, ister sosyal medya y\u00f6neticisi, pazar ara\u015ft\u0131rmac\u0131s\u0131, reklam do\u011frulama uzman\u0131, seyahat acentesi, i\u00e7erik olu\u015fturucu, e-ticaret giri\u015fimcisi, veri analisti, \u00e7evrimi\u00e7i oyuncu veya dijital pazarlamac\u0131 olun, mobil proxy&#039;ler rekabette \u00f6nde kalman\u0131za ve hedeflerinize ula\u015fman\u0131za yard\u0131mc\u0131 olabilir.<\/p>","protected":false},"excerpt":{"rendered":"<p>Mobil proxy&#039;ler, kullan\u0131c\u0131lar\u0131n internete anonim olarak eri\u015fmesini ve internet trafi\u011fini mobil cihazlar \u00fczerinden y\u00f6nlendirmesini sa\u011flayan bir t\u00fcr arac\u0131 sunucudur.<\/p>","protected":false},"author":1,"featured_media":0,"parent":0,"menu_order":0,"comment_status":"closed","ping_status":"closed","template":"","meta":{"_acf_changed":false,"footnotes":""},"class_list":["post-683","page","type-page","status-publish","hentry"],"acf":[],"yoast_head":"<!-- This site is optimized with the Yoast SEO plugin v27.4 - https:\/\/yoast.com\/product\/yoast-seo-wordpress\/ -->\n<title>Mobile proxies - Virtual Local Phone Numbers<\/title>\n<meta name=\"robots\" content=\"index, follow, max-snippet:-1, max-image-preview:large, max-video-preview:-1\" \/>\n<link rel=\"canonical\" href=\"https:\/\/virtnum.com\/tr\/mobile-proxies\/\" \/>\n<meta property=\"og:locale\" content=\"tr_TR\" \/>\n<meta property=\"og:type\" content=\"article\" \/>\n<meta property=\"og:title\" content=\"Mobile proxies - Virtual Local Phone Numbers\" \/>\n<meta property=\"og:description\" content=\"Mobile proxies are a type of intermediary server that allow users to access the internet anonymously and route internet traffic through mobile devices such as&hellip;\" \/>\n<meta property=\"og:url\" content=\"https:\/\/virtnum.com\/tr\/mobile-proxies\/\" \/>\n<meta property=\"og:site_name\" content=\"Virtual Local Phone Numbers\" \/>\n<meta property=\"article:modified_time\" content=\"2023-03-22T11:41:14+00:00\" \/>\n<meta property=\"og:image\" content=\"https:\/\/virtnum.com\/wp-content\/uploads\/2023\/03\/mobile-proxies-1-1024x1024.jpg\" \/>\n<meta name=\"twitter:card\" content=\"summary_large_image\" \/>\n<meta name=\"twitter:label1\" content=\"Tahmini okuma s\u00fcresi\" \/>\n\t<meta name=\"twitter:data1\" content=\"5 dakika\" \/>\n<script type=\"application\/ld+json\" class=\"yoast-schema-graph\">{\"@context\":\"https:\\\/\\\/schema.org\",\"@graph\":[{\"@type\":\"WebPage\",\"@id\":\"https:\\\/\\\/virtnum.com\\\/mobile-proxies\\\/\",\"url\":\"https:\\\/\\\/virtnum.com\\\/mobile-proxies\\\/\",\"name\":\"Mobile proxies - Virtual Local Phone Numbers\",\"isPartOf\":{\"@id\":\"https:\\\/\\\/virtnum.com\\\/#website\"},\"primaryImageOfPage\":{\"@id\":\"https:\\\/\\\/virtnum.com\\\/mobile-proxies\\\/#primaryimage\"},\"image\":{\"@id\":\"https:\\\/\\\/virtnum.com\\\/mobile-proxies\\\/#primaryimage\"},\"thumbnailUrl\":\"https:\\\/\\\/virtnum.com\\\/wp-content\\\/uploads\\\/2023\\\/03\\\/mobile-proxies-1-1024x1024.jpg\",\"datePublished\":\"2023-03-22T09:30:03+00:00\",\"dateModified\":\"2023-03-22T11:41:14+00:00\",\"inLanguage\":\"tr\",\"potentialAction\":[{\"@type\":\"ReadAction\",\"target\":[\"https:\\\/\\\/virtnum.com\\\/mobile-proxies\\\/\"]}]},{\"@type\":\"ImageObject\",\"inLanguage\":\"tr\",\"@id\":\"https:\\\/\\\/virtnum.com\\\/mobile-proxies\\\/#primaryimage\",\"url\":\"https:\\\/\\\/virtnum.com\\\/wp-content\\\/uploads\\\/2023\\\/03\\\/mobile-proxies-1-1024x1024.jpg\",\"contentUrl\":\"https:\\\/\\\/virtnum.com\\\/wp-content\\\/uploads\\\/2023\\\/03\\\/mobile-proxies-1-1024x1024.jpg\"},{\"@type\":\"WebSite\",\"@id\":\"https:\\\/\\\/virtnum.com\\\/#website\",\"url\":\"https:\\\/\\\/virtnum.com\\\/\",\"name\":\"Virtual Local Phone Numbers\",\"description\":\"Buy Virtual Phone Numbers | DID Numbers | VoIP Numbers | Toll-free Numbers | Call forwarding to SIP, VOIP, PBX, Mobile or Fixed Phones\",\"publisher\":{\"@id\":\"https:\\\/\\\/virtnum.com\\\/#organization\"},\"potentialAction\":[{\"@type\":\"SearchAction\",\"target\":{\"@type\":\"EntryPoint\",\"urlTemplate\":\"https:\\\/\\\/virtnum.com\\\/?s={search_term_string}\"},\"query-input\":{\"@type\":\"PropertyValueSpecification\",\"valueRequired\":true,\"valueName\":\"search_term_string\"}}],\"inLanguage\":\"tr\"},{\"@type\":\"Organization\",\"@id\":\"https:\\\/\\\/virtnum.com\\\/#organization\",\"name\":\"Virtual Local Phone Numbers\",\"url\":\"https:\\\/\\\/virtnum.com\\\/\",\"logo\":{\"@type\":\"ImageObject\",\"inLanguage\":\"tr\",\"@id\":\"https:\\\/\\\/virtnum.com\\\/#\\\/schema\\\/logo\\\/image\\\/\",\"url\":\"https:\\\/\\\/virtnum.com\\\/wp-content\\\/uploads\\\/2022\\\/12\\\/logo-1.png\",\"contentUrl\":\"https:\\\/\\\/virtnum.com\\\/wp-content\\\/uploads\\\/2022\\\/12\\\/logo-1.png\",\"width\":420,\"height\":165,\"caption\":\"Virtual Local Phone Numbers\"},\"image\":{\"@id\":\"https:\\\/\\\/virtnum.com\\\/#\\\/schema\\\/logo\\\/image\\\/\"}}]}<\/script>\n<!-- \/ Yoast SEO plugin. -->","yoast_head_json":{"title":"Mobil proxy&#039;ler - Sanal Yerel Telefon Numaralar\u0131","robots":{"index":"index","follow":"follow","max-snippet":"max-snippet:-1","max-image-preview":"max-image-preview:large","max-video-preview":"max-video-preview:-1"},"canonical":"https:\/\/virtnum.com\/tr\/mobile-proxies\/","og_locale":"tr_TR","og_type":"article","og_title":"Mobile proxies - Virtual Local Phone Numbers","og_description":"Mobile proxies are a type of intermediary server that allow users to access the internet anonymously and route internet traffic through mobile devices such as&hellip;","og_url":"https:\/\/virtnum.com\/tr\/mobile-proxies\/","og_site_name":"Virtual Local Phone Numbers","article_modified_time":"2023-03-22T11:41:14+00:00","og_image":[{"url":"https:\/\/virtnum.com\/wp-content\/uploads\/2023\/03\/mobile-proxies-1-1024x1024.jpg","type":"","width":"","height":""}],"twitter_card":"summary_large_image","twitter_misc":{"Tahmini okuma s\u00fcresi":"5 dakika"},"schema":{"@context":"https:\/\/schema.org","@graph":[{"@type":"WebPage","@id":"https:\/\/virtnum.com\/mobile-proxies\/","url":"https:\/\/virtnum.com\/mobile-proxies\/","name":"Mobil proxy&#039;ler - Sanal Yerel Telefon Numaralar\u0131","isPartOf":{"@id":"https:\/\/virtnum.com\/#website"},"primaryImageOfPage":{"@id":"https:\/\/virtnum.com\/mobile-proxies\/#primaryimage"},"image":{"@id":"https:\/\/virtnum.com\/mobile-proxies\/#primaryimage"},"thumbnailUrl":"https:\/\/virtnum.com\/wp-content\/uploads\/2023\/03\/mobile-proxies-1-1024x1024.jpg","datePublished":"2023-03-22T09:30:03+00:00","dateModified":"2023-03-22T11:41:14+00:00","inLanguage":"tr","potentialAction":[{"@type":"ReadAction","target":["https:\/\/virtnum.com\/mobile-proxies\/"]}]},{"@type":"ImageObject","inLanguage":"tr","@id":"https:\/\/virtnum.com\/mobile-proxies\/#primaryimage","url":"https:\/\/virtnum.com\/wp-content\/uploads\/2023\/03\/mobile-proxies-1-1024x1024.jpg","contentUrl":"https:\/\/virtnum.com\/wp-content\/uploads\/2023\/03\/mobile-proxies-1-1024x1024.jpg"},{"@type":"WebSite","@id":"https:\/\/virtnum.com\/#website","url":"https:\/\/virtnum.com\/","name":"Sanal Yerel Telefon Numaralar\u0131","description":"Sanal Telefon Numaralar\u0131 Sat\u0131n Al\u0131n | DID Numaralar\u0131 | VoIP Numaralar\u0131 | \u00dccretsiz Numaralar | SIP, VOIP, PBX, Mobil veya Sabit Telefonlara \u00c7a\u011fr\u0131 Y\u00f6nlendirme","publisher":{"@id":"https:\/\/virtnum.com\/#organization"},"potentialAction":[{"@type":"SearchAction","target":{"@type":"EntryPoint","urlTemplate":"https:\/\/virtnum.com\/?s={search_term_string}"},"query-input":{"@type":"PropertyValueSpecification","valueRequired":true,"valueName":"search_term_string"}}],"inLanguage":"tr"},{"@type":"Organization","@id":"https:\/\/virtnum.com\/#organization","name":"Sanal Yerel Telefon Numaralar\u0131","url":"https:\/\/virtnum.com\/","logo":{"@type":"ImageObject","inLanguage":"tr","@id":"https:\/\/virtnum.com\/#\/schema\/logo\/image\/","url":"https:\/\/virtnum.com\/wp-content\/uploads\/2022\/12\/logo-1.png","contentUrl":"https:\/\/virtnum.com\/wp-content\/uploads\/2022\/12\/logo-1.png","width":420,"height":165,"caption":"Virtual Local Phone Numbers"},"image":{"@id":"https:\/\/virtnum.com\/#\/schema\/logo\/image\/"}}]}},"_links":{"self":[{"href":"https:\/\/virtnum.com\/tr\/wp-json\/wp\/v2\/pages\/683","targetHints":{"allow":["GET"]}}],"collection":[{"href":"https:\/\/virtnum.com\/tr\/wp-json\/wp\/v2\/pages"}],"about":[{"href":"https:\/\/virtnum.com\/tr\/wp-json\/wp\/v2\/types\/page"}],"author":[{"embeddable":true,"href":"https:\/\/virtnum.com\/tr\/wp-json\/wp\/v2\/users\/1"}],"replies":[{"embeddable":true,"href":"https:\/\/virtnum.com\/tr\/wp-json\/wp\/v2\/comments?post=683"}],"version-history":[{"count":9,"href":"https:\/\/virtnum.com\/tr\/wp-json\/wp\/v2\/pages\/683\/revisions"}],"predecessor-version":[{"id":702,"href":"https:\/\/virtnum.com\/tr\/wp-json\/wp\/v2\/pages\/683\/revisions\/702"}],"wp:attachment":[{"href":"https:\/\/virtnum.com\/tr\/wp-json\/wp\/v2\/media?parent=683"}],"curies":[{"name":"wp","href":"https:\/\/api.w.org\/{rel}","templated":true}]}}