{"id":714,"date":"2023-04-26T14:49:48","date_gmt":"2023-04-26T10:49:48","guid":{"rendered":"https:\/\/virtnum.com\/?page_id=714"},"modified":"2026-02-18T23:47:12","modified_gmt":"2026-02-18T19:47:12","slug":"buy-with-crypto","status":"publish","type":"page","link":"https:\/\/virtnum.com\/tr\/buy-with-crypto\/","title":{"rendered":"Kripto Para Birimleri (BTC, USDT, ETH) ile Sanal Numara Sat\u0131n Al\u0131n"},"content":{"rendered":"<p>Sanal numaralar, belirli bir cihaza veya konuma ba\u011fl\u0131 olmayan telefon numaralar\u0131d\u0131r. Bunun yerine, aramalar\u0131 ve mesajlar\u0131 bir internet ba\u011flant\u0131s\u0131 \u00fczerinden y\u00f6nlendirirler.<\/p>\n\n\n\n<h2 class=\"wp-block-heading\">Sanal numaralar\u0131n temel \u00f6zellikleri ve faydalar\u0131 \u015funlard\u0131r:<\/h2>\n\n\n\n<ul class=\"wp-block-list\">\n<li>Gizlilik: Ki\u015fisel numaran\u0131z\u0131 koruyun ve gizlili\u011finizi koruyun.<\/li>\n\n\n\n<li>Esneklik: \u00c7a\u011fr\u0131lar\u0131 farkl\u0131 cihazlara y\u00f6nlendirerek ileti\u015fimi y\u00f6netmeyi kolayla\u015ft\u0131r\u0131n.<\/li>\n\n\n\n<li>Maliyet etkinli\u011fi: Uluslararas\u0131 arama \u00fccretlerinden tasarruf edin ve birden fazla SIM karta olan ihtiyac\u0131 ortadan kald\u0131r\u0131n.<\/li>\n<\/ul>\n\n\n\n<p>Sanal numaralar kullanman\u0131n avantajlar\u0131n\u0131 ve bunlar\u0131 kripto paralarla sat\u0131n alman\u0131n faydalar\u0131n\u0131 ke\u015ffedin. Hizmetlerimizi se\u00e7ti\u011finizde geli\u015fmi\u015f gizlilik, esneklik ve maliyet etkinli\u011finin tad\u0131n\u0131 \u00e7\u0131kar\u0131n.<\/p>\n\n\n\n<p class=\"buy-p\"><a class=\"buy\" href=\"https:\/\/lk.virtnum.com\/component\/telecomax?task=buyunregistred\">\u27a1\ufe0fKripto ile sanal numara sat\u0131n al\u0131n \u2b05\ufe0f<\/a><br \/>\n\u2b50\u2b50\u2b50\u2b50\u2b50<br \/>\n<span>BTC, ETH, USDT, LTC, XMR ile \u00f6deme yap\u0131n<\/span><\/p>\n\n\n\n<h2 class=\"wp-block-heading\">Sanal numara sat\u0131n almak i\u00e7in neden kripto para birimleri kullanmal\u0131s\u0131n\u0131z? Sanal numara sat\u0131n almak i\u00e7in kripto para birimlerini kullanman\u0131n birka\u00e7 avantaj\u0131 vard\u0131r:<\/h2>\n\n\n\n<ul class=\"wp-block-list\">\n<li>G\u00fcvenli i\u015flemler: Kripto paralar, g\u00fcvenli ve emniyetli i\u015flemleri garanti alt\u0131na alan geli\u015fmi\u015f \u015fifreleme kullan\u0131r.<\/li>\n\n\n\n<li>Merkezi Olmayan: Bankalara veya arac\u0131lara ihtiya\u00e7 duyulmaz, i\u015flem \u00fccretleri azal\u0131r.<\/li>\n\n\n\n<li>H\u0131zl\u0131 i\u015flemler: Kripto para transferleri genellikle geleneksel \u00f6deme y\u00f6ntemlerinden daha h\u0131zl\u0131d\u0131r.<\/li>\n\n\n\n<li>K\u00fcresel eri\u015filebilirlik: Kripto paralar, uluslararas\u0131 i\u015flemlerde daha d\u00fc\u015f\u00fck \u00fccretlerle d\u00fcnyan\u0131n her yerinden kullan\u0131c\u0131lara a\u00e7\u0131kt\u0131r.<\/li>\n<\/ul>\n\n\n\n<h2 class=\"wp-block-heading\">Sanal numara sat\u0131n almak i\u00e7in a\u015fa\u011f\u0131daki kripto paralar\u0131 kabul ediyoruz:<\/h2>\n\n\n\n<ul class=\"wp-block-list\">\n<li>Bitcoin (BTC)<\/li>\n\n\n\n<li>Litecoin (LTC)<\/li>\n\n\n\n<li>Bitcoin Nakit (BCH)<\/li>\n\n\n\n<li>SiyahPara (BLK)<\/li>\n\n\n\n<li>K\u0131sa \u00e7izgi (\u00c7\u0130ZG\u0130)<\/li>\n\n\n\n<li>Kararla\u015ft\u0131r\u0131ld\u0131 (DCR)<\/li>\n\n\n\n<li>DijitalBayt (DGB)<\/li>\n\n\n\n<li>Dogecoin (DOGE)<\/li>\n\n\n\n<li>Ethereum Klasik (ETC)<\/li>\n\n\n\n<li>Ethereum (ETH)<\/li>\n\n\n\n<li>OyunKredileri (OYUN)<\/li>\n\n\n\n<li>PotCoin (POT)<\/li>\n\n\n\n<li>Dikey kripto para (VTC)<\/li>\n\n\n\n<li>Monero (XMR)<\/li>\n\n\n\n<li>Dalgalanma (XRP)<\/li>\n<\/ul>\n\n\n\n<h2 class=\"wp-block-heading\">Kripto ile sanal numara nas\u0131l sat\u0131n al\u0131n\u0131r<\/h2>\n\n\n\n<p>Sitemizden kripto paralarla sanal numara sat\u0131n almak i\u00e7in \u015fu basit ad\u0131mlar\u0131 izleyin:<\/p>\n\n\n\n<ul class=\"wp-block-list\">\n<li>Virtnum.com&#039;a kaydolun.<\/li>\n\n\n\n<li>Hesab\u0131n\u0131za para y\u00fckleyin.<\/li>\n\n\n\n<li>Tercih etti\u011finiz kripto para birimini kullanarak sanal bir numara sat\u0131n al\u0131n (se\u00e7enekler aras\u0131nda Bitcoin, USDT, BUSD ve daha fazlas\u0131 bulunur).<\/li>\n\n\n\n<li>Mesajlar\u0131n\u0131z\u0131 ve \u00e7a\u011fr\u0131lar\u0131n\u0131z\u0131 almaya ba\u015flay\u0131n!<\/li>\n<\/ul>\n\n\n\n<p class=\"buy-p\"><a class=\"buy\" href=\"https:\/\/lk.virtnum.com\/component\/telecomax?task=buyunregistred\">\u27a1\ufe0fKripto ile sanal numara sat\u0131n al\u0131n \u2b05\ufe0f<\/a><br \/>\n\u2b50\u2b50\u2b50\u2b50\u2b50<br \/>\n<span>BTC, ETH, USDT, LTC, XMR ile \u00f6deme yap\u0131n<\/span><\/p>\n\n\n\n<h2 class=\"wp-block-heading\">Kripto Para ile Sanal Numara Alman\u0131n Avantajlar\u0131 Nelerdir?<\/h2>\n\n\n\n<ul class=\"wp-block-list\">\n<li>Anonim \u00f6demeler<\/li>\n\n\n\n<li>Geri \u00f6deme yok<\/li>\n\n\n\n<li>K\u00fcresel eri\u015fim<\/li>\n\n\n\n<li>H\u0131zl\u0131 i\u015flemler<\/li>\n\n\n\n<li>Bankaya gerek yok.<\/li>\n<\/ul>\n\n\n\n<h2 class=\"wp-block-heading\">SSS<\/h2>\n\n\n\n<p><strong>Bitcoin ile sanal numara sat\u0131n alabilir miyim?<\/strong><br>Evet, Bitcoin (BTC), USDT, ETH, LTC, XMR ve di\u011fer desteklenen kripto paralarla sanal numara sat\u0131n alabilirsiniz.<\/p>\n\n\n\n<p><strong>Kripto para ile sanal numara sat\u0131n almak g\u00fcvenli mi?<\/strong><br>Evet. Kripto para \u00f6demeleri g\u00fcvenlidir ve \u015fifrelenmi\u015f blok zinciri i\u015flemleri arac\u0131l\u0131\u011f\u0131yla i\u015flenir.<\/p>\n\n\n\n<p><strong>Kripto para \u00f6demesinden sonra aktivasyon ne kadar s\u00fcr\u00fcyor?<\/strong><br>Genellikle blok zinciri onay\u0131n\u0131n ard\u0131ndan birka\u00e7 dakika i\u00e7inde.<\/p>\n\n\n\n<p class=\"buy-p\"><a class=\"buy\" href=\"https:\/\/lk.virtnum.com\/component\/telecomax?task=buyunregistred\">\u27a1\ufe0fKripto ile sanal numara sat\u0131n al\u0131n \u2b05\ufe0f<\/a><br \/>\n\u2b50\u2b50\u2b50\u2b50\u2b50<br \/>\n<span>BTC, ETH, USDT, LTC, XMR ile \u00f6deme yap\u0131n<\/span><\/p>","protected":false},"excerpt":{"rendered":"<p>Sanal numaralar, belirli bir cihaza veya konuma ba\u011fl\u0131 olmayan telefon numaralar\u0131d\u0131r. Bunun yerine, aramalar\u0131 ve mesajlar\u0131 bir internet ba\u011flant\u0131s\u0131 \u00fczerinden y\u00f6nlendirirler. Anahtar\u2026<\/p>","protected":false},"author":1,"featured_media":0,"parent":0,"menu_order":0,"comment_status":"closed","ping_status":"closed","template":"","meta":{"_acf_changed":false,"footnotes":""},"class_list":["post-714","page","type-page","status-publish","hentry"],"acf":[],"yoast_head":"<!-- This site is optimized with the Yoast SEO plugin v27.4 - https:\/\/yoast.com\/product\/yoast-seo-wordpress\/ -->\n<title>Buy Virtual Numbers with Crypto (USDT, Bitcoin, etc): Secure, Private, and Efficient<\/title>\n<meta name=\"description\" content=\"Discover the benefits of buying virtual phone numbers with Bitcoin, a perfect blend of cryptocurrency and telecommunication that offers privacy, flexibility, and global accessibility. Embrace the digital future with this innovative approach to communication.\" \/>\n<meta name=\"robots\" content=\"index, follow, max-snippet:-1, max-image-preview:large, max-video-preview:-1\" \/>\n<link rel=\"canonical\" href=\"https:\/\/virtnum.com\/tr\/buy-with-crypto\/\" \/>\n<meta property=\"og:locale\" content=\"tr_TR\" \/>\n<meta property=\"og:type\" content=\"article\" \/>\n<meta property=\"og:title\" content=\"Buy Virtual Numbers with Crypto (USDT, Bitcoin, etc): Secure, Private, and Efficient\" \/>\n<meta property=\"og:description\" content=\"Discover the benefits of buying virtual phone numbers with Bitcoin, a perfect blend of cryptocurrency and telecommunication that offers privacy, flexibility, and global accessibility. Embrace the digital future with this innovative approach to communication.\" \/>\n<meta property=\"og:url\" content=\"https:\/\/virtnum.com\/tr\/buy-with-crypto\/\" \/>\n<meta property=\"og:site_name\" content=\"Virtual Local Phone Numbers\" \/>\n<meta property=\"article:modified_time\" content=\"2026-02-18T19:47:12+00:00\" \/>\n<meta name=\"twitter:card\" content=\"summary_large_image\" \/>\n<meta name=\"twitter:label1\" content=\"Tahmini okuma s\u00fcresi\" \/>\n\t<meta name=\"twitter:data1\" content=\"2 dakika\" \/>\n<script type=\"application\/ld+json\" class=\"yoast-schema-graph\">{\"@context\":\"https:\\\/\\\/schema.org\",\"@graph\":[{\"@type\":\"WebPage\",\"@id\":\"https:\\\/\\\/virtnum.com\\\/buy-with-crypto\\\/\",\"url\":\"https:\\\/\\\/virtnum.com\\\/buy-with-crypto\\\/\",\"name\":\"Buy Virtual Numbers with Crypto (USDT, Bitcoin, etc): Secure, Private, and Efficient\",\"isPartOf\":{\"@id\":\"https:\\\/\\\/virtnum.com\\\/#website\"},\"datePublished\":\"2023-04-26T10:49:48+00:00\",\"dateModified\":\"2026-02-18T19:47:12+00:00\",\"description\":\"Discover the benefits of buying virtual phone numbers with Bitcoin, a perfect blend of cryptocurrency and telecommunication that offers privacy, flexibility, and global accessibility. Embrace the digital future with this innovative approach to communication.\",\"inLanguage\":\"tr\",\"potentialAction\":[{\"@type\":\"ReadAction\",\"target\":[\"https:\\\/\\\/virtnum.com\\\/buy-with-crypto\\\/\"]}]},{\"@type\":\"WebSite\",\"@id\":\"https:\\\/\\\/virtnum.com\\\/#website\",\"url\":\"https:\\\/\\\/virtnum.com\\\/\",\"name\":\"Virtual Local Phone Numbers\",\"description\":\"Buy Virtual Phone Numbers | DID Numbers | VoIP Numbers | Toll-free Numbers | Call forwarding to SIP, VOIP, PBX, Mobile or Fixed Phones\",\"publisher\":{\"@id\":\"https:\\\/\\\/virtnum.com\\\/#organization\"},\"potentialAction\":[{\"@type\":\"SearchAction\",\"target\":{\"@type\":\"EntryPoint\",\"urlTemplate\":\"https:\\\/\\\/virtnum.com\\\/?s={search_term_string}\"},\"query-input\":{\"@type\":\"PropertyValueSpecification\",\"valueRequired\":true,\"valueName\":\"search_term_string\"}}],\"inLanguage\":\"tr\"},{\"@type\":\"Organization\",\"@id\":\"https:\\\/\\\/virtnum.com\\\/#organization\",\"name\":\"Virtual Local Phone Numbers\",\"url\":\"https:\\\/\\\/virtnum.com\\\/\",\"logo\":{\"@type\":\"ImageObject\",\"inLanguage\":\"tr\",\"@id\":\"https:\\\/\\\/virtnum.com\\\/#\\\/schema\\\/logo\\\/image\\\/\",\"url\":\"https:\\\/\\\/virtnum.com\\\/wp-content\\\/uploads\\\/2022\\\/12\\\/logo-1.png\",\"contentUrl\":\"https:\\\/\\\/virtnum.com\\\/wp-content\\\/uploads\\\/2022\\\/12\\\/logo-1.png\",\"width\":420,\"height\":165,\"caption\":\"Virtual Local Phone Numbers\"},\"image\":{\"@id\":\"https:\\\/\\\/virtnum.com\\\/#\\\/schema\\\/logo\\\/image\\\/\"}}]}<\/script>\n<!-- \/ Yoast SEO plugin. -->","yoast_head_json":{"title":"Kripto (USDT, Bitcoin, vb.) ile Sanal Numaralar Sat\u0131n Al\u0131n: G\u00fcvenli, Gizli ve Verimli","description":"Kripto para birimi ve telekom\u00fcnikasyonun m\u00fckemmel bir kar\u0131\u015f\u0131m\u0131 olan ve gizlilik, esneklik ve k\u00fcresel eri\u015filebilirlik sunan Bitcoin ile sanal telefon numaras\u0131 sat\u0131n alman\u0131n avantajlar\u0131n\u0131 ke\u015ffedin. \u0130leti\u015fime y\u00f6nelik bu yenilik\u00e7i yakla\u015f\u0131mla dijital gelece\u011fi kucaklay\u0131n.","robots":{"index":"index","follow":"follow","max-snippet":"max-snippet:-1","max-image-preview":"max-image-preview:large","max-video-preview":"max-video-preview:-1"},"canonical":"https:\/\/virtnum.com\/tr\/buy-with-crypto\/","og_locale":"tr_TR","og_type":"article","og_title":"Buy Virtual Numbers with Crypto (USDT, Bitcoin, etc): Secure, Private, and Efficient","og_description":"Discover the benefits of buying virtual phone numbers with Bitcoin, a perfect blend of cryptocurrency and telecommunication that offers privacy, flexibility, and global accessibility. Embrace the digital future with this innovative approach to communication.","og_url":"https:\/\/virtnum.com\/tr\/buy-with-crypto\/","og_site_name":"Virtual Local Phone Numbers","article_modified_time":"2026-02-18T19:47:12+00:00","twitter_card":"summary_large_image","twitter_misc":{"Tahmini okuma s\u00fcresi":"2 dakika"},"schema":{"@context":"https:\/\/schema.org","@graph":[{"@type":"WebPage","@id":"https:\/\/virtnum.com\/buy-with-crypto\/","url":"https:\/\/virtnum.com\/buy-with-crypto\/","name":"Kripto (USDT, Bitcoin, vb.) ile Sanal Numaralar Sat\u0131n Al\u0131n: G\u00fcvenli, Gizli ve Verimli","isPartOf":{"@id":"https:\/\/virtnum.com\/#website"},"datePublished":"2023-04-26T10:49:48+00:00","dateModified":"2026-02-18T19:47:12+00:00","description":"Kripto para birimi ve telekom\u00fcnikasyonun m\u00fckemmel bir kar\u0131\u015f\u0131m\u0131 olan ve gizlilik, esneklik ve k\u00fcresel eri\u015filebilirlik sunan Bitcoin ile sanal telefon numaras\u0131 sat\u0131n alman\u0131n avantajlar\u0131n\u0131 ke\u015ffedin. \u0130leti\u015fime y\u00f6nelik bu yenilik\u00e7i yakla\u015f\u0131mla dijital gelece\u011fi kucaklay\u0131n.","inLanguage":"tr","potentialAction":[{"@type":"ReadAction","target":["https:\/\/virtnum.com\/buy-with-crypto\/"]}]},{"@type":"WebSite","@id":"https:\/\/virtnum.com\/#website","url":"https:\/\/virtnum.com\/","name":"Sanal Yerel Telefon Numaralar\u0131","description":"Sanal Telefon Numaralar\u0131 Sat\u0131n Al\u0131n | DID Numaralar\u0131 | VoIP Numaralar\u0131 | \u00dccretsiz Numaralar | SIP, VOIP, PBX, Mobil veya Sabit Telefonlara \u00c7a\u011fr\u0131 Y\u00f6nlendirme","publisher":{"@id":"https:\/\/virtnum.com\/#organization"},"potentialAction":[{"@type":"SearchAction","target":{"@type":"EntryPoint","urlTemplate":"https:\/\/virtnum.com\/?s={search_term_string}"},"query-input":{"@type":"PropertyValueSpecification","valueRequired":true,"valueName":"search_term_string"}}],"inLanguage":"tr"},{"@type":"Organization","@id":"https:\/\/virtnum.com\/#organization","name":"Sanal Yerel Telefon Numaralar\u0131","url":"https:\/\/virtnum.com\/","logo":{"@type":"ImageObject","inLanguage":"tr","@id":"https:\/\/virtnum.com\/#\/schema\/logo\/image\/","url":"https:\/\/virtnum.com\/wp-content\/uploads\/2022\/12\/logo-1.png","contentUrl":"https:\/\/virtnum.com\/wp-content\/uploads\/2022\/12\/logo-1.png","width":420,"height":165,"caption":"Virtual Local Phone Numbers"},"image":{"@id":"https:\/\/virtnum.com\/#\/schema\/logo\/image\/"}}]}},"_links":{"self":[{"href":"https:\/\/virtnum.com\/tr\/wp-json\/wp\/v2\/pages\/714","targetHints":{"allow":["GET"]}}],"collection":[{"href":"https:\/\/virtnum.com\/tr\/wp-json\/wp\/v2\/pages"}],"about":[{"href":"https:\/\/virtnum.com\/tr\/wp-json\/wp\/v2\/types\/page"}],"author":[{"embeddable":true,"href":"https:\/\/virtnum.com\/tr\/wp-json\/wp\/v2\/users\/1"}],"replies":[{"embeddable":true,"href":"https:\/\/virtnum.com\/tr\/wp-json\/wp\/v2\/comments?post=714"}],"version-history":[{"count":11,"href":"https:\/\/virtnum.com\/tr\/wp-json\/wp\/v2\/pages\/714\/revisions"}],"predecessor-version":[{"id":932,"href":"https:\/\/virtnum.com\/tr\/wp-json\/wp\/v2\/pages\/714\/revisions\/932"}],"wp:attachment":[{"href":"https:\/\/virtnum.com\/tr\/wp-json\/wp\/v2\/media?parent=714"}],"curies":[{"name":"wp","href":"https:\/\/api.w.org\/{rel}","templated":true}]}}