{"id":820,"date":"2023-10-31T01:51:49","date_gmt":"2023-10-30T21:51:49","guid":{"rendered":"https:\/\/virtnum.com\/?page_id=820"},"modified":"2026-02-02T01:24:52","modified_gmt":"2026-02-01T21:24:52","slug":"home-empty","status":"publish","type":"page","link":"https:\/\/virtnum.com\/tr\/","title":{"rendered":"Sanal Telefon Numaralar\u0131"},"content":{"rendered":"<h2 class=\"wp-block-heading\"><strong>Piyasadaki en iyi kaliteyi ve en ucuz maliyeti sa\u011flayarak 60&#039;tan fazla \u00fclkede sanal telefon numaralar\u0131 ve Do\u011frudan Dahili Arama (DID) numaralar\u0131 sa\u011fl\u0131yoruz.<\/strong><\/h2>\n\n\n\n<p>Genel olarak sanal DID telefon numaralar\u0131, telefon g\u00f6r\u00fc\u015fmeleri almak i\u00e7in esnek ve \u00e7ok y\u00f6nl\u00fc bir \u00e7\u00f6z\u00fcm sunar ve farkl\u0131 ihtiya\u00e7lara uyacak \u015fekilde \u00e7ok \u00e7e\u015fitli uygulamalarda kullan\u0131labilir.<\/p>\n\n\n\n<p>\u015eu anda desteklenen \u00fclkeler a\u015fa\u011f\u0131da g\u00f6sterilmektedir. Kapsam g\u00fcncellemelerini kontrol etmek i\u00e7in l\u00fctfen bu sayfay\u0131 d\u00fczenli olarak ziyaret edin.<\/p>\n\n\n\n\n<!-- Page-list plugin v.5.9 wordpress.org\/plugins\/page-list\/ -->\n<ul class=\"page-list\">\n<li class=\"page_item page-item-243\"><a href=\"https:\/\/virtnum.com\/tr\/buy-virtual-phone-number\/albania\/\">Arnavutluk<\/a><\/li>\n<li class=\"page_item page-item-248\"><a href=\"https:\/\/virtnum.com\/tr\/buy-virtual-phone-number\/algeria\/\">Cezayir<\/a><\/li>\n<li class=\"page_item page-item-855\"><a href=\"https:\/\/virtnum.com\/tr\/buy-virtual-phone-number\/angola\/\">Angola<\/a><\/li>\n<li class=\"page_item page-item-231\"><a href=\"https:\/\/virtnum.com\/tr\/buy-virtual-phone-number\/argentina\/\">Arjantin<\/a><\/li>\n<li class=\"page_item page-item-251\"><a href=\"https:\/\/virtnum.com\/tr\/buy-virtual-phone-number\/armenia\/\">Ermenistan<\/a><\/li>\n<li class=\"page_item page-item-175\"><a href=\"https:\/\/virtnum.com\/tr\/buy-virtual-phone-number\/australia\/\">Avustralya<\/a><\/li>\n<li class=\"page_item page-item-216\"><a href=\"https:\/\/virtnum.com\/tr\/buy-virtual-phone-number\/austria\/\">Avusturya<\/a><\/li>\n<li class=\"page_item page-item-254\"><a href=\"https:\/\/virtnum.com\/tr\/buy-virtual-phone-number\/azerbaijan\/\">Azerbaycan<\/a><\/li>\n<li class=\"page_item page-item-43\"><a href=\"https:\/\/virtnum.com\/tr\/buy-virtual-phone-number\/bahrain-virtual-numbers\/\">Bahreyn<\/a><\/li>\n<li class=\"page_item page-item-257\"><a href=\"https:\/\/virtnum.com\/tr\/buy-virtual-phone-number\/bangladesh\/\">Banglade\u015f<\/a><\/li>\n<li class=\"page_item page-item-260\"><a href=\"https:\/\/virtnum.com\/tr\/buy-virtual-phone-number\/belarus\/\">Beyaz Rusya<\/a><\/li>\n<li class=\"page_item page-item-237\"><a href=\"https:\/\/virtnum.com\/tr\/buy-virtual-phone-number\/belgium\/\">Bel\u00e7ika<\/a><\/li>\n<li class=\"page_item page-item-264\"><a href=\"https:\/\/virtnum.com\/tr\/buy-virtual-phone-number\/benin\/\">Benin<\/a><\/li>\n<li class=\"page_item page-item-268\"><a href=\"https:\/\/virtnum.com\/tr\/buy-virtual-phone-number\/bolivia\/\">Bolivya<\/a><\/li>\n<li class=\"page_item page-item-858\"><a href=\"https:\/\/virtnum.com\/tr\/buy-virtual-phone-number\/bosnia-and-herzegovina\/\">Bosna-Hersek<\/a><\/li>\n<li class=\"page_item page-item-933\"><a href=\"https:\/\/virtnum.com\/tr\/buy-virtual-phone-number\/botswana\/\">Botsvana<\/a><\/li>\n<li class=\"page_item page-item-271\"><a href=\"https:\/\/virtnum.com\/tr\/buy-virtual-phone-number\/brazil\/\">Brezilya<\/a><\/li>\n<li class=\"page_item page-item-274\"><a href=\"https:\/\/virtnum.com\/tr\/buy-virtual-phone-number\/bulgaria\/\">Bulgaristan<\/a><\/li>\n<li class=\"page_item page-item-937\"><a href=\"https:\/\/virtnum.com\/tr\/buy-virtual-phone-number\/cambodia\/\">Kambo\u00e7ya<\/a><\/li>\n<li class=\"page_item page-item-939\"><a href=\"https:\/\/virtnum.com\/tr\/buy-virtual-phone-number\/cameroon\/\">Kamerun<\/a><\/li>\n<li class=\"page_item page-item-234\"><a href=\"https:\/\/virtnum.com\/tr\/buy-virtual-phone-number\/canada\/\">Kanada<\/a><\/li>\n<li class=\"page_item page-item-277\"><a href=\"https:\/\/virtnum.com\/tr\/buy-virtual-phone-number\/cayman-islands\/\">Cayman Adalar\u0131<\/a><\/li>\n<li class=\"page_item page-item-651\"><a href=\"https:\/\/virtnum.com\/tr\/buy-virtual-phone-number\/chad\/\">\u00c7ad<\/a><\/li>\n<li class=\"page_item page-item-280\"><a href=\"https:\/\/virtnum.com\/tr\/buy-virtual-phone-number\/chile\/\">\u015eili<\/a><\/li>\n<li class=\"page_item page-item-582\"><a href=\"https:\/\/virtnum.com\/tr\/buy-virtual-phone-number\/china\/\">\u00c7in<\/a><\/li>\n<li class=\"page_item page-item-283\"><a href=\"https:\/\/virtnum.com\/tr\/buy-virtual-phone-number\/colombia\/\">Kolombiya<\/a><\/li>\n<li class=\"page_item page-item-286\"><a href=\"https:\/\/virtnum.com\/tr\/buy-virtual-phone-number\/costa-rica\/\">Kosta Rika<\/a><\/li>\n<li class=\"page_item page-item-289\"><a href=\"https:\/\/virtnum.com\/tr\/buy-virtual-phone-number\/croatia\/\">H\u0131rvatistan<\/a><\/li>\n<li class=\"page_item page-item-941\"><a href=\"https:\/\/virtnum.com\/tr\/buy-virtual-phone-number\/cuba\/\">K\u00fcba<\/a><\/li>\n<li class=\"page_item page-item-292\"><a href=\"https:\/\/virtnum.com\/tr\/buy-virtual-phone-number\/cyprus\/\">K\u0131br\u0131s<\/a><\/li>\n<li class=\"page_item page-item-295\"><a href=\"https:\/\/virtnum.com\/tr\/buy-virtual-phone-number\/czech-republic\/\">\u00c7ek Cumhuriyeti<\/a><\/li>\n<li class=\"page_item page-item-298\"><a href=\"https:\/\/virtnum.com\/tr\/buy-virtual-phone-number\/denmark\/\">Danimarka<\/a><\/li>\n<li class=\"page_item page-item-313\"><a href=\"https:\/\/virtnum.com\/tr\/buy-virtual-phone-number\/dominican-republic\/\">Dominik Cumhuriyeti<\/a><\/li>\n<li class=\"page_item page-item-316\"><a href=\"https:\/\/virtnum.com\/tr\/buy-virtual-phone-number\/ecuador\/\">Ekvador<\/a><\/li>\n<li class=\"page_item page-item-319\"><a href=\"https:\/\/virtnum.com\/tr\/buy-virtual-phone-number\/egypt\/\">M\u0131s\u0131r<\/a><\/li>\n<li class=\"page_item page-item-322\"><a href=\"https:\/\/virtnum.com\/tr\/buy-virtual-phone-number\/el-salvador\/\">El Salvador<\/a><\/li>\n<li class=\"page_item page-item-325\"><a href=\"https:\/\/virtnum.com\/tr\/buy-virtual-phone-number\/estonia\/\">Estonya<\/a><\/li>\n<li class=\"page_item page-item-911\"><a href=\"https:\/\/virtnum.com\/tr\/buy-virtual-phone-number\/ethiopia\/\">Etiyopya<\/a><\/li>\n<li class=\"page_item page-item-328\"><a href=\"https:\/\/virtnum.com\/tr\/buy-virtual-phone-number\/finland\/\">Finlandiya<\/a><\/li>\n<li class=\"page_item page-item-222\"><a href=\"https:\/\/virtnum.com\/tr\/buy-virtual-phone-number\/france\/\">Fransa<\/a><\/li>\n<li class=\"page_item page-item-331\"><a href=\"https:\/\/virtnum.com\/tr\/buy-virtual-phone-number\/georgia\/\">Georgia<\/a><\/li>\n<li class=\"page_item page-item-334\"><a href=\"https:\/\/virtnum.com\/tr\/buy-virtual-phone-number\/germany\/\">Almanya<\/a><\/li>\n<li class=\"page_item page-item-337\"><a href=\"https:\/\/virtnum.com\/tr\/buy-virtual-phone-number\/ghana\/\">Gana<\/a><\/li>\n<li class=\"page_item page-item-340\"><a href=\"https:\/\/virtnum.com\/tr\/buy-virtual-phone-number\/gibraltar\/\">Cebelitar\u0131k<\/a><\/li>\n<li class=\"page_item page-item-343\"><a href=\"https:\/\/virtnum.com\/tr\/buy-virtual-phone-number\/greece\/\">Yunanistan<\/a><\/li>\n<li class=\"page_item page-item-346\"><a href=\"https:\/\/virtnum.com\/tr\/buy-virtual-phone-number\/guatemala\/\">Guatemala<\/a><\/li>\n<li class=\"page_item page-item-943\"><a href=\"https:\/\/virtnum.com\/tr\/buy-virtual-phone-number\/haiti\/\">Haiti<\/a><\/li>\n<li class=\"page_item page-item-349\"><a href=\"https:\/\/virtnum.com\/tr\/buy-virtual-phone-number\/hong-kong\/\">Hong Kong<\/a><\/li>\n<li class=\"page_item page-item-352\"><a href=\"https:\/\/virtnum.com\/tr\/buy-virtual-phone-number\/hungary\/\">Macaristan<\/a><\/li>\n<li class=\"page_item page-item-357\"><a href=\"https:\/\/virtnum.com\/tr\/buy-virtual-phone-number\/iceland\/\">\u0130zlanda<\/a><\/li>\n<li class=\"page_item page-item-360\"><a href=\"https:\/\/virtnum.com\/tr\/buy-virtual-phone-number\/india\/\">Hindistan<\/a><\/li>\n<li class=\"page_item page-item-363\"><a href=\"https:\/\/virtnum.com\/tr\/buy-virtual-phone-number\/indonesia\/\">Endonezya<\/a><\/li>\n<li class=\"page_item page-item-366\"><a href=\"https:\/\/virtnum.com\/tr\/buy-virtual-phone-number\/iraq\/\">Irak<\/a><\/li>\n<li class=\"page_item page-item-369\"><a href=\"https:\/\/virtnum.com\/tr\/buy-virtual-phone-number\/ireland\/\">\u0130rlanda<\/a><\/li>\n<li class=\"page_item page-item-372\"><a href=\"https:\/\/virtnum.com\/tr\/buy-virtual-phone-number\/israel\/\">\u0130srail<\/a><\/li>\n<li class=\"page_item page-item-375\"><a href=\"https:\/\/virtnum.com\/tr\/buy-virtual-phone-number\/italy\/\">\u0130talya<\/a><\/li>\n<li class=\"page_item page-item-378\"><a href=\"https:\/\/virtnum.com\/tr\/buy-virtual-phone-number\/ivory-coast\/\">Fildi\u015fi Sahili<\/a><\/li>\n<li class=\"page_item page-item-381\"><a href=\"https:\/\/virtnum.com\/tr\/buy-virtual-phone-number\/japan\/\">Japonya<\/a><\/li>\n<li class=\"page_item page-item-384\"><a href=\"https:\/\/virtnum.com\/tr\/buy-virtual-phone-number\/kazakhstan\/\">Kazakistan<\/a><\/li>\n<li class=\"page_item page-item-387\"><a href=\"https:\/\/virtnum.com\/tr\/buy-virtual-phone-number\/kenya\/\">Kenya<\/a><\/li>\n<li class=\"page_item page-item-390\"><a href=\"https:\/\/virtnum.com\/tr\/buy-virtual-phone-number\/kuwait\/\">Kuveyt<\/a><\/li>\n<li class=\"page_item page-item-393\"><a href=\"https:\/\/virtnum.com\/tr\/buy-virtual-phone-number\/kyrgyzstan\/\">K\u0131rg\u0131zistan<\/a><\/li>\n<li class=\"page_item page-item-396\"><a href=\"https:\/\/virtnum.com\/tr\/buy-virtual-phone-number\/latvia\/\">Letonya<\/a><\/li>\n<li class=\"page_item page-item-240\"><a href=\"https:\/\/virtnum.com\/tr\/buy-virtual-phone-number\/lithuania\/\">Litvanya<\/a><\/li>\n<li class=\"page_item page-item-399\"><a href=\"https:\/\/virtnum.com\/tr\/buy-virtual-phone-number\/luxembourg\/\">L\u00fcksemburg<\/a><\/li>\n<li class=\"page_item page-item-403\"><a href=\"https:\/\/virtnum.com\/tr\/buy-virtual-phone-number\/macedonia\/\">Makedonya<\/a><\/li>\n<li class=\"page_item page-item-406\"><a href=\"https:\/\/virtnum.com\/tr\/buy-virtual-phone-number\/malaysia\/\">Malezya<\/a><\/li>\n<li class=\"page_item page-item-409\"><a href=\"https:\/\/virtnum.com\/tr\/buy-virtual-phone-number\/malta\/\">Malta<\/a><\/li>\n<li class=\"page_item page-item-412\"><a href=\"https:\/\/virtnum.com\/tr\/buy-virtual-phone-number\/mauritius\/\">Mauritius<\/a><\/li>\n<li class=\"page_item page-item-415\"><a href=\"https:\/\/virtnum.com\/tr\/buy-virtual-phone-number\/mexico\/\">Meksika<\/a><\/li>\n<li class=\"page_item page-item-418\"><a href=\"https:\/\/virtnum.com\/tr\/buy-virtual-phone-number\/moldova\/\">Moldova<\/a><\/li>\n<li class=\"page_item page-item-424\"><a href=\"https:\/\/virtnum.com\/tr\/buy-virtual-phone-number\/monaco\/\">Monako<\/a><\/li>\n<li class=\"page_item page-item-427\"><a href=\"https:\/\/virtnum.com\/tr\/buy-virtual-phone-number\/morocco\/\">Fas<\/a><\/li>\n<li class=\"page_item page-item-917\"><a href=\"https:\/\/virtnum.com\/tr\/buy-virtual-phone-number\/mozambique\/\">Mozambik<\/a><\/li>\n<li class=\"page_item page-item-945\"><a href=\"https:\/\/virtnum.com\/tr\/buy-virtual-phone-number\/myanmar\/\">Myanmar<\/a><\/li>\n<li class=\"page_item page-item-430\"><a href=\"https:\/\/virtnum.com\/tr\/buy-virtual-phone-number\/namibia\/\">Namibya<\/a><\/li>\n<li class=\"page_item page-item-947\"><a href=\"https:\/\/virtnum.com\/tr\/buy-virtual-phone-number\/nepal\/\">Nepal<\/a><\/li>\n<li class=\"page_item page-item-433\"><a href=\"https:\/\/virtnum.com\/tr\/buy-virtual-phone-number\/netherlands\/\">Hollanda<\/a><\/li>\n<li class=\"page_item page-item-436\"><a href=\"https:\/\/virtnum.com\/tr\/buy-virtual-phone-number\/new-zealand\/\">Yeni Zelanda<\/a><\/li>\n<li class=\"page_item page-item-439\"><a href=\"https:\/\/virtnum.com\/tr\/buy-virtual-phone-number\/nicaragua\/\">Nikaragua<\/a><\/li>\n<li class=\"page_item page-item-442\"><a href=\"https:\/\/virtnum.com\/tr\/buy-virtual-phone-number\/nigeria\/\">Nijerya<\/a><\/li>\n<li class=\"page_item page-item-445\"><a href=\"https:\/\/virtnum.com\/tr\/buy-virtual-phone-number\/norway\/\">Norve\u00e7<\/a><\/li>\n<li class=\"page_item page-item-448\"><a href=\"https:\/\/virtnum.com\/tr\/buy-virtual-phone-number\/pakistan\/\">Pakistan<\/a><\/li>\n<li class=\"page_item page-item-451\"><a href=\"https:\/\/virtnum.com\/tr\/buy-virtual-phone-number\/panama\/\">Panama<\/a><\/li>\n<li class=\"page_item page-item-454\"><a href=\"https:\/\/virtnum.com\/tr\/buy-virtual-phone-number\/paraguay\/\">Paraguay<\/a><\/li>\n<li class=\"page_item page-item-457\"><a href=\"https:\/\/virtnum.com\/tr\/buy-virtual-phone-number\/peru\/\">Peru<\/a><\/li>\n<li class=\"page_item page-item-460\"><a href=\"https:\/\/virtnum.com\/tr\/buy-virtual-phone-number\/philippines\/\">Filipinler<\/a><\/li>\n<li class=\"page_item page-item-463\"><a href=\"https:\/\/virtnum.com\/tr\/buy-virtual-phone-number\/poland\/\">Polonya<\/a><\/li>\n<li class=\"page_item page-item-479\"><a href=\"https:\/\/virtnum.com\/tr\/buy-virtual-phone-number\/portugal\/\">Portekiz<\/a><\/li>\n<li class=\"page_item page-item-482\"><a href=\"https:\/\/virtnum.com\/tr\/buy-virtual-phone-number\/puerto-rico\/\">Porto Riko<\/a><\/li>\n<li class=\"page_item page-item-485\"><a href=\"https:\/\/virtnum.com\/tr\/buy-virtual-phone-number\/romania\/\">Romanya<\/a><\/li>\n<li class=\"page_item page-item-488\"><a href=\"https:\/\/virtnum.com\/tr\/buy-virtual-phone-number\/russia\/\">Rusya<\/a><\/li>\n<li class=\"page_item page-item-847\"><a href=\"https:\/\/virtnum.com\/tr\/buy-virtual-phone-number\/saudi-arabia\/\">Suudi Arabistan<\/a><\/li>\n<li class=\"page_item page-item-491\"><a href=\"https:\/\/virtnum.com\/tr\/buy-virtual-phone-number\/serbia\/\">S\u0131rbistan<\/a><\/li>\n<li class=\"page_item page-item-494\"><a href=\"https:\/\/virtnum.com\/tr\/buy-virtual-phone-number\/singapore\/\">Singapur<\/a><\/li>\n<li class=\"page_item page-item-497\"><a href=\"https:\/\/virtnum.com\/tr\/buy-virtual-phone-number\/slovakia\/\">Slovakya<\/a><\/li>\n<li class=\"page_item page-item-500\"><a href=\"https:\/\/virtnum.com\/tr\/buy-virtual-phone-number\/slovenia\/\">Slovenya<\/a><\/li>\n<li class=\"page_item page-item-503\"><a href=\"https:\/\/virtnum.com\/tr\/buy-virtual-phone-number\/south-africa\/\">G\u00fcney Afrika<\/a><\/li>\n<li class=\"page_item page-item-506\"><a href=\"https:\/\/virtnum.com\/tr\/buy-virtual-phone-number\/south-korea\/\">G\u00fcney Kore<\/a><\/li>\n<li class=\"page_item page-item-509\"><a href=\"https:\/\/virtnum.com\/tr\/buy-virtual-phone-number\/spain\/\">\u0130spanya<\/a><\/li>\n<li class=\"page_item page-item-512\"><a href=\"https:\/\/virtnum.com\/tr\/buy-virtual-phone-number\/sri-lanka\/\">Sri Lanka<\/a><\/li>\n<li class=\"page_item page-item-515\"><a href=\"https:\/\/virtnum.com\/tr\/buy-virtual-phone-number\/sweden\/\">\u0130sve\u00e7<\/a><\/li>\n<li class=\"page_item page-item-518\"><a href=\"https:\/\/virtnum.com\/tr\/buy-virtual-phone-number\/switzerland\/\">\u0130svi\u00e7re<\/a><\/li>\n<li class=\"page_item page-item-521\"><a href=\"https:\/\/virtnum.com\/tr\/buy-virtual-phone-number\/taiwan\/\">Tayvan<\/a><\/li>\n<li class=\"page_item page-item-524\"><a href=\"https:\/\/virtnum.com\/tr\/buy-virtual-phone-number\/tanzania\/\">Tanzanya<\/a><\/li>\n<li class=\"page_item page-item-527\"><a href=\"https:\/\/virtnum.com\/tr\/buy-virtual-phone-number\/thailand\/\">Tayland<\/a><\/li>\n<li class=\"page_item page-item-530\"><a href=\"https:\/\/virtnum.com\/tr\/buy-virtual-phone-number\/turkey\/\">T\u00fcrkiye<\/a><\/li>\n<li class=\"page_item page-item-536\"><a href=\"https:\/\/virtnum.com\/tr\/buy-virtual-phone-number\/uganda\/\">Uganda<\/a><\/li>\n<li class=\"page_item page-item-539\"><a href=\"https:\/\/virtnum.com\/tr\/buy-virtual-phone-number\/ukraine\/\">Ukrayna<\/a><\/li>\n<li class=\"page_item page-item-542\"><a href=\"https:\/\/virtnum.com\/tr\/buy-virtual-phone-number\/united-arab-emirates\/\">Birle\u015fik Arap Emirlikleri<\/a><\/li>\n<li class=\"page_item page-item-545\"><a href=\"https:\/\/virtnum.com\/tr\/buy-virtual-phone-number\/united-kingdom\/\">Birle\u015fik Krall\u0131k<\/a><\/li>\n<li class=\"page_item page-item-548\"><a href=\"https:\/\/virtnum.com\/tr\/buy-virtual-phone-number\/uruguay\/\">Uruguay<\/a><\/li>\n<li class=\"page_item page-item-533\"><a href=\"https:\/\/virtnum.com\/tr\/buy-virtual-phone-number\/usa\/\">Amerika<\/a><\/li>\n<li class=\"page_item page-item-551\"><a href=\"https:\/\/virtnum.com\/tr\/buy-virtual-phone-number\/uzbekistan\/\">\u00d6zbekistan<\/a><\/li>\n<li class=\"page_item page-item-554\"><a href=\"https:\/\/virtnum.com\/tr\/buy-virtual-phone-number\/venezuela\/\">Venez\u00fcella<\/a><\/li>\n<li class=\"page_item page-item-949\"><a href=\"https:\/\/virtnum.com\/tr\/buy-virtual-phone-number\/vietnam\/\">Vietnam<\/a><\/li>\n\n<\/ul>","protected":false},"excerpt":{"rendered":"<p>60&#039;tan fazla \u00fclkede en iyi kaliteyi, en ucuz maliyetle sanal telefon numaralar\u0131 ve Do\u011frudan Dahili Arama (DID) numaralar\u0131 sa\u011fl\u0131yoruz.<\/p>","protected":false},"author":1,"featured_media":0,"parent":0,"menu_order":0,"comment_status":"closed","ping_status":"closed","template":"","meta":{"_acf_changed":false,"footnotes":""},"class_list":["post-820","page","type-page","status-publish","hentry"],"acf":[],"yoast_head":"<!-- This site is optimized with the Yoast SEO plugin v27.3 - https:\/\/yoast.com\/product\/yoast-seo-wordpress\/ -->\n<title>Buy virtual phone numbers online - pay with crypto<\/title>\n<meta name=\"description\" content=\"Buy Virtual Phone Numbers with Unlimited Minutes | DID Numbers | VoIP Numbers | Toll-free Numbers | Call forwarding to SIP, VOIP, PBX, Mobile or Fixed Phones\" \/>\n<meta name=\"robots\" content=\"index, follow, max-snippet:-1, max-image-preview:large, max-video-preview:-1\" \/>\n<link rel=\"canonical\" href=\"https:\/\/virtnum.com\/tr\/\" \/>\n<meta property=\"og:locale\" content=\"tr_TR\" \/>\n<meta property=\"og:type\" content=\"article\" \/>\n<meta property=\"og:title\" content=\"Buy virtual phone numbers online - pay with crypto\" \/>\n<meta property=\"og:description\" content=\"Buy Virtual Phone Numbers with Unlimited Minutes | DID Numbers | VoIP Numbers | Toll-free Numbers | Call forwarding to SIP, VOIP, PBX, Mobile or Fixed Phones\" \/>\n<meta property=\"og:url\" content=\"https:\/\/virtnum.com\/tr\/\" \/>\n<meta property=\"og:site_name\" content=\"Virtual Local Phone Numbers\" \/>\n<meta property=\"article:modified_time\" content=\"2026-02-01T21:24:52+00:00\" \/>\n<meta name=\"twitter:card\" content=\"summary_large_image\" \/>\n<meta name=\"twitter:label1\" content=\"Tahmini okuma s\u00fcresi\" \/>\n\t<meta name=\"twitter:data1\" content=\"1 dakika\" \/>\n<script type=\"application\/ld+json\" class=\"yoast-schema-graph\">{\"@context\":\"https:\\\/\\\/schema.org\",\"@graph\":[{\"@type\":\"WebPage\",\"@id\":\"https:\\\/\\\/virtnum.com\\\/\",\"url\":\"https:\\\/\\\/virtnum.com\\\/\",\"name\":\"Buy virtual phone numbers online - pay with crypto\",\"isPartOf\":{\"@id\":\"https:\\\/\\\/virtnum.com\\\/#website\"},\"datePublished\":\"2023-10-30T21:51:49+00:00\",\"dateModified\":\"2026-02-01T21:24:52+00:00\",\"description\":\"Buy Virtual Phone Numbers with Unlimited Minutes | DID Numbers | VoIP Numbers | Toll-free Numbers | Call forwarding to SIP, VOIP, PBX, Mobile or Fixed Phones\",\"inLanguage\":\"tr\",\"potentialAction\":[{\"@type\":\"ReadAction\",\"target\":[\"https:\\\/\\\/virtnum.com\\\/\"]}]},{\"@type\":\"WebSite\",\"@id\":\"https:\\\/\\\/virtnum.com\\\/#website\",\"url\":\"https:\\\/\\\/virtnum.com\\\/\",\"name\":\"Virtual Local Phone Numbers\",\"description\":\"Buy Virtual Phone Numbers | DID Numbers | VoIP Numbers | Toll-free Numbers | Call forwarding to SIP, VOIP, PBX, Mobile or Fixed Phones\",\"publisher\":{\"@id\":\"https:\\\/\\\/virtnum.com\\\/#organization\"},\"potentialAction\":[{\"@type\":\"SearchAction\",\"target\":{\"@type\":\"EntryPoint\",\"urlTemplate\":\"https:\\\/\\\/virtnum.com\\\/?s={search_term_string}\"},\"query-input\":{\"@type\":\"PropertyValueSpecification\",\"valueRequired\":true,\"valueName\":\"search_term_string\"}}],\"inLanguage\":\"tr\"},{\"@type\":\"Organization\",\"@id\":\"https:\\\/\\\/virtnum.com\\\/#organization\",\"name\":\"Virtual Local Phone Numbers\",\"url\":\"https:\\\/\\\/virtnum.com\\\/\",\"logo\":{\"@type\":\"ImageObject\",\"inLanguage\":\"tr\",\"@id\":\"https:\\\/\\\/virtnum.com\\\/#\\\/schema\\\/logo\\\/image\\\/\",\"url\":\"https:\\\/\\\/virtnum.com\\\/wp-content\\\/uploads\\\/2022\\\/12\\\/logo-1.png\",\"contentUrl\":\"https:\\\/\\\/virtnum.com\\\/wp-content\\\/uploads\\\/2022\\\/12\\\/logo-1.png\",\"width\":420,\"height\":165,\"caption\":\"Virtual Local Phone Numbers\"},\"image\":{\"@id\":\"https:\\\/\\\/virtnum.com\\\/#\\\/schema\\\/logo\\\/image\\\/\"}}]}<\/script>\n<!-- \/ Yoast SEO plugin. -->","yoast_head_json":{"title":"\u00c7evrimi\u00e7i sanal telefon numaralar\u0131 sat\u0131n al\u0131n - kripto para ile \u00f6deme yap\u0131n","description":"S\u0131n\u0131rs\u0131z Dakikalarla Sanal Telefon Numaralar\u0131 Sat\u0131n Al\u0131n | DID Numaralar\u0131 | VoIP Numaralar\u0131 | \u00dccretsiz Numaralar | SIP, VOIP, PBX, Mobil veya Sabit Telefonlara \u00c7a\u011fr\u0131 Y\u00f6nlendirme","robots":{"index":"index","follow":"follow","max-snippet":"max-snippet:-1","max-image-preview":"max-image-preview:large","max-video-preview":"max-video-preview:-1"},"canonical":"https:\/\/virtnum.com\/tr\/","og_locale":"tr_TR","og_type":"article","og_title":"Buy virtual phone numbers online - pay with crypto","og_description":"Buy Virtual Phone Numbers with Unlimited Minutes | DID Numbers | VoIP Numbers | Toll-free Numbers | Call forwarding to SIP, VOIP, PBX, Mobile or Fixed Phones","og_url":"https:\/\/virtnum.com\/tr\/","og_site_name":"Virtual Local Phone Numbers","article_modified_time":"2026-02-01T21:24:52+00:00","twitter_card":"summary_large_image","twitter_misc":{"Tahmini okuma s\u00fcresi":"1 dakika"},"schema":{"@context":"https:\/\/schema.org","@graph":[{"@type":"WebPage","@id":"https:\/\/virtnum.com\/","url":"https:\/\/virtnum.com\/","name":"\u00c7evrimi\u00e7i sanal telefon numaralar\u0131 sat\u0131n al\u0131n - kripto para ile \u00f6deme yap\u0131n","isPartOf":{"@id":"https:\/\/virtnum.com\/#website"},"datePublished":"2023-10-30T21:51:49+00:00","dateModified":"2026-02-01T21:24:52+00:00","description":"S\u0131n\u0131rs\u0131z Dakikalarla Sanal Telefon Numaralar\u0131 Sat\u0131n Al\u0131n | DID Numaralar\u0131 | VoIP Numaralar\u0131 | \u00dccretsiz Numaralar | SIP, VOIP, PBX, Mobil veya Sabit Telefonlara \u00c7a\u011fr\u0131 Y\u00f6nlendirme","inLanguage":"tr","potentialAction":[{"@type":"ReadAction","target":["https:\/\/virtnum.com\/"]}]},{"@type":"WebSite","@id":"https:\/\/virtnum.com\/#website","url":"https:\/\/virtnum.com\/","name":"Sanal Yerel Telefon Numaralar\u0131","description":"Sanal Telefon Numaralar\u0131 Sat\u0131n Al\u0131n | DID Numaralar\u0131 | VoIP Numaralar\u0131 | \u00dccretsiz Numaralar | SIP, VOIP, PBX, Mobil veya Sabit Telefonlara \u00c7a\u011fr\u0131 Y\u00f6nlendirme","publisher":{"@id":"https:\/\/virtnum.com\/#organization"},"potentialAction":[{"@type":"SearchAction","target":{"@type":"EntryPoint","urlTemplate":"https:\/\/virtnum.com\/?s={search_term_string}"},"query-input":{"@type":"PropertyValueSpecification","valueRequired":true,"valueName":"search_term_string"}}],"inLanguage":"tr"},{"@type":"Organization","@id":"https:\/\/virtnum.com\/#organization","name":"Sanal Yerel Telefon Numaralar\u0131","url":"https:\/\/virtnum.com\/","logo":{"@type":"ImageObject","inLanguage":"tr","@id":"https:\/\/virtnum.com\/#\/schema\/logo\/image\/","url":"https:\/\/virtnum.com\/wp-content\/uploads\/2022\/12\/logo-1.png","contentUrl":"https:\/\/virtnum.com\/wp-content\/uploads\/2022\/12\/logo-1.png","width":420,"height":165,"caption":"Virtual Local Phone Numbers"},"image":{"@id":"https:\/\/virtnum.com\/#\/schema\/logo\/image\/"}}]}},"_links":{"self":[{"href":"https:\/\/virtnum.com\/tr\/wp-json\/wp\/v2\/pages\/820","targetHints":{"allow":["GET"]}}],"collection":[{"href":"https:\/\/virtnum.com\/tr\/wp-json\/wp\/v2\/pages"}],"about":[{"href":"https:\/\/virtnum.com\/tr\/wp-json\/wp\/v2\/types\/page"}],"author":[{"embeddable":true,"href":"https:\/\/virtnum.com\/tr\/wp-json\/wp\/v2\/users\/1"}],"replies":[{"embeddable":true,"href":"https:\/\/virtnum.com\/tr\/wp-json\/wp\/v2\/comments?post=820"}],"version-history":[{"count":3,"href":"https:\/\/virtnum.com\/tr\/wp-json\/wp\/v2\/pages\/820\/revisions"}],"predecessor-version":[{"id":915,"href":"https:\/\/virtnum.com\/tr\/wp-json\/wp\/v2\/pages\/820\/revisions\/915"}],"wp:attachment":[{"href":"https:\/\/virtnum.com\/tr\/wp-json\/wp\/v2\/media?parent=820"}],"curies":[{"name":"wp","href":"https:\/\/api.w.org\/{rel}","templated":true}]}}