{"id":851,"date":"2024-08-06T05:32:36","date_gmt":"2024-08-06T01:32:36","guid":{"rendered":"https:\/\/virtnum.com\/?page_id=851"},"modified":"2025-10-24T17:09:12","modified_gmt":"2025-10-24T13:09:12","slug":"telegram","status":"publish","type":"page","link":"https:\/\/virtnum.com\/tr\/disposable\/telegram\/","title":{"rendered":"Telegram i\u00e7in Sanal Numara"},"content":{"rendered":"<p>Telegram, g\u00fcvenli\u011fi ve \u00e7ok y\u00f6nl\u00fcl\u00fc\u011f\u00fcyle bilinen sa\u011flam bir mesajla\u015fma platformudur. Ancak, faydalar\u0131n\u0131 en \u00fcst d\u00fczeye \u00e7\u0131karmak i\u00e7in sanal bir numara kullanmak oyunun kurallar\u0131n\u0131 de\u011fi\u015ftirebilir. Sanal numaralar ekstra bir gizlilik katman\u0131 sunar ve birden fazla SIM karta ihtiya\u00e7 duymadan birden fazla hesab\u0131 y\u00f6netmenize yard\u0131mc\u0131 olabilir.<\/p>\n\n\n\n<h2 class=\"wp-block-heading\">Geli\u015fmi\u015f Gizlilik<\/h2>\n\n\n\n<p>G\u00fcn\u00fcm\u00fcz\u00fcn dijital \u00e7a\u011f\u0131ndaki en b\u00fcy\u00fck endi\u015felerden biri gizlili\u011fi korumakt\u0131r. Sanal numaralar, ki\u015fisel telefon numaran\u0131z\u0131 gizli tutarak bir \u00e7\u00f6z\u00fcm sunar. Bu, \u00f6zellikle ki\u015fisel ve profesyonel ileti\u015fimlerini ay\u0131rmak isteyenler i\u00e7in faydal\u0131d\u0131r. Sanal bir numara kullanarak, ger\u00e7ek numaran\u0131z\u0131n gizli kalmas\u0131n\u0131 sa\u011flayabilir, istenmeyen temas ve olas\u0131 g\u00fcvenlik ihlalleri riskini azaltabilirsiniz.<\/p>\n\n\n\n<p align=\"center\"><a href=\"https:\/\/lk.virtnum.com\/en\/component\/telecomax?task=buyunregistred&#038;type=one-use-sms-numbers\" class=\"buy\">Telegram i\u00e7in ge\u00e7ici telefon numaras\u0131 sat\u0131n al<\/a><\/p>\n\n\n\n<h2 class=\"wp-block-heading\">Birden Fazla Hesab\u0131 Y\u00f6netme<\/h2>\n\n\n\n<p>Hem bireyler hem de i\u015fletmeler i\u00e7in birden fazla Telegram hesab\u0131n\u0131 y\u00f6netmek bir zorunluluk olabilir. Ki\u015fisel, ticari ve m\u00fc\u015fteri ileti\u015fimlerini y\u00f6netiyor veya birden fazla kampanya y\u00fcr\u00fct\u00fcyor olun, sanal bir numara s\u00fcreci basitle\u015ftirir. Birka\u00e7 SIM kart\u0131 ve cihaz\u0131 idare etmek yerine, her hesap i\u00e7in farkl\u0131 sanal numaralar kullanabilirsiniz. Bu yaln\u0131zca zamandan tasarruf sa\u011flamakla kalmaz, ayn\u0131 zamanda birden fazla fiziksel numaray\u0131 y\u00f6netmekle ili\u015fkili g\u00fc\u00e7l\u00fc\u011f\u00fc de azalt\u0131r.<\/p>\n\n\n\n<h2 class=\"wp-block-heading\">Maliyet Etkin \u00c7\u00f6z\u00fcm<\/h2>\n\n\n\n<p>Birden fazla SIM kart\u0131 bulundurmak pahal\u0131 ve pratik olmayabilir, \u00f6zellikle s\u0131k seyahat edenler veya uluslararas\u0131 i\u015fletme sahipleri i\u00e7in. Sanal numaralar uygun maliyetli bir alternatif sunar. Ek donan\u0131ma ihtiya\u00e7 duymadan birden fazla numaraya sahip olman\u0131z\u0131 sa\u011flar. Bu, farkl\u0131 b\u00f6lgelerde varl\u0131k g\u00f6stermesi gereken ancak birden fazla telefon plan\u0131n\u0131n maliyetinden ka\u00e7\u0131nmak isteyen i\u015fletmeler i\u00e7in \u00f6zellikle faydal\u0131d\u0131r.<\/p>\n\n\n\n<h2 class=\"wp-block-heading\">Esneklik ve Kolayl\u0131k<\/h2>\n\n\n\n<p>Sanal numaralar benzersiz bir esneklik sunar. Bu numaralar\u0131 fiziksel bir ma\u011fazaya gitmeden \u00e7evrimi\u00e7i olarak edinebilir ve y\u00f6netebilirsiniz. Bu, dakikalar i\u00e7inde yeni bir numara ayarlay\u0131p kullanmaya ba\u015flayabilece\u011finiz anlam\u0131na gelir. Ayr\u0131ca, numaran\u0131z\u0131 de\u011fi\u015ftirmeniz gerekirse, fiziksel bir SIM kart\u0131 de\u011fi\u015ftirmenin karma\u015f\u0131kl\u0131klar\u0131 olmadan bunu kolayca yapabilirsiniz. Bu kolayl\u0131k, de\u011fi\u015fen ileti\u015fim ihtiya\u00e7lar\u0131na h\u0131zla uyum sa\u011flamas\u0131 gerekenler i\u00e7in \u00f6nemli bir avantajd\u0131r.<\/p>\n\n\n\n<h2 class=\"wp-block-heading\">Profesyonellik ve Kontrol<\/h2>\n\n\n\n<p>Sanal numaralar kullanmak profesyonel imaj\u0131n\u0131z\u0131 da geli\u015ftirebilir. \u0130\u015fletmeler i\u00e7in m\u00fc\u015fteri deste\u011fi, sat\u0131\u015f ve di\u011fer i\u015flevler i\u00e7in \u00f6zel numaralara sahip olmak operasyonlar\u0131n daha d\u00fczenli ve profesyonel g\u00f6r\u00fcnmesini sa\u011flayabilir. Ayr\u0131ca ileti\u015fim kanallar\u0131n\u0131z \u00fczerinde daha fazla kontrol sahibi olman\u0131z\u0131 sa\u011flayarak etkile\u015fimleri daha etkili bir \u015fekilde y\u00f6netmenizi ve izlemenizi sa\u011flar. \u00c7a\u011fr\u0131lar\u0131 ve mesajlar\u0131 farkl\u0131 ekip \u00fcyelerine kolayca iletebilir, h\u0131zl\u0131 ve etkili yan\u0131tlar alabilirsiniz.<\/p>\n\n\n\n<h2 class=\"wp-block-heading\">G\u00fcvenlik ve Anonimlik<\/h2>\n\n\n\n<p>Belirli durumlarda, anonimli\u011fi korumak hayati \u00f6nem ta\u015f\u0131yabilir. \u0130ster pazar ara\u015ft\u0131rmas\u0131 yap\u0131n, ister hassas ileti\u015fimleri y\u00f6netin veya sadece kimli\u011finizi gizli tutmay\u0131 tercih edin, sanal numaralar ek bir g\u00fcvenlik katman\u0131 sa\u011flar. Ger\u00e7ek kimli\u011finizi if\u015fa etmeden etkile\u015fime girmenize olanak tan\u0131rlar, bu da doland\u0131r\u0131c\u0131l\u0131\u011fa ve di\u011fer g\u00fcvenlik tehditlerine kar\u015f\u0131 korunmada \u00f6zellikle \u00f6nemli olabilir.<\/p>\n\n\n\n<h2 class=\"wp-block-heading\">Ak\u0131c\u0131 \u0130leti\u015fim<\/h2>\n\n\n\n<p>Telegram gibi mesajla\u015fma uygulamalar\u0131n\u0131 s\u0131k kullananlar i\u00e7in sanal numaralar ileti\u015fimi kolayla\u015ft\u0131rabilir. Farkl\u0131 gruplar veya ama\u00e7lar i\u00e7in \u00f6zel numaralar kullanabilir, b\u00f6ylece konu\u015fmalar\u0131 takip etmeyi ve etkile\u015fimleri y\u00f6netmeyi kolayla\u015ft\u0131rabilirsiniz. Bu, \u00f6zellikle y\u00fcksek hacimli mesajlar\u0131 verimli bir \u015fekilde y\u00f6netmesi gereken etkileyiciler, pazarlamac\u0131lar ve m\u00fc\u015fteri hizmetleri ekipleri i\u00e7in faydal\u0131d\u0131r.<\/p>\n\n\n\n<h2 class=\"wp-block-heading\">\u00c7\u00f6z\u00fcm<\/h2>\n\n\n\n<p>\u00d6zetle, sanal numaralar Telegram kullan\u0131c\u0131lar\u0131 i\u00e7in geli\u015fmi\u015f gizlilik ve g\u00fcvenlikten maliyet tasarruflar\u0131na ve rahatl\u0131\u011fa kadar \u00e7ok say\u0131da avantaj sunar. Sanal numaralar\u0131 ileti\u015fim stratejinize entegre ederek, birden fazla hesab\u0131 daha iyi y\u00f6netebilir, gizlili\u011finizi koruyabilir ve profesyonel bir imaj yans\u0131tabilirsiniz. \u0130ster ki\u015fisel kullan\u0131m ister i\u015f ama\u00e7l\u0131 olsun, sanal numaralar Telegram deneyiminizi \u00f6nemli \u00f6l\u00e7\u00fcde iyile\u015ftirebilecek \u00e7ok y\u00f6nl\u00fc bir ara\u00e7t\u0131r.<\/p>\n\n\n\n<p>\u015eu gibi platformlardan yararlanarak: <a href=\"https:\/\/virtnum.com\/en\/\">Sanal numara<\/a>, sanal numaralar\u0131 kolayca edinebilir ve y\u00f6netebilir, sorunsuz ve verimli bir ileti\u015fim s\u00fcreci sa\u011flayabilirsiniz. Dijital alanda \u00f6nde kalmak i\u00e7in bu modern \u00e7\u00f6z\u00fcm\u00fc benimseyin.<\/p>\n\n\n\n<p align=\"center\"><a href=\"https:\/\/lk.virtnum.com\/en\/component\/telecomax?task=buyunregistred&#038;type=one-use-sms-numbers\" class=\"buy\">Telegram do\u011frulamas\u0131 i\u00e7in tek kullan\u0131ml\u0131k numara sat\u0131n al\u0131n<\/a><\/p>\n\n\n\n<h2 class=\"wp-block-heading\">Telegram i\u00e7in sanal ge\u00e7ici numara nas\u0131l sat\u0131n al\u0131n\u0131r<\/h2>\n\n\n\n<p>Bir tane edinmenin size fayda sa\u011flayaca\u011f\u0131n\u0131 d\u00fc\u015f\u00fcn\u00fcyorsan\u0131z, i\u015fte 10 dakika veya daha k\u0131sa s\u00fcrede nas\u0131l edinebilece\u011finiz. Se\u00e7ti\u011finiz sa\u011flay\u0131c\u0131da zaten bir hesab\u0131n\u0131z varsa daha da h\u0131zl\u0131 olacakt\u0131r. A\u015fa\u011f\u0131da \u00f6zetlenen ad\u0131mlar Telnum ile bunu nas\u0131l yapaca\u011f\u0131n\u0131z\u0131 g\u00f6stermektedir:<\/p>\n\n\n\n<ol class=\"wp-block-list\">\n<li>Web sitemize gidin.<\/li>\n\n\n\n<li>Hesab\u0131n\u0131za para y\u00fckleyin<\/li>\n\n\n\n<li>Hizmetler alt\u0131nda Tek Kullan\u0131ml\u0131k Numaralar&#039;a gidin.<\/li>\n\n\n\n<li>Tek Kullan\u0131ml\u0131k SMS Numaras\u0131 Sat\u0131n Al yazan mavi butona t\u0131klay\u0131n<\/li>\n\n\n\n<li>\u00dclkeyi (alan kodu i\u00e7in) ve Telegram&#039;\u0131 se\u00e7in.<\/li>\n\n\n\n<li>Hesab\u0131n\u0131za giri\u015f yap\u0131n veya yeni bir hesap olu\u015fturun.<\/li>\n<\/ol>\n\n\n\n<p align=\"center\"><a href=\"https:\/\/lk.virtnum.com\/en\/component\/telecomax?task=buyunregistred&#038;type=one-use-sms-numbers\" class=\"buy\">Tek seferlik \u015fifre OTP numaras\u0131 sat\u0131n al<\/a><\/p>","protected":false},"excerpt":{"rendered":"<p>Telegram, g\u00fcvenli\u011fi ve \u00e7ok y\u00f6nl\u00fcl\u00fc\u011f\u00fcyle bilinen sa\u011flam bir mesajla\u015fma platformudur. Ancak, faydalar\u0131n\u0131 en \u00fcst d\u00fczeye \u00e7\u0131karmak i\u00e7in sanal bir numara kullanmak oyunun kurallar\u0131n\u0131 de\u011fi\u015ftirebilir.<\/p>","protected":false},"author":1,"featured_media":0,"parent":467,"menu_order":0,"comment_status":"closed","ping_status":"closed","template":"","meta":{"_acf_changed":false,"footnotes":""},"class_list":["post-851","page","type-page","status-publish","hentry"],"acf":[],"yoast_head":"<!-- This site is optimized with the Yoast SEO plugin v27.4 - https:\/\/yoast.com\/product\/yoast-seo-wordpress\/ -->\n<title>Virtual numbers for Telegram registration\/verification<\/title>\n<meta name=\"description\" content=\"Buy disposable (temporary) phone numbers for Telegram registration\/verification\" \/>\n<meta name=\"robots\" content=\"index, follow, max-snippet:-1, max-image-preview:large, max-video-preview:-1\" \/>\n<link rel=\"canonical\" href=\"https:\/\/virtnum.com\/tr\/disposable\/telegram\/\" \/>\n<meta property=\"og:locale\" content=\"tr_TR\" \/>\n<meta property=\"og:type\" content=\"article\" \/>\n<meta property=\"og:title\" content=\"Virtual numbers for Telegram registration\/verification\" \/>\n<meta property=\"og:description\" content=\"Buy disposable (temporary) phone numbers for Telegram registration\/verification\" \/>\n<meta property=\"og:url\" content=\"https:\/\/virtnum.com\/tr\/disposable\/telegram\/\" \/>\n<meta property=\"og:site_name\" content=\"Virtual Local Phone Numbers\" \/>\n<meta property=\"article:modified_time\" content=\"2025-10-24T13:09:12+00:00\" \/>\n<meta name=\"twitter:card\" content=\"summary_large_image\" \/>\n<meta name=\"twitter:label1\" content=\"Tahmini okuma s\u00fcresi\" \/>\n\t<meta name=\"twitter:data1\" content=\"4 dakika\" \/>\n<script type=\"application\/ld+json\" class=\"yoast-schema-graph\">{\"@context\":\"https:\\\/\\\/schema.org\",\"@graph\":[{\"@type\":\"WebPage\",\"@id\":\"https:\\\/\\\/virtnum.com\\\/disposable\\\/telegram\\\/\",\"url\":\"https:\\\/\\\/virtnum.com\\\/disposable\\\/telegram\\\/\",\"name\":\"Virtual numbers for Telegram registration\\\/verification\",\"isPartOf\":{\"@id\":\"https:\\\/\\\/virtnum.com\\\/#website\"},\"datePublished\":\"2024-08-06T01:32:36+00:00\",\"dateModified\":\"2025-10-24T13:09:12+00:00\",\"description\":\"Buy disposable (temporary) phone numbers for Telegram registration\\\/verification\",\"breadcrumb\":{\"@id\":\"https:\\\/\\\/virtnum.com\\\/disposable\\\/telegram\\\/#breadcrumb\"},\"inLanguage\":\"tr\",\"potentialAction\":[{\"@type\":\"ReadAction\",\"target\":[\"https:\\\/\\\/virtnum.com\\\/disposable\\\/telegram\\\/\"]}]},{\"@type\":\"BreadcrumbList\",\"@id\":\"https:\\\/\\\/virtnum.com\\\/disposable\\\/telegram\\\/#breadcrumb\",\"itemListElement\":[{\"@type\":\"ListItem\",\"position\":1,\"name\":\"Disposable numbers\",\"item\":\"https:\\\/\\\/virtnum.com\\\/disposable\\\/\"},{\"@type\":\"ListItem\",\"position\":2,\"name\":\"Virtual Number for Telegram\"}]},{\"@type\":\"WebSite\",\"@id\":\"https:\\\/\\\/virtnum.com\\\/#website\",\"url\":\"https:\\\/\\\/virtnum.com\\\/\",\"name\":\"Virtual Local Phone Numbers\",\"description\":\"Buy Virtual Phone Numbers | DID Numbers | VoIP Numbers | Toll-free Numbers | Call forwarding to SIP, VOIP, PBX, Mobile or Fixed Phones\",\"publisher\":{\"@id\":\"https:\\\/\\\/virtnum.com\\\/#organization\"},\"potentialAction\":[{\"@type\":\"SearchAction\",\"target\":{\"@type\":\"EntryPoint\",\"urlTemplate\":\"https:\\\/\\\/virtnum.com\\\/?s={search_term_string}\"},\"query-input\":{\"@type\":\"PropertyValueSpecification\",\"valueRequired\":true,\"valueName\":\"search_term_string\"}}],\"inLanguage\":\"tr\"},{\"@type\":\"Organization\",\"@id\":\"https:\\\/\\\/virtnum.com\\\/#organization\",\"name\":\"Virtual Local Phone Numbers\",\"url\":\"https:\\\/\\\/virtnum.com\\\/\",\"logo\":{\"@type\":\"ImageObject\",\"inLanguage\":\"tr\",\"@id\":\"https:\\\/\\\/virtnum.com\\\/#\\\/schema\\\/logo\\\/image\\\/\",\"url\":\"https:\\\/\\\/virtnum.com\\\/wp-content\\\/uploads\\\/2022\\\/12\\\/logo-1.png\",\"contentUrl\":\"https:\\\/\\\/virtnum.com\\\/wp-content\\\/uploads\\\/2022\\\/12\\\/logo-1.png\",\"width\":420,\"height\":165,\"caption\":\"Virtual Local Phone Numbers\"},\"image\":{\"@id\":\"https:\\\/\\\/virtnum.com\\\/#\\\/schema\\\/logo\\\/image\\\/\"}}]}<\/script>\n<!-- \/ Yoast SEO plugin. -->","yoast_head_json":{"title":"Telegram kayd\u0131\/do\u011frulamas\u0131 i\u00e7in sanal numaralar","description":"Telegram kayd\u0131\/do\u011frulamas\u0131 i\u00e7in tek kullan\u0131ml\u0131k (ge\u00e7ici) telefon numaralar\u0131 sat\u0131n al\u0131n","robots":{"index":"index","follow":"follow","max-snippet":"max-snippet:-1","max-image-preview":"max-image-preview:large","max-video-preview":"max-video-preview:-1"},"canonical":"https:\/\/virtnum.com\/tr\/disposable\/telegram\/","og_locale":"tr_TR","og_type":"article","og_title":"Virtual numbers for Telegram registration\/verification","og_description":"Buy disposable (temporary) phone numbers for Telegram registration\/verification","og_url":"https:\/\/virtnum.com\/tr\/disposable\/telegram\/","og_site_name":"Virtual Local Phone Numbers","article_modified_time":"2025-10-24T13:09:12+00:00","twitter_card":"summary_large_image","twitter_misc":{"Tahmini okuma s\u00fcresi":"4 dakika"},"schema":{"@context":"https:\/\/schema.org","@graph":[{"@type":"WebPage","@id":"https:\/\/virtnum.com\/disposable\/telegram\/","url":"https:\/\/virtnum.com\/disposable\/telegram\/","name":"Telegram kayd\u0131\/do\u011frulamas\u0131 i\u00e7in sanal numaralar","isPartOf":{"@id":"https:\/\/virtnum.com\/#website"},"datePublished":"2024-08-06T01:32:36+00:00","dateModified":"2025-10-24T13:09:12+00:00","description":"Telegram kayd\u0131\/do\u011frulamas\u0131 i\u00e7in tek kullan\u0131ml\u0131k (ge\u00e7ici) telefon numaralar\u0131 sat\u0131n al\u0131n","breadcrumb":{"@id":"https:\/\/virtnum.com\/disposable\/telegram\/#breadcrumb"},"inLanguage":"tr","potentialAction":[{"@type":"ReadAction","target":["https:\/\/virtnum.com\/disposable\/telegram\/"]}]},{"@type":"BreadcrumbList","@id":"https:\/\/virtnum.com\/disposable\/telegram\/#breadcrumb","itemListElement":[{"@type":"ListItem","position":1,"name":"Disposable numbers","item":"https:\/\/virtnum.com\/disposable\/"},{"@type":"ListItem","position":2,"name":"Virtual Number for Telegram"}]},{"@type":"WebSite","@id":"https:\/\/virtnum.com\/#website","url":"https:\/\/virtnum.com\/","name":"Sanal Yerel Telefon Numaralar\u0131","description":"Sanal Telefon Numaralar\u0131 Sat\u0131n Al\u0131n | DID Numaralar\u0131 | VoIP Numaralar\u0131 | \u00dccretsiz Numaralar | SIP, VOIP, PBX, Mobil veya Sabit Telefonlara \u00c7a\u011fr\u0131 Y\u00f6nlendirme","publisher":{"@id":"https:\/\/virtnum.com\/#organization"},"potentialAction":[{"@type":"SearchAction","target":{"@type":"EntryPoint","urlTemplate":"https:\/\/virtnum.com\/?s={search_term_string}"},"query-input":{"@type":"PropertyValueSpecification","valueRequired":true,"valueName":"search_term_string"}}],"inLanguage":"tr"},{"@type":"Organization","@id":"https:\/\/virtnum.com\/#organization","name":"Sanal Yerel Telefon Numaralar\u0131","url":"https:\/\/virtnum.com\/","logo":{"@type":"ImageObject","inLanguage":"tr","@id":"https:\/\/virtnum.com\/#\/schema\/logo\/image\/","url":"https:\/\/virtnum.com\/wp-content\/uploads\/2022\/12\/logo-1.png","contentUrl":"https:\/\/virtnum.com\/wp-content\/uploads\/2022\/12\/logo-1.png","width":420,"height":165,"caption":"Virtual Local Phone Numbers"},"image":{"@id":"https:\/\/virtnum.com\/#\/schema\/logo\/image\/"}}]}},"_links":{"self":[{"href":"https:\/\/virtnum.com\/tr\/wp-json\/wp\/v2\/pages\/851","targetHints":{"allow":["GET"]}}],"collection":[{"href":"https:\/\/virtnum.com\/tr\/wp-json\/wp\/v2\/pages"}],"about":[{"href":"https:\/\/virtnum.com\/tr\/wp-json\/wp\/v2\/types\/page"}],"author":[{"embeddable":true,"href":"https:\/\/virtnum.com\/tr\/wp-json\/wp\/v2\/users\/1"}],"replies":[{"embeddable":true,"href":"https:\/\/virtnum.com\/tr\/wp-json\/wp\/v2\/comments?post=851"}],"version-history":[{"count":1,"href":"https:\/\/virtnum.com\/tr\/wp-json\/wp\/v2\/pages\/851\/revisions"}],"predecessor-version":[{"id":852,"href":"https:\/\/virtnum.com\/tr\/wp-json\/wp\/v2\/pages\/851\/revisions\/852"}],"up":[{"embeddable":true,"href":"https:\/\/virtnum.com\/tr\/wp-json\/wp\/v2\/pages\/467"}],"wp:attachment":[{"href":"https:\/\/virtnum.com\/tr\/wp-json\/wp\/v2\/media?parent=851"}],"curies":[{"name":"wp","href":"https:\/\/api.w.org\/{rel}","templated":true}]}}