{"id":853,"date":"2024-08-07T02:35:07","date_gmt":"2024-08-06T22:35:07","guid":{"rendered":"https:\/\/virtnum.com\/?page_id=853"},"modified":"2025-10-24T17:08:47","modified_gmt":"2025-10-24T13:08:47","slug":"whatsapp","status":"publish","type":"page","link":"https:\/\/virtnum.com\/tr\/disposable\/whatsapp\/","title":{"rendered":"WhatsApp i\u00e7in Sanal Numara"},"content":{"rendered":"<p>WhatsApp, g\u00fcvenilirli\u011fi ve kullan\u0131m kolayl\u0131\u011f\u0131yla pop\u00fcler olan harika bir mesajla\u015fma uygulamas\u0131d\u0131r. Ancak, bundan daha fazlas\u0131n\u0131 elde etmek istiyorsan\u0131z, sanal bir numara kullanmak ger\u00e7ek bir oyun de\u011fi\u015ftirici olabilir. Sanal numaralar ekstra bir gizlilik katman\u0131 ekler, birden fazla hesab\u0131 y\u00f6netmeyi basitle\u015ftirir ve hem ki\u015fisel hem de ticari kullan\u0131m i\u00e7in uygun maliyetli \u00e7\u00f6z\u00fcmler sunar.<\/p>\n\n\n\n<p align=\"center\"><a href=\"https:\/\/lk.virtnum.com\/en\/component\/telecomax?task=buyunregistred&#038;type=one-use-sms-numbers\" class=\"buy\">WhatsApp i\u00e7in ge\u00e7ici telefon numaras\u0131 sat\u0131n al<\/a><\/p>\n\n\n\n<h2 class=\"wp-block-heading\">Gizlili\u011finizi Art\u0131r\u0131n<\/h2>\n\n\n\n<p>G\u00fcn\u00fcm\u00fcz\u00fcn dijital d\u00fcnyas\u0131nda, ki\u015fisel bilgilerinizi gizli tutmak hayati \u00f6nem ta\u015f\u0131r. Sanal numaralar, ger\u00e7ek telefon numaran\u0131z\u0131 gizli tutarak yard\u0131mc\u0131 olabilir. Bu, \u00f6zellikle ki\u015fisel ve profesyonel ileti\u015fimlerinizi ay\u0131rmak istiyorsan\u0131z faydal\u0131d\u0131r. Sanal bir numara kullanarak, ger\u00e7ek numaran\u0131z\u0131n gizli kalmas\u0131n\u0131 sa\u011flayabilir, istenmeyen temas ve olas\u0131 g\u00fcvenlik sorunlar\u0131 riskini azaltabilirsiniz.<\/p>\n\n\n\n<h2 class=\"wp-block-heading\">Birden Fazla Hesab\u0131 Kolayca Y\u00f6netin<\/h2>\n\n\n\n<p>\u0130ster bir birey olun ister bir i\u015fletme y\u00f6netin, bazen birden fazla WhatsApp hesab\u0131n\u0131 y\u00f6netmeniz gerekir. Sanal numaralar bu g\u00f6revi \u00e7ok daha kolayla\u015ft\u0131r\u0131r. Birden fazla SIM kart\u0131 ve cihaz\u0131 idare etmek yerine, her hesap i\u00e7in farkl\u0131 sanal numaralar kullanabilirsiniz. Bu size zaman kazand\u0131r\u0131r ve \u00e7e\u015fitli hesaplar\u0131 y\u00f6netme s\u00fcrecini basitle\u015ftirir.<\/p>\n\n\n\n<p align=\"center\"><a href=\"https:\/\/lk.virtnum.com\/en\/component\/telecomax?task=buyunregistred&#038;type=one-use-sms-numbers\" class=\"buy\">WhatsApp do\u011frulamas\u0131 i\u00e7in tek kullan\u0131ml\u0131k numara sat\u0131n al\u0131n<\/a><\/p>\n\n\n\n<h2 class=\"wp-block-heading\">WhatsApp i\u00e7in sanal ge\u00e7ici numara nas\u0131l sat\u0131n al\u0131n\u0131r<\/h2>\n\n\n\n<p>Bir tane edinmenin size fayda sa\u011flayaca\u011f\u0131n\u0131 d\u00fc\u015f\u00fcn\u00fcyorsan\u0131z, i\u015fte 10 dakika veya daha k\u0131sa s\u00fcrede nas\u0131l edinebilece\u011finiz. Se\u00e7ti\u011finiz sa\u011flay\u0131c\u0131da zaten bir hesab\u0131n\u0131z varsa daha da h\u0131zl\u0131 olacakt\u0131r. A\u015fa\u011f\u0131da \u00f6zetlenen ad\u0131mlar Telnum ile bunu nas\u0131l yapaca\u011f\u0131n\u0131z\u0131 g\u00f6stermektedir:<\/p>\n\n\n\n<ol class=\"wp-block-list\">\n<li>Web sitemize gidin.<\/li>\n\n\n\n<li>Hesab\u0131n\u0131za para y\u00fckleyin<\/li>\n\n\n\n<li>Hizmetler alt\u0131nda Tek Kullan\u0131ml\u0131k Numaralar&#039;a gidin.<\/li>\n\n\n\n<li>Tek Kullan\u0131ml\u0131k SMS Numaras\u0131 Sat\u0131n Al yazan mavi butona t\u0131klay\u0131n<\/li>\n\n\n\n<li>\u00dclkeyi (alan kodu i\u00e7in) ve WhatsApp&#039;\u0131 se\u00e7in.<\/li>\n\n\n\n<li>Hesab\u0131n\u0131za giri\u015f yap\u0131n veya yeni bir hesap olu\u015fturun.<\/li>\n<\/ol>\n\n\n\n<p align=\"center\"><a href=\"https:\/\/lk.virtnum.com\/en\/component\/telecomax?task=buyunregistred&#038;type=one-use-sms-numbers\" class=\"buy\">Tek seferlik \u015fifre OTP numaras\u0131 sat\u0131n al<\/a><\/p>","protected":false},"excerpt":{"rendered":"<p>WhatsApp, g\u00fcvenilirli\u011fi ve kullan\u0131m kolayl\u0131\u011f\u0131yla pop\u00fcler olan harika bir mesajla\u015fma uygulamas\u0131d\u0131r. Ancak, daha fazlas\u0131n\u0131 elde etmek istiyorsan\u0131z\u2026<\/p>","protected":false},"author":1,"featured_media":0,"parent":467,"menu_order":0,"comment_status":"closed","ping_status":"closed","template":"","meta":{"_acf_changed":false,"footnotes":""},"class_list":["post-853","page","type-page","status-publish","hentry"],"acf":[],"yoast_head":"<!-- This site is optimized with the Yoast SEO plugin v27.5 - https:\/\/yoast.com\/product\/yoast-seo-wordpress\/ -->\n<title>Virtual numbers for WhatsApp registration\/verification<\/title>\n<meta name=\"description\" content=\"Buy disposable (temporary) phone numbers for WhatsApp registration\/verification\" \/>\n<meta name=\"robots\" content=\"index, follow, max-snippet:-1, max-image-preview:large, max-video-preview:-1\" \/>\n<link rel=\"canonical\" href=\"https:\/\/virtnum.com\/tr\/disposable\/whatsapp\/\" \/>\n<meta property=\"og:locale\" content=\"tr_TR\" \/>\n<meta property=\"og:type\" content=\"article\" \/>\n<meta property=\"og:title\" content=\"Virtual numbers for WhatsApp registration\/verification\" \/>\n<meta property=\"og:description\" content=\"Buy disposable (temporary) phone numbers for WhatsApp registration\/verification\" \/>\n<meta property=\"og:url\" content=\"https:\/\/virtnum.com\/tr\/disposable\/whatsapp\/\" \/>\n<meta property=\"og:site_name\" content=\"Virtual Local Phone Numbers\" \/>\n<meta property=\"article:modified_time\" content=\"2025-10-24T13:08:47+00:00\" \/>\n<meta name=\"twitter:card\" content=\"summary_large_image\" \/>\n<meta name=\"twitter:label1\" content=\"Tahmini okuma s\u00fcresi\" \/>\n\t<meta name=\"twitter:data1\" content=\"2 dakika\" \/>\n<script type=\"application\/ld+json\" class=\"yoast-schema-graph\">{\"@context\":\"https:\\\/\\\/schema.org\",\"@graph\":[{\"@type\":\"WebPage\",\"@id\":\"https:\\\/\\\/virtnum.com\\\/disposable\\\/whatsapp\\\/\",\"url\":\"https:\\\/\\\/virtnum.com\\\/disposable\\\/whatsapp\\\/\",\"name\":\"Virtual numbers for WhatsApp registration\\\/verification\",\"isPartOf\":{\"@id\":\"https:\\\/\\\/virtnum.com\\\/#website\"},\"datePublished\":\"2024-08-06T22:35:07+00:00\",\"dateModified\":\"2025-10-24T13:08:47+00:00\",\"description\":\"Buy disposable (temporary) phone numbers for WhatsApp registration\\\/verification\",\"breadcrumb\":{\"@id\":\"https:\\\/\\\/virtnum.com\\\/disposable\\\/whatsapp\\\/#breadcrumb\"},\"inLanguage\":\"tr\",\"potentialAction\":[{\"@type\":\"ReadAction\",\"target\":[\"https:\\\/\\\/virtnum.com\\\/disposable\\\/whatsapp\\\/\"]}]},{\"@type\":\"BreadcrumbList\",\"@id\":\"https:\\\/\\\/virtnum.com\\\/disposable\\\/whatsapp\\\/#breadcrumb\",\"itemListElement\":[{\"@type\":\"ListItem\",\"position\":1,\"name\":\"Disposable numbers\",\"item\":\"https:\\\/\\\/virtnum.com\\\/disposable\\\/\"},{\"@type\":\"ListItem\",\"position\":2,\"name\":\"Virtual Number for WhatsApp\"}]},{\"@type\":\"WebSite\",\"@id\":\"https:\\\/\\\/virtnum.com\\\/#website\",\"url\":\"https:\\\/\\\/virtnum.com\\\/\",\"name\":\"Virtual Local Phone Numbers\",\"description\":\"Buy Virtual Phone Numbers | DID Numbers | VoIP Numbers | Toll-free Numbers | Call forwarding to SIP, VOIP, PBX, Mobile or Fixed Phones\",\"publisher\":{\"@id\":\"https:\\\/\\\/virtnum.com\\\/#organization\"},\"potentialAction\":[{\"@type\":\"SearchAction\",\"target\":{\"@type\":\"EntryPoint\",\"urlTemplate\":\"https:\\\/\\\/virtnum.com\\\/?s={search_term_string}\"},\"query-input\":{\"@type\":\"PropertyValueSpecification\",\"valueRequired\":true,\"valueName\":\"search_term_string\"}}],\"inLanguage\":\"tr\"},{\"@type\":\"Organization\",\"@id\":\"https:\\\/\\\/virtnum.com\\\/#organization\",\"name\":\"Virtual Local Phone Numbers\",\"url\":\"https:\\\/\\\/virtnum.com\\\/\",\"logo\":{\"@type\":\"ImageObject\",\"inLanguage\":\"tr\",\"@id\":\"https:\\\/\\\/virtnum.com\\\/#\\\/schema\\\/logo\\\/image\\\/\",\"url\":\"https:\\\/\\\/virtnum.com\\\/wp-content\\\/uploads\\\/2022\\\/12\\\/logo-1.png\",\"contentUrl\":\"https:\\\/\\\/virtnum.com\\\/wp-content\\\/uploads\\\/2022\\\/12\\\/logo-1.png\",\"width\":420,\"height\":165,\"caption\":\"Virtual Local Phone Numbers\"},\"image\":{\"@id\":\"https:\\\/\\\/virtnum.com\\\/#\\\/schema\\\/logo\\\/image\\\/\"}}]}<\/script>\n<!-- \/ Yoast SEO plugin. -->","yoast_head_json":{"title":"WhatsApp kayd\u0131\/do\u011frulamas\u0131 i\u00e7in sanal numaralar","description":"WhatsApp kayd\u0131\/do\u011frulamas\u0131 i\u00e7in tek kullan\u0131ml\u0131k (ge\u00e7ici) telefon numaralar\u0131 sat\u0131n al\u0131n","robots":{"index":"index","follow":"follow","max-snippet":"max-snippet:-1","max-image-preview":"max-image-preview:large","max-video-preview":"max-video-preview:-1"},"canonical":"https:\/\/virtnum.com\/tr\/disposable\/whatsapp\/","og_locale":"tr_TR","og_type":"article","og_title":"Virtual numbers for WhatsApp registration\/verification","og_description":"Buy disposable (temporary) phone numbers for WhatsApp registration\/verification","og_url":"https:\/\/virtnum.com\/tr\/disposable\/whatsapp\/","og_site_name":"Virtual Local Phone Numbers","article_modified_time":"2025-10-24T13:08:47+00:00","twitter_card":"summary_large_image","twitter_misc":{"Tahmini okuma s\u00fcresi":"2 dakika"},"schema":{"@context":"https:\/\/schema.org","@graph":[{"@type":"WebPage","@id":"https:\/\/virtnum.com\/disposable\/whatsapp\/","url":"https:\/\/virtnum.com\/disposable\/whatsapp\/","name":"WhatsApp kayd\u0131\/do\u011frulamas\u0131 i\u00e7in sanal numaralar","isPartOf":{"@id":"https:\/\/virtnum.com\/#website"},"datePublished":"2024-08-06T22:35:07+00:00","dateModified":"2025-10-24T13:08:47+00:00","description":"WhatsApp kayd\u0131\/do\u011frulamas\u0131 i\u00e7in tek kullan\u0131ml\u0131k (ge\u00e7ici) telefon numaralar\u0131 sat\u0131n al\u0131n","breadcrumb":{"@id":"https:\/\/virtnum.com\/disposable\/whatsapp\/#breadcrumb"},"inLanguage":"tr","potentialAction":[{"@type":"ReadAction","target":["https:\/\/virtnum.com\/disposable\/whatsapp\/"]}]},{"@type":"BreadcrumbList","@id":"https:\/\/virtnum.com\/disposable\/whatsapp\/#breadcrumb","itemListElement":[{"@type":"ListItem","position":1,"name":"Disposable numbers","item":"https:\/\/virtnum.com\/disposable\/"},{"@type":"ListItem","position":2,"name":"Virtual Number for WhatsApp"}]},{"@type":"WebSite","@id":"https:\/\/virtnum.com\/#website","url":"https:\/\/virtnum.com\/","name":"Sanal Yerel Telefon Numaralar\u0131","description":"Sanal Telefon Numaralar\u0131 Sat\u0131n Al\u0131n | DID Numaralar\u0131 | VoIP Numaralar\u0131 | \u00dccretsiz Numaralar | SIP, VOIP, PBX, Mobil veya Sabit Telefonlara \u00c7a\u011fr\u0131 Y\u00f6nlendirme","publisher":{"@id":"https:\/\/virtnum.com\/#organization"},"potentialAction":[{"@type":"SearchAction","target":{"@type":"EntryPoint","urlTemplate":"https:\/\/virtnum.com\/?s={search_term_string}"},"query-input":{"@type":"PropertyValueSpecification","valueRequired":true,"valueName":"search_term_string"}}],"inLanguage":"tr"},{"@type":"Organization","@id":"https:\/\/virtnum.com\/#organization","name":"Sanal Yerel Telefon Numaralar\u0131","url":"https:\/\/virtnum.com\/","logo":{"@type":"ImageObject","inLanguage":"tr","@id":"https:\/\/virtnum.com\/#\/schema\/logo\/image\/","url":"https:\/\/virtnum.com\/wp-content\/uploads\/2022\/12\/logo-1.png","contentUrl":"https:\/\/virtnum.com\/wp-content\/uploads\/2022\/12\/logo-1.png","width":420,"height":165,"caption":"Virtual Local Phone Numbers"},"image":{"@id":"https:\/\/virtnum.com\/#\/schema\/logo\/image\/"}}]}},"_links":{"self":[{"href":"https:\/\/virtnum.com\/tr\/wp-json\/wp\/v2\/pages\/853","targetHints":{"allow":["GET"]}}],"collection":[{"href":"https:\/\/virtnum.com\/tr\/wp-json\/wp\/v2\/pages"}],"about":[{"href":"https:\/\/virtnum.com\/tr\/wp-json\/wp\/v2\/types\/page"}],"author":[{"embeddable":true,"href":"https:\/\/virtnum.com\/tr\/wp-json\/wp\/v2\/users\/1"}],"replies":[{"embeddable":true,"href":"https:\/\/virtnum.com\/tr\/wp-json\/wp\/v2\/comments?post=853"}],"version-history":[{"count":1,"href":"https:\/\/virtnum.com\/tr\/wp-json\/wp\/v2\/pages\/853\/revisions"}],"predecessor-version":[{"id":854,"href":"https:\/\/virtnum.com\/tr\/wp-json\/wp\/v2\/pages\/853\/revisions\/854"}],"up":[{"embeddable":true,"href":"https:\/\/virtnum.com\/tr\/wp-json\/wp\/v2\/pages\/467"}],"wp:attachment":[{"href":"https:\/\/virtnum.com\/tr\/wp-json\/wp\/v2\/media?parent=853"}],"curies":[{"name":"wp","href":"https:\/\/api.w.org\/{rel}","templated":true}]}}