{"id":862,"date":"2024-08-14T05:53:36","date_gmt":"2024-08-14T01:53:36","guid":{"rendered":"https:\/\/virtnum.com\/?page_id=862"},"modified":"2026-03-12T01:12:37","modified_gmt":"2026-03-11T21:12:37","slug":"sms-numbers","status":"publish","type":"page","link":"https:\/\/virtnum.com\/tr\/sms-numbers\/","title":{"rendered":"Sanal SMS Numaralar\u0131"},"content":{"rendered":"<p>Virtnum&#039;un sanal SMS numaralar\u0131yla mesajla\u015fma stratejinizi kontrol alt\u0131na al\u0131n. 100&#039;den fazla \u00fclkeden numaralar\u0131 an\u0131nda etkinle\u015ftirin ve fiziksel bir SIM karta ihtiya\u00e7 duymadan SMS mesajlar\u0131 g\u00f6ndermeye ve almaya ba\u015flay\u0131n. Sanal numaralar\u0131m\u0131z her \u00f6l\u00e7ekteki i\u015fletme i\u00e7in m\u00fckemmeldir ve yerel bir varl\u0131k s\u00fcrd\u00fcrmenize, m\u00fc\u015fterilerle do\u011frudan etkile\u015fim kurman\u0131za ve ileti\u015fimlerinizi kolayla\u015ft\u0131rman\u0131za olanak tan\u0131r. \u0130ster pazarlama kampanyalar\u0131 y\u00fcr\u00fct\u00fcyor olun ister m\u00fc\u015fteri hizmetlerini y\u00f6netiyor olun, Virtnum&#039;un sanal SMS numaralar\u0131 ihtiya\u00e7lar\u0131n\u0131z\u0131 kar\u015f\u0131lamak i\u00e7in zahmetsiz bir \u00e7\u00f6z\u00fcm sunar.<\/p>\n\n\n\n<p align=\"center\"><a href=\"https:\/\/lk.virtnum.com\/en\/component\/telecomax?task=buyunregistred&#038;type=sms\" class=\"buy\">Sanal SMS numaras\u0131 sat\u0131n al<\/a><\/p>\n\n\n\n<h3 class=\"wp-block-heading\">Sanal SMS Numaralar\u0131 \u0130\u00e7in Neden Virtnum.com&#039;u Se\u00e7melisiniz?<\/h3>\n\n\n\n<p>Virtnum, e\u015fsiz g\u00fcvenilirlik ve k\u00fcresel eri\u015fime sahip sa\u011flam bir platform sunar. Sanal SMS numaralar\u0131m\u0131z yaln\u0131zca kurulumu kolay olmakla kalmaz, ayn\u0131 zamanda mesajla\u015fma yeteneklerinizi optimize etmek i\u00e7in tasarlanm\u0131\u015f bir dizi \u00f6zellik ile birlikte gelir. Ki\u015fisel numaran\u0131z\u0131 gizli tutarken \u00e7ift y\u00f6nl\u00fc mesajla\u015fma, otomatik yan\u0131tlar ve ger\u00e7ek zamanl\u0131 teslimat raporlar\u0131 gibi \u00f6zelliklerin keyfini \u00e7\u0131kar\u0131n. Rekabet\u00e7i fiyatland\u0131rma ve 7\/24 destek ile Virtnum, m\u00fc\u015fterileriniz nerede olursa olsun i\u015f ileti\u015fimlerinizin her zaman sorunsuz bir \u015fekilde \u00e7al\u0131\u015fmas\u0131n\u0131 sa\u011flar.<\/p>\n\n\n\n<p align=\"center\"><a href=\"https:\/\/lk.virtnum.com\/en\/component\/telecomax?task=buyunregistred&#038;type=sms\" class=\"buy\">Sanal SMS numaras\u0131 sat\u0131n al<\/a><\/p>\n\n\n\n<h3 class=\"wp-block-heading\">Nas\u0131l \u00c7al\u0131\u015f\u0131r<\/h3>\n\n\n\n<p>Virtnum&#039;a ba\u015flamak h\u0131zl\u0131 ve kolayd\u0131r. Kapsaml\u0131 envanterimizden tercih etti\u011finiz sanal SMS numaras\u0131n\u0131 se\u00e7in, istedi\u011finiz plan\u0131 se\u00e7in ve haz\u0131rs\u0131n\u0131z! Kullan\u0131c\u0131 dostu panomuz, t\u00fcm numaralar\u0131n\u0131z\u0131 y\u00f6netmenizi, SMS etkinli\u011finizi izlemenizi ve geli\u015fmi\u015f \u00f6zelliklere yaln\u0131zca birka\u00e7 t\u0131klamayla eri\u015fmenizi sa\u011flar. <\/p>\n\n\n\n<p><\/p>","protected":false},"excerpt":{"rendered":"<p>Virtnum&#039;un sanal SMS numaralar\u0131yla mesajla\u015fma stratejinizi kontrol alt\u0131na al\u0131n. 100&#039;den fazla \u00fclkeden numaralar\u0131 an\u0131nda etkinle\u015ftirin ve SMS mesajlar\u0131 g\u00f6nderip almaya ba\u015flay\u0131n\u2026<\/p>","protected":false},"author":1,"featured_media":0,"parent":0,"menu_order":0,"comment_status":"closed","ping_status":"closed","template":"","meta":{"_acf_changed":false,"footnotes":""},"class_list":["post-862","page","type-page","status-publish","hentry"],"acf":[],"yoast_head":"<!-- This site is optimized with the Yoast SEO plugin v27.4 - https:\/\/yoast.com\/product\/yoast-seo-wordpress\/ -->\n<title>Virtual SMS Numbers - Virtual Local Phone Numbers<\/title>\n<meta name=\"description\" content=\"Buy virtual SMS numbers from 100+ countries instantly. No SIM card needed. Two-way messaging, real-time delivery reports &amp; 24\/7 support. Start today \u2014 Virtnum.\" \/>\n<meta name=\"robots\" content=\"index, follow, max-snippet:-1, max-image-preview:large, max-video-preview:-1\" \/>\n<link rel=\"canonical\" href=\"https:\/\/virtnum.com\/tr\/sms-numbers\/\" \/>\n<meta property=\"og:locale\" content=\"tr_TR\" \/>\n<meta property=\"og:type\" content=\"article\" \/>\n<meta property=\"og:title\" content=\"Virtual SMS Numbers - Virtual Local Phone Numbers\" \/>\n<meta property=\"og:description\" content=\"Buy virtual SMS numbers from 100+ countries instantly. No SIM card needed. Two-way messaging, real-time delivery reports &amp; 24\/7 support. Start today \u2014 Virtnum.\" \/>\n<meta property=\"og:url\" content=\"https:\/\/virtnum.com\/tr\/sms-numbers\/\" \/>\n<meta property=\"og:site_name\" content=\"Virtual Local Phone Numbers\" \/>\n<meta property=\"article:modified_time\" content=\"2026-03-11T21:12:37+00:00\" \/>\n<meta name=\"twitter:card\" content=\"summary_large_image\" \/>\n<meta name=\"twitter:label1\" content=\"Tahmini okuma s\u00fcresi\" \/>\n\t<meta name=\"twitter:data1\" content=\"1 dakika\" \/>\n<script type=\"application\/ld+json\" class=\"yoast-schema-graph\">{\"@context\":\"https:\\\/\\\/schema.org\",\"@graph\":[{\"@type\":\"WebPage\",\"@id\":\"https:\\\/\\\/virtnum.com\\\/sms-numbers\\\/\",\"url\":\"https:\\\/\\\/virtnum.com\\\/sms-numbers\\\/\",\"name\":\"Virtual SMS Numbers - Virtual Local Phone Numbers\",\"isPartOf\":{\"@id\":\"https:\\\/\\\/virtnum.com\\\/#website\"},\"datePublished\":\"2024-08-14T01:53:36+00:00\",\"dateModified\":\"2026-03-11T21:12:37+00:00\",\"description\":\"Buy virtual SMS numbers from 100+ countries instantly. No SIM card needed. Two-way messaging, real-time delivery reports & 24\\\/7 support. Start today \u2014 Virtnum.\",\"inLanguage\":\"tr\",\"potentialAction\":[{\"@type\":\"ReadAction\",\"target\":[\"https:\\\/\\\/virtnum.com\\\/sms-numbers\\\/\"]}]},{\"@type\":\"WebSite\",\"@id\":\"https:\\\/\\\/virtnum.com\\\/#website\",\"url\":\"https:\\\/\\\/virtnum.com\\\/\",\"name\":\"Virtual Local Phone Numbers\",\"description\":\"Buy Virtual Phone Numbers | DID Numbers | VoIP Numbers | Toll-free Numbers | Call forwarding to SIP, VOIP, PBX, Mobile or Fixed Phones\",\"publisher\":{\"@id\":\"https:\\\/\\\/virtnum.com\\\/#organization\"},\"potentialAction\":[{\"@type\":\"SearchAction\",\"target\":{\"@type\":\"EntryPoint\",\"urlTemplate\":\"https:\\\/\\\/virtnum.com\\\/?s={search_term_string}\"},\"query-input\":{\"@type\":\"PropertyValueSpecification\",\"valueRequired\":true,\"valueName\":\"search_term_string\"}}],\"inLanguage\":\"tr\"},{\"@type\":\"Organization\",\"@id\":\"https:\\\/\\\/virtnum.com\\\/#organization\",\"name\":\"Virtual Local Phone Numbers\",\"url\":\"https:\\\/\\\/virtnum.com\\\/\",\"logo\":{\"@type\":\"ImageObject\",\"inLanguage\":\"tr\",\"@id\":\"https:\\\/\\\/virtnum.com\\\/#\\\/schema\\\/logo\\\/image\\\/\",\"url\":\"https:\\\/\\\/virtnum.com\\\/wp-content\\\/uploads\\\/2022\\\/12\\\/logo-1.png\",\"contentUrl\":\"https:\\\/\\\/virtnum.com\\\/wp-content\\\/uploads\\\/2022\\\/12\\\/logo-1.png\",\"width\":420,\"height\":165,\"caption\":\"Virtual Local Phone Numbers\"},\"image\":{\"@id\":\"https:\\\/\\\/virtnum.com\\\/#\\\/schema\\\/logo\\\/image\\\/\"}}]}<\/script>\n<!-- \/ Yoast SEO plugin. -->","yoast_head_json":{"title":"Sanal SMS Numaralar\u0131 - Sanal Yerel Telefon Numaralar\u0131","description":"100&#039;den fazla \u00fclkeden sanal SMS numaralar\u0131n\u0131 an\u0131nda sat\u0131n al\u0131n. SIM karta gerek yok. \u00c7ift y\u00f6nl\u00fc mesajla\u015fma, ger\u00e7ek zamanl\u0131 teslimat raporlar\u0131 ve 7\/24 destek. Hemen ba\u015flay\u0131n \u2014 Virtnum.","robots":{"index":"index","follow":"follow","max-snippet":"max-snippet:-1","max-image-preview":"max-image-preview:large","max-video-preview":"max-video-preview:-1"},"canonical":"https:\/\/virtnum.com\/tr\/sms-numbers\/","og_locale":"tr_TR","og_type":"article","og_title":"Virtual SMS Numbers - Virtual Local Phone Numbers","og_description":"Buy virtual SMS numbers from 100+ countries instantly. No SIM card needed. Two-way messaging, real-time delivery reports & 24\/7 support. Start today \u2014 Virtnum.","og_url":"https:\/\/virtnum.com\/tr\/sms-numbers\/","og_site_name":"Virtual Local Phone Numbers","article_modified_time":"2026-03-11T21:12:37+00:00","twitter_card":"summary_large_image","twitter_misc":{"Tahmini okuma s\u00fcresi":"1 dakika"},"schema":{"@context":"https:\/\/schema.org","@graph":[{"@type":"WebPage","@id":"https:\/\/virtnum.com\/sms-numbers\/","url":"https:\/\/virtnum.com\/sms-numbers\/","name":"Sanal SMS Numaralar\u0131 - Sanal Yerel Telefon Numaralar\u0131","isPartOf":{"@id":"https:\/\/virtnum.com\/#website"},"datePublished":"2024-08-14T01:53:36+00:00","dateModified":"2026-03-11T21:12:37+00:00","description":"100&#039;den fazla \u00fclkeden sanal SMS numaralar\u0131n\u0131 an\u0131nda sat\u0131n al\u0131n. SIM karta gerek yok. \u00c7ift y\u00f6nl\u00fc mesajla\u015fma, ger\u00e7ek zamanl\u0131 teslimat raporlar\u0131 ve 7\/24 destek. Hemen ba\u015flay\u0131n \u2014 Virtnum.","inLanguage":"tr","potentialAction":[{"@type":"ReadAction","target":["https:\/\/virtnum.com\/sms-numbers\/"]}]},{"@type":"WebSite","@id":"https:\/\/virtnum.com\/#website","url":"https:\/\/virtnum.com\/","name":"Sanal Yerel Telefon Numaralar\u0131","description":"Sanal Telefon Numaralar\u0131 Sat\u0131n Al\u0131n | DID Numaralar\u0131 | VoIP Numaralar\u0131 | \u00dccretsiz Numaralar | SIP, VOIP, PBX, Mobil veya Sabit Telefonlara \u00c7a\u011fr\u0131 Y\u00f6nlendirme","publisher":{"@id":"https:\/\/virtnum.com\/#organization"},"potentialAction":[{"@type":"SearchAction","target":{"@type":"EntryPoint","urlTemplate":"https:\/\/virtnum.com\/?s={search_term_string}"},"query-input":{"@type":"PropertyValueSpecification","valueRequired":true,"valueName":"search_term_string"}}],"inLanguage":"tr"},{"@type":"Organization","@id":"https:\/\/virtnum.com\/#organization","name":"Sanal Yerel Telefon Numaralar\u0131","url":"https:\/\/virtnum.com\/","logo":{"@type":"ImageObject","inLanguage":"tr","@id":"https:\/\/virtnum.com\/#\/schema\/logo\/image\/","url":"https:\/\/virtnum.com\/wp-content\/uploads\/2022\/12\/logo-1.png","contentUrl":"https:\/\/virtnum.com\/wp-content\/uploads\/2022\/12\/logo-1.png","width":420,"height":165,"caption":"Virtual Local Phone Numbers"},"image":{"@id":"https:\/\/virtnum.com\/#\/schema\/logo\/image\/"}}]}},"_links":{"self":[{"href":"https:\/\/virtnum.com\/tr\/wp-json\/wp\/v2\/pages\/862","targetHints":{"allow":["GET"]}}],"collection":[{"href":"https:\/\/virtnum.com\/tr\/wp-json\/wp\/v2\/pages"}],"about":[{"href":"https:\/\/virtnum.com\/tr\/wp-json\/wp\/v2\/types\/page"}],"author":[{"embeddable":true,"href":"https:\/\/virtnum.com\/tr\/wp-json\/wp\/v2\/users\/1"}],"replies":[{"embeddable":true,"href":"https:\/\/virtnum.com\/tr\/wp-json\/wp\/v2\/comments?post=862"}],"version-history":[{"count":2,"href":"https:\/\/virtnum.com\/tr\/wp-json\/wp\/v2\/pages\/862\/revisions"}],"predecessor-version":[{"id":866,"href":"https:\/\/virtnum.com\/tr\/wp-json\/wp\/v2\/pages\/862\/revisions\/866"}],"wp:attachment":[{"href":"https:\/\/virtnum.com\/tr\/wp-json\/wp\/v2\/media?parent=862"}],"curies":[{"name":"wp","href":"https:\/\/api.w.org\/{rel}","templated":true}]}}