{"id":867,"date":"2024-08-14T05:58:27","date_gmt":"2024-08-14T01:58:27","guid":{"rendered":"https:\/\/virtnum.com\/?page_id=867"},"modified":"2024-08-14T05:59:00","modified_gmt":"2024-08-14T01:59:00","slug":"numbers-for-call","status":"publish","type":"page","link":"https:\/\/virtnum.com\/tr\/numbers-for-call\/","title":{"rendered":"Aramalar i\u00e7in Sanal Numaralar"},"content":{"rendered":"<p>Virtnum&#039;un sanal ses numaralar\u0131yla uluslararas\u0131 aramalar\u0131n\u0131z\u0131 zahmetsizce y\u00f6netin. 100&#039;den fazla \u00fclkeden numaralar\u0131 an\u0131nda etkinle\u015ftirin ve fiziksel telefon hatlar\u0131na ihtiya\u00e7 duymadan arama almaya ba\u015flay\u0131n. Sanal numaralar\u0131m\u0131z her \u00f6l\u00e7ekteki i\u015fletme i\u00e7in idealdir ve yerel bir varl\u0131k olu\u015fturman\u0131z\u0131, k\u00fcresel m\u00fc\u015fterilerle do\u011frudan etkile\u015fim kurman\u0131z\u0131 ve gelen ileti\u015fimlerinizi kolayla\u015ft\u0131rman\u0131z\u0131 sa\u011flar. \u0130ster m\u00fc\u015fteri deste\u011fiyle ilgileniyor olun ister yeni pazarlara a\u00e7\u0131l\u0131yor olun, Virtnum&#039;un sanal ses numaralar\u0131 ihtiya\u00e7lar\u0131n\u0131z\u0131 kar\u015f\u0131lamak i\u00e7in kusursuz ve g\u00fcvenilir bir \u00e7\u00f6z\u00fcm sunar.<\/p>\n\n\n\n<p align=\"center\"><a href=\"https:\/\/lk.virtnum.com\/en\/component\/telecomax?task=buyunregistred&#038;type=voice\" class=\"buy\">Aramalar i\u00e7in sanal numara sat\u0131n al<\/a><\/p>\n\n\n\n<h3 class=\"wp-block-heading\">Sanal Ses Numaralar\u0131 \u0130\u00e7in Neden Virtnum.com&#039;u Se\u00e7melisiniz?<\/h3>\n\n\n\n<p>Virtnum, ola\u011fan\u00fcst\u00fc g\u00fcvenilirlik ve k\u00fcresel ba\u011flant\u0131ya sahip g\u00fc\u00e7l\u00fc bir platform sunar. Sanal ses numaralar\u0131m\u0131z kurulumu kolayd\u0131r ve \u00e7a\u011fr\u0131 y\u00f6netiminizi geli\u015ftirmek i\u00e7in tasarlanm\u0131\u015f bir dizi \u00f6zellik ile donat\u0131lm\u0131\u015ft\u0131r. Ki\u015fisel numaran\u0131z\u0131 gizli tutarken \u00e7a\u011fr\u0131 y\u00f6nlendirme, sesli mesaj ve ayr\u0131nt\u0131l\u0131 \u00e7a\u011fr\u0131 kay\u0131tlar\u0131 gibi avantajlar\u0131n keyfini \u00e7\u0131kar\u0131n. Rekabet\u00e7i fiyatland\u0131rma ve 7\/24 destek ile Virtnum, \u00e7a\u011fr\u0131lar\u0131n\u0131z nereden gelirse gelsin i\u015f ileti\u015fiminizin verimli ve profesyonel kalmas\u0131n\u0131 sa\u011flar.<\/p>\n\n\n\n<p align=\"center\"><a href=\"https:\/\/lk.virtnum.com\/en\/component\/telecomax?task=buyunregistred&#038;type=voice\" class=\"buy\">Sanal ses numaras\u0131 sat\u0131n al<\/a><\/p>\n\n\n\n<h3 class=\"wp-block-heading\">Nas\u0131l \u00c7al\u0131\u015f\u0131r<\/h3>\n\n\n\n<p>Virtnum&#039;a ba\u015flamak basit ve kolayd\u0131r. Kapsaml\u0131 k\u00fcresel envanterimizden tercih etti\u011finiz sanal ses numaras\u0131n\u0131 se\u00e7in, ihtiya\u00e7lar\u0131n\u0131za uyan bir plan se\u00e7in ve \u00e7a\u011fr\u0131 almaya haz\u0131r olun! Sezgisel panomuz, t\u00fcm numaralar\u0131n\u0131z\u0131 y\u00f6netmenizi, \u00e7a\u011fr\u0131 etkinli\u011fini izlemenizi ve geli\u015fmi\u015f \u00f6zelliklere yaln\u0131zca birka\u00e7 t\u0131klamayla eri\u015fmenizi sa\u011flar. Virtnum&#039;un esnek ve kullan\u0131c\u0131 dostu platformuyla d\u00fcnyan\u0131n d\u00f6rt bir yan\u0131ndan \u00e7a\u011fr\u0131 almaya ba\u015flay\u0131n.<\/p>","protected":false},"excerpt":{"rendered":"<p>Virtnum&#039;un sanal ses numaralar\u0131yla uluslararas\u0131 aramalar\u0131n\u0131z\u0131 zahmetsizce y\u00f6netin. 100&#039;den fazla \u00fclkeden numaralar\u0131 an\u0131nda etkinle\u015ftirin ve herhangi bir \u015feye ihtiya\u00e7 duymadan arama almaya ba\u015flay\u0131n\u2026<\/p>","protected":false},"author":1,"featured_media":0,"parent":0,"menu_order":0,"comment_status":"closed","ping_status":"closed","template":"","meta":{"_acf_changed":false,"footnotes":""},"class_list":["post-867","page","type-page","status-publish","hentry"],"acf":[],"yoast_head":"<!-- This site is optimized with the Yoast SEO plugin v27.4 - https:\/\/yoast.com\/product\/yoast-seo-wordpress\/ -->\n<title>Buy Virtual Numbers for Calls - Receive Global Calls Anywhere | Virtnum<\/title>\n<meta name=\"description\" content=\"Get virtual phone numbers from Virtnum to receive calls from over 100 countries. Instantly activate numbers, manage global calls seamlessly, and maintain your privacy. Start receiving international calls with Virtnum today!\" \/>\n<meta name=\"robots\" content=\"index, follow, max-snippet:-1, max-image-preview:large, max-video-preview:-1\" \/>\n<link rel=\"canonical\" href=\"https:\/\/virtnum.com\/tr\/numbers-for-call\/\" \/>\n<meta property=\"og:locale\" content=\"tr_TR\" \/>\n<meta property=\"og:type\" content=\"article\" \/>\n<meta property=\"og:title\" content=\"Buy Virtual Numbers for Calls - Receive Global Calls Anywhere | Virtnum\" \/>\n<meta property=\"og:description\" content=\"Get virtual phone numbers from Virtnum to receive calls from over 100 countries. Instantly activate numbers, manage global calls seamlessly, and maintain your privacy. Start receiving international calls with Virtnum today!\" \/>\n<meta property=\"og:url\" content=\"https:\/\/virtnum.com\/tr\/numbers-for-call\/\" \/>\n<meta property=\"og:site_name\" content=\"Virtual Local Phone Numbers\" \/>\n<meta property=\"article:modified_time\" content=\"2024-08-14T01:59:00+00:00\" \/>\n<meta name=\"twitter:card\" content=\"summary_large_image\" \/>\n<meta name=\"twitter:label1\" content=\"Tahmini okuma s\u00fcresi\" \/>\n\t<meta name=\"twitter:data1\" content=\"2 dakika\" \/>\n<script type=\"application\/ld+json\" class=\"yoast-schema-graph\">{\"@context\":\"https:\\\/\\\/schema.org\",\"@graph\":[{\"@type\":\"WebPage\",\"@id\":\"https:\\\/\\\/virtnum.com\\\/numbers-for-call\\\/\",\"url\":\"https:\\\/\\\/virtnum.com\\\/numbers-for-call\\\/\",\"name\":\"Buy Virtual Numbers for Calls - Receive Global Calls Anywhere | Virtnum\",\"isPartOf\":{\"@id\":\"https:\\\/\\\/virtnum.com\\\/#website\"},\"datePublished\":\"2024-08-14T01:58:27+00:00\",\"dateModified\":\"2024-08-14T01:59:00+00:00\",\"description\":\"Get virtual phone numbers from Virtnum to receive calls from over 100 countries. Instantly activate numbers, manage global calls seamlessly, and maintain your privacy. Start receiving international calls with Virtnum today!\",\"inLanguage\":\"tr\",\"potentialAction\":[{\"@type\":\"ReadAction\",\"target\":[\"https:\\\/\\\/virtnum.com\\\/numbers-for-call\\\/\"]}]},{\"@type\":\"WebSite\",\"@id\":\"https:\\\/\\\/virtnum.com\\\/#website\",\"url\":\"https:\\\/\\\/virtnum.com\\\/\",\"name\":\"Virtual Local Phone Numbers\",\"description\":\"Buy Virtual Phone Numbers | DID Numbers | VoIP Numbers | Toll-free Numbers | Call forwarding to SIP, VOIP, PBX, Mobile or Fixed Phones\",\"publisher\":{\"@id\":\"https:\\\/\\\/virtnum.com\\\/#organization\"},\"potentialAction\":[{\"@type\":\"SearchAction\",\"target\":{\"@type\":\"EntryPoint\",\"urlTemplate\":\"https:\\\/\\\/virtnum.com\\\/?s={search_term_string}\"},\"query-input\":{\"@type\":\"PropertyValueSpecification\",\"valueRequired\":true,\"valueName\":\"search_term_string\"}}],\"inLanguage\":\"tr\"},{\"@type\":\"Organization\",\"@id\":\"https:\\\/\\\/virtnum.com\\\/#organization\",\"name\":\"Virtual Local Phone Numbers\",\"url\":\"https:\\\/\\\/virtnum.com\\\/\",\"logo\":{\"@type\":\"ImageObject\",\"inLanguage\":\"tr\",\"@id\":\"https:\\\/\\\/virtnum.com\\\/#\\\/schema\\\/logo\\\/image\\\/\",\"url\":\"https:\\\/\\\/virtnum.com\\\/wp-content\\\/uploads\\\/2022\\\/12\\\/logo-1.png\",\"contentUrl\":\"https:\\\/\\\/virtnum.com\\\/wp-content\\\/uploads\\\/2022\\\/12\\\/logo-1.png\",\"width\":420,\"height\":165,\"caption\":\"Virtual Local Phone Numbers\"},\"image\":{\"@id\":\"https:\\\/\\\/virtnum.com\\\/#\\\/schema\\\/logo\\\/image\\\/\"}}]}<\/script>\n<!-- \/ Yoast SEO plugin. -->","yoast_head_json":{"title":"Aramalar i\u00e7in Sanal Numaralar Sat\u0131n Al\u0131n - Her Yerden K\u00fcresel Aramalar Al\u0131n | Virtnum","description":"100&#039;den fazla \u00fclkeden \u00e7a\u011fr\u0131 almak i\u00e7in Virtnum&#039;dan sanal telefon numaralar\u0131 al\u0131n. Numaralar\u0131 an\u0131nda etkinle\u015ftirin, k\u00fcresel \u00e7a\u011fr\u0131lar\u0131 sorunsuz bir \u015fekilde y\u00f6netin ve gizlili\u011finizi koruyun. Bug\u00fcn Virtnum ile uluslararas\u0131 \u00e7a\u011fr\u0131lar almaya ba\u015flay\u0131n!","robots":{"index":"index","follow":"follow","max-snippet":"max-snippet:-1","max-image-preview":"max-image-preview:large","max-video-preview":"max-video-preview:-1"},"canonical":"https:\/\/virtnum.com\/tr\/numbers-for-call\/","og_locale":"tr_TR","og_type":"article","og_title":"Buy Virtual Numbers for Calls - Receive Global Calls Anywhere | Virtnum","og_description":"Get virtual phone numbers from Virtnum to receive calls from over 100 countries. Instantly activate numbers, manage global calls seamlessly, and maintain your privacy. Start receiving international calls with Virtnum today!","og_url":"https:\/\/virtnum.com\/tr\/numbers-for-call\/","og_site_name":"Virtual Local Phone Numbers","article_modified_time":"2024-08-14T01:59:00+00:00","twitter_card":"summary_large_image","twitter_misc":{"Tahmini okuma s\u00fcresi":"2 dakika"},"schema":{"@context":"https:\/\/schema.org","@graph":[{"@type":"WebPage","@id":"https:\/\/virtnum.com\/numbers-for-call\/","url":"https:\/\/virtnum.com\/numbers-for-call\/","name":"Aramalar i\u00e7in Sanal Numaralar Sat\u0131n Al\u0131n - Her Yerden K\u00fcresel Aramalar Al\u0131n | Virtnum","isPartOf":{"@id":"https:\/\/virtnum.com\/#website"},"datePublished":"2024-08-14T01:58:27+00:00","dateModified":"2024-08-14T01:59:00+00:00","description":"100&#039;den fazla \u00fclkeden \u00e7a\u011fr\u0131 almak i\u00e7in Virtnum&#039;dan sanal telefon numaralar\u0131 al\u0131n. Numaralar\u0131 an\u0131nda etkinle\u015ftirin, k\u00fcresel \u00e7a\u011fr\u0131lar\u0131 sorunsuz bir \u015fekilde y\u00f6netin ve gizlili\u011finizi koruyun. Bug\u00fcn Virtnum ile uluslararas\u0131 \u00e7a\u011fr\u0131lar almaya ba\u015flay\u0131n!","inLanguage":"tr","potentialAction":[{"@type":"ReadAction","target":["https:\/\/virtnum.com\/numbers-for-call\/"]}]},{"@type":"WebSite","@id":"https:\/\/virtnum.com\/#website","url":"https:\/\/virtnum.com\/","name":"Sanal Yerel Telefon Numaralar\u0131","description":"Sanal Telefon Numaralar\u0131 Sat\u0131n Al\u0131n | DID Numaralar\u0131 | VoIP Numaralar\u0131 | \u00dccretsiz Numaralar | SIP, VOIP, PBX, Mobil veya Sabit Telefonlara \u00c7a\u011fr\u0131 Y\u00f6nlendirme","publisher":{"@id":"https:\/\/virtnum.com\/#organization"},"potentialAction":[{"@type":"SearchAction","target":{"@type":"EntryPoint","urlTemplate":"https:\/\/virtnum.com\/?s={search_term_string}"},"query-input":{"@type":"PropertyValueSpecification","valueRequired":true,"valueName":"search_term_string"}}],"inLanguage":"tr"},{"@type":"Organization","@id":"https:\/\/virtnum.com\/#organization","name":"Sanal Yerel Telefon Numaralar\u0131","url":"https:\/\/virtnum.com\/","logo":{"@type":"ImageObject","inLanguage":"tr","@id":"https:\/\/virtnum.com\/#\/schema\/logo\/image\/","url":"https:\/\/virtnum.com\/wp-content\/uploads\/2022\/12\/logo-1.png","contentUrl":"https:\/\/virtnum.com\/wp-content\/uploads\/2022\/12\/logo-1.png","width":420,"height":165,"caption":"Virtual Local Phone Numbers"},"image":{"@id":"https:\/\/virtnum.com\/#\/schema\/logo\/image\/"}}]}},"_links":{"self":[{"href":"https:\/\/virtnum.com\/tr\/wp-json\/wp\/v2\/pages\/867","targetHints":{"allow":["GET"]}}],"collection":[{"href":"https:\/\/virtnum.com\/tr\/wp-json\/wp\/v2\/pages"}],"about":[{"href":"https:\/\/virtnum.com\/tr\/wp-json\/wp\/v2\/types\/page"}],"author":[{"embeddable":true,"href":"https:\/\/virtnum.com\/tr\/wp-json\/wp\/v2\/users\/1"}],"replies":[{"embeddable":true,"href":"https:\/\/virtnum.com\/tr\/wp-json\/wp\/v2\/comments?post=867"}],"version-history":[{"count":2,"href":"https:\/\/virtnum.com\/tr\/wp-json\/wp\/v2\/pages\/867\/revisions"}],"predecessor-version":[{"id":871,"href":"https:\/\/virtnum.com\/tr\/wp-json\/wp\/v2\/pages\/867\/revisions\/871"}],"wp:attachment":[{"href":"https:\/\/virtnum.com\/tr\/wp-json\/wp\/v2\/media?parent=867"}],"curies":[{"name":"wp","href":"https:\/\/api.w.org\/{rel}","templated":true}]}}