{"id":874,"date":"2024-08-23T04:21:14","date_gmt":"2024-08-23T00:21:14","guid":{"rendered":"https:\/\/virtnum.com\/?page_id=874"},"modified":"2024-08-23T04:21:17","modified_gmt":"2024-08-23T00:21:17","slug":"sms-number-registration","status":"publish","type":"page","link":"https:\/\/virtnum.com\/tr\/sms-number-registration\/","title":{"rendered":"Kay\u0131t \u0130\u00e7in Kal\u0131c\u0131 SMS Numaras\u0131"},"content":{"rendered":"<p><strong>Farkl\u0131 servislere ve sosyal a\u011flara kaydolman\u0131z gerekti\u011finde her seferinde yeni bir numara aramaktan b\u0131kt\u0131n\u0131z m\u0131?<\/strong> Kal\u0131c\u0131 SMS numaram\u0131zla birden fazla platformda hesap olu\u015fturmay\u0131 basitle\u015ftirebilirsiniz. Bu yeniden kullan\u0131labilir sanal SMS numaralar\u0131, sosyal a\u011flar, uygulamalar ve di\u011fer hizmetler aras\u0131nda kolayca kay\u0131t olman\u0131z\u0131 sa\u011flayarak t\u00fcm kay\u0131t ihtiya\u00e7lar\u0131n\u0131z i\u00e7in g\u00fcvenilir ve kullan\u0131\u015fl\u0131 bir \u00e7\u00f6z\u00fcm sunar.<\/p>\n\n\n\n<p align=\"center\"><a href=\"https:\/\/lk.virtnum.com\/en\/component\/telecomax?task=buyunregistred\" class=\"buy\">Kay\u0131t i\u00e7in SMS numaras\u0131 sat\u0131n al<\/a><\/p>\n\n\n\n<h2 class=\"wp-block-heading\">Kal\u0131c\u0131 SMS Numaras\u0131 Nedir?<\/h2>\n\n\n\n<p>Bu, \u00e7ok say\u0131da web sitesi, uygulama ve sosyal a\u011fda hesap olu\u015fturmak ve do\u011frulamak i\u00e7in kullan\u0131labilen sanal bir numarad\u0131r. Tek kullan\u0131ml\u0131k numaralar\u0131n aksine, kal\u0131c\u0131 SMS numaram\u0131z uzun s\u00fcre sizinle kal\u0131r ve farkl\u0131 servislerden SMS kodlar\u0131 almak i\u00e7in tekrar tekrar kullan\u0131labilir.<\/p>\n\n\n\n<h2 class=\"wp-block-heading\">Kal\u0131c\u0131 SMS Numaras\u0131n\u0131n Avantajlar\u0131:<\/h2>\n\n\n\n<ul class=\"wp-block-list\">\n<li><strong>Tekrar kullan\u0131labilir:<\/strong> Ayn\u0131 numaray\u0131 kullanarak farkl\u0131 platformlarda hesap olu\u015fturun.<\/li>\n\n\n\n<li><strong>\u00c7ok y\u00f6nl\u00fc:<\/strong> Sosyal a\u011flara, forumlara, mesajla\u015fma uygulamalar\u0131na, \u00e7evrimi\u00e7i ma\u011fazalara ve di\u011fer servislere kay\u0131t olmak i\u00e7in uygundur.<\/li>\n\n\n\n<li><strong>G\u00fcvenilir:<\/strong> Ayn\u0131 servise birden fazla kay\u0131t yapt\u0131rd\u0131\u011f\u0131n\u0131zda bile SMS kodlar\u0131 al\u0131n.<\/li>\n\n\n\n<li><strong>Uygun:<\/strong> Her seferinde yeni bir numara araman\u0131za gerek yok; kal\u0131c\u0131 numara her zaman emrinizde.<\/li>\n<\/ul>\n\n\n\n<h2 class=\"wp-block-heading\">Nas\u0131l \u00e7al\u0131\u015f\u0131r?<\/h2>\n\n\n\n<ol class=\"wp-block-list\">\n<li><strong>Bir say\u0131 se\u00e7in:<\/strong> Web sitemizden kullan\u0131labilir kal\u0131c\u0131 SMS numaras\u0131n\u0131 bulun.<\/li>\n\n\n\n<li><strong>Kay\u0131t i\u00e7in kullan\u0131n:<\/strong> \u0130htiyac\u0131n\u0131z olan servislerde hesap kayd\u0131n\u0131z\u0131 yapmak ve do\u011frulamak i\u00e7in numaray\u0131 kullan\u0131n.<\/li>\n\n\n\n<li><strong>SMS kodlar\u0131n\u0131 al:<\/strong> Ka\u00e7 hesap olu\u015fturursan\u0131z olu\u015fturun, t\u00fcm kodlar kal\u0131c\u0131 numaran\u0131za g\u00f6nderilecektir.<\/li>\n<\/ol>\n\n\n\n<p>Kal\u0131c\u0131 SMS numaralar\u0131m\u0131z, farkl\u0131 servislere s\u0131k s\u0131k kay\u0131t yapt\u0131ran ve kolayl\u0131k ve g\u00fcvenilirli\u011fe de\u011fer verenler i\u00e7in m\u00fckemmel bir se\u00e7imdir. Tek kullan\u0131ml\u0131k numaralar\u0131n s\u0131k\u0131nt\u0131s\u0131na elveda deyin ve hizmetimizle mobil \u00f6zg\u00fcrl\u00fc\u011f\u00fcn yeni bir seviyesine ad\u0131m at\u0131n!<\/p>\n\n\n\n<p align=\"center\"><a href=\"https:\/\/lk.virtnum.com\/en\/component\/telecomax?task=buyunregistred\" class=\"buy\">Kay\u0131t i\u00e7in SMS numaras\u0131 sat\u0131n al<\/a><\/p>\n\n\n\n<p><strong>Bug\u00fcn kal\u0131c\u0131 bir SMS numaras\u0131 kullanmaya ba\u015flay\u0131n ve favori servislerinize kay\u0131t s\u00fcrecini basitle\u015ftirin!<\/strong><\/p>","protected":false},"excerpt":{"rendered":"<p>Farkl\u0131 servislere ve sosyal a\u011flara kaydolman\u0131z gerekti\u011finde her seferinde yeni bir numara aramaktan b\u0131kt\u0131n\u0131z m\u0131? Kal\u0131c\u0131 SMS numaram\u0131zla\u2026<\/p>","protected":false},"author":1,"featured_media":0,"parent":0,"menu_order":0,"comment_status":"closed","ping_status":"closed","template":"","meta":{"_acf_changed":false,"footnotes":""},"class_list":["post-874","page","type-page","status-publish","hentry"],"acf":[],"yoast_head":"<!-- This site is optimized with the Yoast SEO plugin v27.4 - https:\/\/yoast.com\/product\/yoast-seo-wordpress\/ -->\n<title>Permanent SMS Number for Registration<\/title>\n<meta name=\"description\" content=\"Discover the advantages of using a permanent SMS number for registration on multiple platforms. Learn how our reusable virtual numbers simplify account creation across social networks, apps, and other services. Enjoy reliable, convenient, and versatile registration with a number that stays with you. Start today!\" \/>\n<meta name=\"robots\" content=\"index, follow, max-snippet:-1, max-image-preview:large, max-video-preview:-1\" \/>\n<link rel=\"canonical\" href=\"https:\/\/virtnum.com\/tr\/sms-number-registration\/\" \/>\n<meta property=\"og:locale\" content=\"tr_TR\" \/>\n<meta property=\"og:type\" content=\"article\" \/>\n<meta property=\"og:title\" content=\"Permanent SMS Number for Registration\" \/>\n<meta property=\"og:description\" content=\"Discover the advantages of using a permanent SMS number for registration on multiple platforms. Learn how our reusable virtual numbers simplify account creation across social networks, apps, and other services. Enjoy reliable, convenient, and versatile registration with a number that stays with you. Start today!\" \/>\n<meta property=\"og:url\" content=\"https:\/\/virtnum.com\/tr\/sms-number-registration\/\" \/>\n<meta property=\"og:site_name\" content=\"Virtual Local Phone Numbers\" \/>\n<meta property=\"article:modified_time\" content=\"2024-08-23T00:21:17+00:00\" \/>\n<meta name=\"twitter:card\" content=\"summary_large_image\" \/>\n<meta name=\"twitter:label1\" content=\"Tahmini okuma s\u00fcresi\" \/>\n\t<meta name=\"twitter:data1\" content=\"2 dakika\" \/>\n<script type=\"application\/ld+json\" class=\"yoast-schema-graph\">{\"@context\":\"https:\\\/\\\/schema.org\",\"@graph\":[{\"@type\":\"WebPage\",\"@id\":\"https:\\\/\\\/virtnum.com\\\/sms-number-registration\\\/\",\"url\":\"https:\\\/\\\/virtnum.com\\\/sms-number-registration\\\/\",\"name\":\"Permanent SMS Number for Registration\",\"isPartOf\":{\"@id\":\"https:\\\/\\\/virtnum.com\\\/#website\"},\"datePublished\":\"2024-08-23T00:21:14+00:00\",\"dateModified\":\"2024-08-23T00:21:17+00:00\",\"description\":\"Discover the advantages of using a permanent SMS number for registration on multiple platforms. Learn how our reusable virtual numbers simplify account creation across social networks, apps, and other services. Enjoy reliable, convenient, and versatile registration with a number that stays with you. Start today!\",\"inLanguage\":\"tr\",\"potentialAction\":[{\"@type\":\"ReadAction\",\"target\":[\"https:\\\/\\\/virtnum.com\\\/sms-number-registration\\\/\"]}]},{\"@type\":\"WebSite\",\"@id\":\"https:\\\/\\\/virtnum.com\\\/#website\",\"url\":\"https:\\\/\\\/virtnum.com\\\/\",\"name\":\"Virtual Local Phone Numbers\",\"description\":\"Buy Virtual Phone Numbers | DID Numbers | VoIP Numbers | Toll-free Numbers | Call forwarding to SIP, VOIP, PBX, Mobile or Fixed Phones\",\"publisher\":{\"@id\":\"https:\\\/\\\/virtnum.com\\\/#organization\"},\"potentialAction\":[{\"@type\":\"SearchAction\",\"target\":{\"@type\":\"EntryPoint\",\"urlTemplate\":\"https:\\\/\\\/virtnum.com\\\/?s={search_term_string}\"},\"query-input\":{\"@type\":\"PropertyValueSpecification\",\"valueRequired\":true,\"valueName\":\"search_term_string\"}}],\"inLanguage\":\"tr\"},{\"@type\":\"Organization\",\"@id\":\"https:\\\/\\\/virtnum.com\\\/#organization\",\"name\":\"Virtual Local Phone Numbers\",\"url\":\"https:\\\/\\\/virtnum.com\\\/\",\"logo\":{\"@type\":\"ImageObject\",\"inLanguage\":\"tr\",\"@id\":\"https:\\\/\\\/virtnum.com\\\/#\\\/schema\\\/logo\\\/image\\\/\",\"url\":\"https:\\\/\\\/virtnum.com\\\/wp-content\\\/uploads\\\/2022\\\/12\\\/logo-1.png\",\"contentUrl\":\"https:\\\/\\\/virtnum.com\\\/wp-content\\\/uploads\\\/2022\\\/12\\\/logo-1.png\",\"width\":420,\"height\":165,\"caption\":\"Virtual Local Phone Numbers\"},\"image\":{\"@id\":\"https:\\\/\\\/virtnum.com\\\/#\\\/schema\\\/logo\\\/image\\\/\"}}]}<\/script>\n<!-- \/ Yoast SEO plugin. -->","yoast_head_json":{"title":"Kay\u0131t \u0130\u00e7in Kal\u0131c\u0131 SMS Numaras\u0131","description":"Birden fazla platformda kay\u0131t i\u00e7in kal\u0131c\u0131 bir SMS numaras\u0131 kullanman\u0131n avantajlar\u0131n\u0131 ke\u015ffedin. Yeniden kullan\u0131labilir sanal numaralar\u0131m\u0131z\u0131n sosyal a\u011flar, uygulamalar ve di\u011fer hizmetler genelinde hesap olu\u015fturmay\u0131 nas\u0131l basitle\u015ftirdi\u011fini \u00f6\u011frenin. Yan\u0131n\u0131zda kalan bir numara ile g\u00fcvenilir, rahat ve \u00e7ok y\u00f6nl\u00fc kayd\u0131n tad\u0131n\u0131 \u00e7\u0131kar\u0131n. Bug\u00fcn ba\u015flay\u0131n!","robots":{"index":"index","follow":"follow","max-snippet":"max-snippet:-1","max-image-preview":"max-image-preview:large","max-video-preview":"max-video-preview:-1"},"canonical":"https:\/\/virtnum.com\/tr\/sms-number-registration\/","og_locale":"tr_TR","og_type":"article","og_title":"Permanent SMS Number for Registration","og_description":"Discover the advantages of using a permanent SMS number for registration on multiple platforms. Learn how our reusable virtual numbers simplify account creation across social networks, apps, and other services. Enjoy reliable, convenient, and versatile registration with a number that stays with you. Start today!","og_url":"https:\/\/virtnum.com\/tr\/sms-number-registration\/","og_site_name":"Virtual Local Phone Numbers","article_modified_time":"2024-08-23T00:21:17+00:00","twitter_card":"summary_large_image","twitter_misc":{"Tahmini okuma s\u00fcresi":"2 dakika"},"schema":{"@context":"https:\/\/schema.org","@graph":[{"@type":"WebPage","@id":"https:\/\/virtnum.com\/sms-number-registration\/","url":"https:\/\/virtnum.com\/sms-number-registration\/","name":"Kay\u0131t \u0130\u00e7in Kal\u0131c\u0131 SMS Numaras\u0131","isPartOf":{"@id":"https:\/\/virtnum.com\/#website"},"datePublished":"2024-08-23T00:21:14+00:00","dateModified":"2024-08-23T00:21:17+00:00","description":"Birden fazla platformda kay\u0131t i\u00e7in kal\u0131c\u0131 bir SMS numaras\u0131 kullanman\u0131n avantajlar\u0131n\u0131 ke\u015ffedin. Yeniden kullan\u0131labilir sanal numaralar\u0131m\u0131z\u0131n sosyal a\u011flar, uygulamalar ve di\u011fer hizmetler genelinde hesap olu\u015fturmay\u0131 nas\u0131l basitle\u015ftirdi\u011fini \u00f6\u011frenin. Yan\u0131n\u0131zda kalan bir numara ile g\u00fcvenilir, rahat ve \u00e7ok y\u00f6nl\u00fc kayd\u0131n tad\u0131n\u0131 \u00e7\u0131kar\u0131n. Bug\u00fcn ba\u015flay\u0131n!","inLanguage":"tr","potentialAction":[{"@type":"ReadAction","target":["https:\/\/virtnum.com\/sms-number-registration\/"]}]},{"@type":"WebSite","@id":"https:\/\/virtnum.com\/#website","url":"https:\/\/virtnum.com\/","name":"Sanal Yerel Telefon Numaralar\u0131","description":"Sanal Telefon Numaralar\u0131 Sat\u0131n Al\u0131n | DID Numaralar\u0131 | VoIP Numaralar\u0131 | \u00dccretsiz Numaralar | SIP, VOIP, PBX, Mobil veya Sabit Telefonlara \u00c7a\u011fr\u0131 Y\u00f6nlendirme","publisher":{"@id":"https:\/\/virtnum.com\/#organization"},"potentialAction":[{"@type":"SearchAction","target":{"@type":"EntryPoint","urlTemplate":"https:\/\/virtnum.com\/?s={search_term_string}"},"query-input":{"@type":"PropertyValueSpecification","valueRequired":true,"valueName":"search_term_string"}}],"inLanguage":"tr"},{"@type":"Organization","@id":"https:\/\/virtnum.com\/#organization","name":"Sanal Yerel Telefon Numaralar\u0131","url":"https:\/\/virtnum.com\/","logo":{"@type":"ImageObject","inLanguage":"tr","@id":"https:\/\/virtnum.com\/#\/schema\/logo\/image\/","url":"https:\/\/virtnum.com\/wp-content\/uploads\/2022\/12\/logo-1.png","contentUrl":"https:\/\/virtnum.com\/wp-content\/uploads\/2022\/12\/logo-1.png","width":420,"height":165,"caption":"Virtual Local Phone Numbers"},"image":{"@id":"https:\/\/virtnum.com\/#\/schema\/logo\/image\/"}}]}},"_links":{"self":[{"href":"https:\/\/virtnum.com\/tr\/wp-json\/wp\/v2\/pages\/874","targetHints":{"allow":["GET"]}}],"collection":[{"href":"https:\/\/virtnum.com\/tr\/wp-json\/wp\/v2\/pages"}],"about":[{"href":"https:\/\/virtnum.com\/tr\/wp-json\/wp\/v2\/types\/page"}],"author":[{"embeddable":true,"href":"https:\/\/virtnum.com\/tr\/wp-json\/wp\/v2\/users\/1"}],"replies":[{"embeddable":true,"href":"https:\/\/virtnum.com\/tr\/wp-json\/wp\/v2\/comments?post=874"}],"version-history":[{"count":1,"href":"https:\/\/virtnum.com\/tr\/wp-json\/wp\/v2\/pages\/874\/revisions"}],"predecessor-version":[{"id":878,"href":"https:\/\/virtnum.com\/tr\/wp-json\/wp\/v2\/pages\/874\/revisions\/878"}],"wp:attachment":[{"href":"https:\/\/virtnum.com\/tr\/wp-json\/wp\/v2\/media?parent=874"}],"curies":[{"name":"wp","href":"https:\/\/api.w.org\/{rel}","templated":true}]}}