{"id":945,"date":"2026-02-20T01:09:49","date_gmt":"2026-02-19T21:09:49","guid":{"rendered":"https:\/\/virtnum.com\/?page_id=945"},"modified":"2026-02-20T01:10:01","modified_gmt":"2026-02-19T21:10:01","slug":"myanmar","status":"publish","type":"page","link":"https:\/\/virtnum.com\/tr\/buy-virtual-phone-number\/myanmar\/","title":{"rendered":"Myanmar"},"content":{"rendered":"<div class=\"wp-block-columns is-layout-flex wp-container-core-columns-is-layout-9d6595d7 wp-block-columns-is-layout-flex\">\n<div class=\"wp-block-column is-layout-flow wp-block-column-is-layout-flow\">\n<h2 class=\"wp-block-heading\">Myanmar Yerel Sanal Numaras\u0131<\/h2>\n\n\n\n<h3 class=\"wp-block-heading\">D\u00fcnya \u00e7ap\u0131nda \u00e7a\u011fr\u0131lar\u0131 ve SMS&#039;leri al\u0131n ve iletin<\/h3>\n\n\n\n<ul class=\"wp-block-list\">\n<li>Herhangi bir \u00fclkeden Myanmar telefon numaras\u0131 kiralay\u0131n.<\/li>\n\n\n\n<li>\u015eirketinizin adresini de\u011fi\u015ftirdi\u011finizde telefon numaras\u0131n\u0131 kaydetmeniz gerekiyorsa.<\/li>\n\n\n\n<li>Ayr\u0131ca g\u00f6r\u00fc\u015fmeler gizli tutuluyor.<\/li>\n\n\n\n<li>Reklam kampanyalar\u0131n\u0131z\u0131 y\u00fcr\u00fctmek i\u00e7in kullan\u0131n.<\/li>\n\n\n\n<li>Uluslararas\u0131 arama maliyetlerini azalt\u0131n. Ki\u015fileriniz yerel bir numaray\u0131 arayabilecektir.<\/li>\n<\/ul>\n<\/div>\n\n\n\n<div class=\"wp-block-column is-vertically-aligned-top is-layout-flow wp-block-column-is-layout-flow\">\n<p>\u00dclkenizi ve b\u00f6lgenizi se\u00e7in, ard\u0131ndan listeden arama kriterlerinize uyan numaray\u0131 se\u00e7in.<\/p>\n<a href=\"https:\/\/virtnum.com\/buy\/Myanmar\"><img loading=\"lazy\" decoding=\"async\" width=\"500\" height=\"200\" src=\"https:\/\/virtnum.com\/wp-content\/uploads\/2021\/04\/check-price.png\" alt=\"\" class=\"wp-image-96\" srcset=\"https:\/\/virtnum.com\/wp-content\/uploads\/2021\/04\/check-price.png 500w, https:\/\/virtnum.com\/wp-content\/uploads\/2021\/04\/check-price-300x120.png 300w\" sizes=\"auto, (max-width: 500px) 100vw, 500px\" \/><\/a>\n\n<p>Birden fazla numaraya m\u0131 ihtiyac\u0131n\u0131z var? Endi\u015felenecek bir \u015fey yok. \u0130stedi\u011finiz \u00fclke veya b\u00f6lgeden birka\u00e7 numara sat\u0131n alman\u0131z m\u00fcmk\u00fcn.<\/p>\n\n<p>A\u015fa\u011f\u0131da h\u0131zl\u0131 eri\u015fim sa\u011flayan tablolar bulunmaktad\u0131r<br> <a href=\"#prices\" style=\"text-decoration:underline\">sanal numara fiyatlar\u0131<\/a>.<\/p>\n<\/div>\n<\/div>\n\n\n\n<p>Myanmar sanal telefon numaras\u0131 ile aramalar\u0131 herhangi bir numaraya y\u00f6nlendirebilirsiniz: sabit hat, cep telefonu, SIP veya Telegram. Arama ve SMS y\u00f6nlendirme ayarlar\u0131 hesab\u0131n\u0131zdan yap\u0131labilir.<\/p>\n\n\n\n<a name=\"prices\">\n\n\n<p><div>\n               <h2>Myanmar smsreg sanal numara fiyatlar\u0131<\/h2>\n                <table id=\"city-search-smsreg\">\n                            <thead>\n                                <tr>\n                                <th>\n                                    B\u00f6lge\n                                <\/th>\n                                <th>\n                                    Telefon Kodu\n                                <\/th>\n                                <th>\n                                    Kurulum \u00fccreti\n                                <\/th>\n                                <th>\n                                    Ayl\u0131k \u00fccret\n                                <\/th>\n                                <th>\n                                    \n                                <\/th>\n                                <\/tr>\n                            <\/thead>\n                            <tbody>\n                            <tr >\n                                <td data-label=\"City\">Kay\u0131t i\u00e7in mobil (Sadece SMS)<\/td>\n                \t\t\t\t<td data-label=\"Code\">+95 (123)<\/td>\n                \t\t\t\t<td data-label=\"Setup\">$17<\/td>\n                        \t    <td data-label=\"Fix\">$18<\/td>\n                                <td><a href=\"https:\/\/lk.virtnum.com\/tr\/component\/telecomax\/?task=buyunregistred&type=smsreg&country=myanmar&city=mobile-for-registration-sms-only\" class=\"buy\">SATIN AL \ud83d\uded2<\/a><\/td> \n                            <\/tr><\/tbody>\n                <\/table>\n                <\/div><br \/>\n<div><\/tbody>\n                <\/table>\n                <\/div><br \/>\n<div>\n               <h2>Myanmar SMS sanal numara fiyatlar\u0131<\/h2>\n                <table id=\"city-search-sms\">\n                            <thead>\n                                <tr>\n                                <th>\n                                    B\u00f6lge\n                                <\/th>\n                                <th>\n                                    Telefon Kodu\n                                <\/th>\n                                <th>\n                                    Kurulum \u00fccreti\n                                <\/th>\n                                <th>\n                                    Ayl\u0131k \u00fccret\n                                <\/th>\n                                <th>\n                                    \n                                <\/th>\n                                <\/tr>\n                            <\/thead>\n                            <tbody>\n                            <tr >\n                                <td data-label=\"City\">Kay\u0131t i\u00e7in mobil (Sadece SMS)<\/td>\n                \t\t\t\t<td data-label=\"Code\">+95 (123)<\/td>\n                \t\t\t\t<td data-label=\"Setup\">$17<\/td>\n                        \t    <td data-label=\"Fix\">$18<\/td>\n                                <td><a href=\"https:\/\/lk.virtnum.com\/tr\/component\/telecomax\/?task=buyunregistred&type=sms&country=myanmar&city=mobile-for-registration-sms-only\" class=\"buy\">SATIN AL \ud83d\uded2<\/a><\/td> \n                            <\/tr><\/tbody>\n                <\/table>\n                <\/div><br \/>\n<div><\/tbody>\n                <\/table>\n                <\/div><\/p>\n\n\n\n<h2 class=\"wp-block-heading\">Se\u00e7enekler<\/h2>\n\n\n\n<ul class=\"wp-block-list\">\n<li>Myanmar&#039;a yap\u0131lan aramalar\u0131 d\u00fcnyan\u0131n herhangi bir yerine y\u00f6nlendirin.<\/li>\n\n\n\n<li>Sanal telefon uygulamam\u0131z\u0131 veya mobil uygulamam\u0131z\u0131 kullanarak Myanmar sanal numaran\u0131zla gelen aramalar\u0131 yan\u0131tlay\u0131n.<\/li>\n\n\n\n<li>Gelen aramalar\u0131 \u00e7ok d\u00fc\u015f\u00fck bir \u00fccret kar\u015f\u0131l\u0131\u011f\u0131nda herhangi bir normal veya cep telefonu hatt\u0131na y\u00f6nlendirin.<\/li>\n\n\n\n<li>Herhangi bir Voice-over-IP (VoIP), SIP, H.323 veya IAX sa\u011flay\u0131c\u0131s\u0131na gelen \u00e7a\u011fr\u0131 y\u00f6nlendirme dahildir.<\/li>\n\n\n\n<li>ITSP veya VoIP (SIP, H.323 veya IAX) kullanarak gelen \u00e7a\u011fr\u0131lar<\/li>\n\n\n\n<li>Myanmar telefon numaras\u0131n\u0131 s\u00f6zle\u015fme yapmadan kiral\u0131yorsunuz.<\/li>\n\n\n\n<li>Myanmar&#039;a ait \u00fccretsiz veya \u00fccretli arama numaras\u0131na ihtiyac\u0131n\u0131z varsa l\u00fctfen destek ekibiyle ileti\u015fime ge\u00e7in.<\/li>\n<\/ul>\n\n\n\n<p align=\"center\"><a class=\"buy\" href=\"https:\/\/virtnum.com\/buy\/Myanmar\">\u27a1\ufe0f Myanmar&#039;da DID Numaras\u0131 Sat\u0131n Al\u0131n \u2b05\ufe0f<\/a><\/p>\n\n\n\n<h2 class=\"wp-block-heading\">Myanmar&#039;da ikinci bir telefon hatt\u0131 edinin.<\/h2>\n\n\n\n<p>\u0130\u015fletmeniz veya web siteniz i\u00e7in Myanmar&#039;da bir varl\u0131\u011fa m\u0131 ihtiyac\u0131n\u0131z var? Myanmar sanal telefon numaras\u0131 (Myanmar DID numaras\u0131) sat\u0131n al\u0131n ve daha \u00f6nce hi\u00e7 akl\u0131n\u0131za gelmeyen m\u00fc\u015fterilerle ileti\u015fime ge\u00e7in. Potansiyel ve mevcut m\u00fc\u015fterileriniz, kullanabilecekleri yerel bir Myanmar telefon numaras\u0131na sahip olmaktan memnuniyet duyacaklard\u0131r. Web sitenizin analiz raporlar\u0131n\u0131 kontrol edin; &quot;Bize Ula\u015f\u0131n&quot; telefon numaran\u0131z\u0131n listelendi\u011fi alanlar\u0131n d\u0131\u015f\u0131nda trafik al\u0131yorsan\u0131z, i\u015f f\u0131rsatlar\u0131n\u0131 ka\u00e7\u0131r\u0131yor olabilirsiniz. Bir Myanmar sanal numaras\u0131 al\u0131n, aramalar\u0131 herhangi bir VoIP cihaz\u0131na y\u00f6nlendirin ve bu numaraya gelen s\u0131n\u0131rs\u0131z dakikalar i\u00e7in sabit bir \u00fccret \u00f6deyin. Myanmar&#039;da ne kadar \u00e7ok potansiyel arayan olabilece\u011fine \u015fa\u015f\u0131racaks\u0131n\u0131z.<\/p>\n\n\n\n<p align=\"center\"><a class=\"buy\" href=\"https:\/\/virtnum.com\/buy\/Myanmar\">\u27a1\ufe0f Myanmar Sanal Numaras\u0131 Al\u0131n \u2b05\ufe0f<\/a><\/p>\n\n\n\n<h2 class=\"wp-block-heading\">Myanmar&#039;da yerel sanal telefon numaras\u0131 nas\u0131l al\u0131n\u0131r?<\/h2>\n\n\n\n<ol class=\"wp-block-list\">\n<li>Hesab\u0131n\u0131zda, <strong>say\u0131 t\u00fcr\u00fc<\/strong> (SMS, Ses veya TollFree).<\/li>\n\n\n\n<li>Se\u00e7 <strong>Myanmar<\/strong> \u00dclkeler listesinden.<\/li>\n\n\n\n<li>Se\u00e7in <strong>\u015fehir\/b\u00f6lge<\/strong> numaray\u0131 nereden almak istiyorsun.<\/li>\n\n\n\n<li>Kurmak <strong>\u00e7a\u011fr\u0131 y\u00f6nlendirme y\u00f6n\u00fc<\/strong> (telefon numaras\u0131na, SIP&#039;e veya Telegram&#039;a).<\/li>\n\n\n\n<li>\u00d6demek <strong>kurulum \u00fccreti<\/strong> Ve <strong>ayl\u0131k \u00fccret<\/strong> \u0130stenilen kira ay\u0131 say\u0131s\u0131 kadar (ay say\u0131s\u0131n\u0131n artmas\u0131 halinde indirim imkan\u0131 mevcuttur).<\/li>\n<\/ol>","protected":false},"excerpt":{"rendered":"<p>Yerel Sanal Numara D\u00fcnya \u00e7ap\u0131nda aramalar\u0131 ve SMS&#039;leri al\u0131n ve y\u00f6nlendirin \u00dclkenizi ve b\u00f6lgenizi se\u00e7in, ard\u0131ndan arama kriterlerinize uyan numaray\u0131 se\u00e7in\u2026<\/p>","protected":false},"author":1,"featured_media":0,"parent":40,"menu_order":0,"comment_status":"closed","ping_status":"closed","template":"","meta":{"_acf_changed":false,"footnotes":""},"class_list":["post-945","page","type-page","status-publish","hentry"],"acf":[],"yoast_head":"<!-- This site is optimized with the Yoast SEO plugin v27.4 - https:\/\/yoast.com\/product\/yoast-seo-wordpress\/ -->\n<title>Buy Myanmar Virtual Phone Numbers - Virtual Local Phone Numbers<\/title>\n<meta name=\"description\" content=\"Get unique Myanmar Virtual Phone Numbers (Myanmar DID Numbers). Make outgoing calls and receive incoming calls or forward the calls to anywhere in the world. Signup for Local Myanmar Number.\" \/>\n<meta name=\"robots\" content=\"index, follow, max-snippet:-1, max-image-preview:large, max-video-preview:-1\" \/>\n<link rel=\"canonical\" href=\"https:\/\/virtnum.com\/tr\/buy-virtual-phone-number\/myanmar\/\" \/>\n<meta property=\"og:locale\" content=\"tr_TR\" \/>\n<meta property=\"og:type\" content=\"article\" \/>\n<meta property=\"og:title\" content=\"Buy Myanmar Virtual Phone Numbers - Virtual Local Phone Numbers\" \/>\n<meta property=\"og:description\" content=\"Get unique Myanmar Virtual Phone Numbers (Myanmar DID Numbers). Make outgoing calls and receive incoming calls or forward the calls to anywhere in the world. Signup for Local Myanmar Number.\" \/>\n<meta property=\"og:url\" content=\"https:\/\/virtnum.com\/tr\/buy-virtual-phone-number\/myanmar\/\" \/>\n<meta property=\"og:site_name\" content=\"Virtual Local Phone Numbers\" \/>\n<meta property=\"article:modified_time\" content=\"2026-02-19T21:10:01+00:00\" \/>\n<meta property=\"og:image\" content=\"https:\/\/virtnum.com\/wp-content\/uploads\/2021\/04\/check-price.png\" \/>\n\t<meta property=\"og:image:width\" content=\"500\" \/>\n\t<meta property=\"og:image:height\" content=\"200\" \/>\n\t<meta property=\"og:image:type\" content=\"image\/png\" \/>\n<meta name=\"twitter:card\" content=\"summary_large_image\" \/>\n<meta name=\"twitter:label1\" content=\"Tahmini okuma s\u00fcresi\" \/>\n\t<meta name=\"twitter:data1\" content=\"3 dakika\" \/>\n<script type=\"application\/ld+json\" class=\"yoast-schema-graph\">{\"@context\":\"https:\\\/\\\/schema.org\",\"@graph\":[{\"@type\":\"WebPage\",\"@id\":\"https:\\\/\\\/virtnum.com\\\/buy-virtual-phone-number\\\/myanmar\\\/\",\"url\":\"https:\\\/\\\/virtnum.com\\\/buy-virtual-phone-number\\\/myanmar\\\/\",\"name\":\"Buy Myanmar Virtual Phone Numbers - Virtual Local Phone Numbers\",\"isPartOf\":{\"@id\":\"https:\\\/\\\/virtnum.com\\\/#website\"},\"primaryImageOfPage\":{\"@id\":\"https:\\\/\\\/virtnum.com\\\/buy-virtual-phone-number\\\/myanmar\\\/#primaryimage\"},\"image\":{\"@id\":\"https:\\\/\\\/virtnum.com\\\/buy-virtual-phone-number\\\/myanmar\\\/#primaryimage\"},\"thumbnailUrl\":\"https:\\\/\\\/virtnum.com\\\/wp-content\\\/uploads\\\/2021\\\/04\\\/check-price.png\",\"datePublished\":\"2026-02-19T21:09:49+00:00\",\"dateModified\":\"2026-02-19T21:10:01+00:00\",\"description\":\"Get unique Myanmar Virtual Phone Numbers (Myanmar DID Numbers). Make outgoing calls and receive incoming calls or forward the calls to anywhere in the world. Signup for Local Myanmar Number.\",\"breadcrumb\":{\"@id\":\"https:\\\/\\\/virtnum.com\\\/buy-virtual-phone-number\\\/myanmar\\\/#breadcrumb\"},\"inLanguage\":\"tr\",\"potentialAction\":[{\"@type\":\"ReadAction\",\"target\":[\"https:\\\/\\\/virtnum.com\\\/buy-virtual-phone-number\\\/myanmar\\\/\"]}]},{\"@type\":\"ImageObject\",\"inLanguage\":\"tr\",\"@id\":\"https:\\\/\\\/virtnum.com\\\/buy-virtual-phone-number\\\/myanmar\\\/#primaryimage\",\"url\":\"https:\\\/\\\/virtnum.com\\\/wp-content\\\/uploads\\\/2021\\\/04\\\/check-price.png\",\"contentUrl\":\"https:\\\/\\\/virtnum.com\\\/wp-content\\\/uploads\\\/2021\\\/04\\\/check-price.png\"},{\"@type\":\"BreadcrumbList\",\"@id\":\"https:\\\/\\\/virtnum.com\\\/buy-virtual-phone-number\\\/myanmar\\\/#breadcrumb\",\"itemListElement\":[{\"@type\":\"ListItem\",\"position\":1,\"name\":\"Permanent Virtual Phone Numbers\",\"item\":\"https:\\\/\\\/virtnum.com\\\/buy-virtual-phone-number\\\/\"},{\"@type\":\"ListItem\",\"position\":2,\"name\":\"Myanmar\"}]},{\"@type\":\"WebSite\",\"@id\":\"https:\\\/\\\/virtnum.com\\\/#website\",\"url\":\"https:\\\/\\\/virtnum.com\\\/\",\"name\":\"Virtual Local Phone Numbers\",\"description\":\"Buy Virtual Phone Numbers | DID Numbers | VoIP Numbers | Toll-free Numbers | Call forwarding to SIP, VOIP, PBX, Mobile or Fixed Phones\",\"publisher\":{\"@id\":\"https:\\\/\\\/virtnum.com\\\/#organization\"},\"potentialAction\":[{\"@type\":\"SearchAction\",\"target\":{\"@type\":\"EntryPoint\",\"urlTemplate\":\"https:\\\/\\\/virtnum.com\\\/?s={search_term_string}\"},\"query-input\":{\"@type\":\"PropertyValueSpecification\",\"valueRequired\":true,\"valueName\":\"search_term_string\"}}],\"inLanguage\":\"tr\"},{\"@type\":\"Organization\",\"@id\":\"https:\\\/\\\/virtnum.com\\\/#organization\",\"name\":\"Virtual Local Phone Numbers\",\"url\":\"https:\\\/\\\/virtnum.com\\\/\",\"logo\":{\"@type\":\"ImageObject\",\"inLanguage\":\"tr\",\"@id\":\"https:\\\/\\\/virtnum.com\\\/#\\\/schema\\\/logo\\\/image\\\/\",\"url\":\"https:\\\/\\\/virtnum.com\\\/wp-content\\\/uploads\\\/2022\\\/12\\\/logo-1.png\",\"contentUrl\":\"https:\\\/\\\/virtnum.com\\\/wp-content\\\/uploads\\\/2022\\\/12\\\/logo-1.png\",\"width\":420,\"height\":165,\"caption\":\"Virtual Local Phone Numbers\"},\"image\":{\"@id\":\"https:\\\/\\\/virtnum.com\\\/#\\\/schema\\\/logo\\\/image\\\/\"}}]}<\/script>\n<!-- \/ Yoast SEO plugin. -->","yoast_head_json":{"title":"Myanmar Sanal Telefon Numaralar\u0131 Sat\u0131n Al\u0131n - Sanal Yerel Telefon Numaralar\u0131","description":"Benzersiz Myanmar Sanal Telefon Numaralar\u0131 (Myanmar DID Numaralar\u0131) edinin. Giden aramalar yap\u0131n, gelen aramalar\u0131 al\u0131n veya aramalar\u0131 d\u00fcnyan\u0131n herhangi bir yerine y\u00f6nlendirin. Yerel Myanmar Numaras\u0131 i\u00e7in kaydolun.","robots":{"index":"index","follow":"follow","max-snippet":"max-snippet:-1","max-image-preview":"max-image-preview:large","max-video-preview":"max-video-preview:-1"},"canonical":"https:\/\/virtnum.com\/tr\/buy-virtual-phone-number\/myanmar\/","og_locale":"tr_TR","og_type":"article","og_title":"Buy Myanmar Virtual Phone Numbers - Virtual Local Phone Numbers","og_description":"Get unique Myanmar Virtual Phone Numbers (Myanmar DID Numbers). Make outgoing calls and receive incoming calls or forward the calls to anywhere in the world. Signup for Local Myanmar Number.","og_url":"https:\/\/virtnum.com\/tr\/buy-virtual-phone-number\/myanmar\/","og_site_name":"Virtual Local Phone Numbers","article_modified_time":"2026-02-19T21:10:01+00:00","og_image":[{"width":500,"height":200,"url":"https:\/\/virtnum.com\/wp-content\/uploads\/2021\/04\/check-price.png","type":"image\/png"}],"twitter_card":"summary_large_image","twitter_misc":{"Tahmini okuma s\u00fcresi":"3 dakika"},"schema":{"@context":"https:\/\/schema.org","@graph":[{"@type":"WebPage","@id":"https:\/\/virtnum.com\/buy-virtual-phone-number\/myanmar\/","url":"https:\/\/virtnum.com\/buy-virtual-phone-number\/myanmar\/","name":"Myanmar Sanal Telefon Numaralar\u0131 Sat\u0131n Al\u0131n - Sanal Yerel Telefon Numaralar\u0131","isPartOf":{"@id":"https:\/\/virtnum.com\/#website"},"primaryImageOfPage":{"@id":"https:\/\/virtnum.com\/buy-virtual-phone-number\/myanmar\/#primaryimage"},"image":{"@id":"https:\/\/virtnum.com\/buy-virtual-phone-number\/myanmar\/#primaryimage"},"thumbnailUrl":"https:\/\/virtnum.com\/wp-content\/uploads\/2021\/04\/check-price.png","datePublished":"2026-02-19T21:09:49+00:00","dateModified":"2026-02-19T21:10:01+00:00","description":"Benzersiz Myanmar Sanal Telefon Numaralar\u0131 (Myanmar DID Numaralar\u0131) edinin. Giden aramalar yap\u0131n, gelen aramalar\u0131 al\u0131n veya aramalar\u0131 d\u00fcnyan\u0131n herhangi bir yerine y\u00f6nlendirin. Yerel Myanmar Numaras\u0131 i\u00e7in kaydolun.","breadcrumb":{"@id":"https:\/\/virtnum.com\/buy-virtual-phone-number\/myanmar\/#breadcrumb"},"inLanguage":"tr","potentialAction":[{"@type":"ReadAction","target":["https:\/\/virtnum.com\/buy-virtual-phone-number\/myanmar\/"]}]},{"@type":"ImageObject","inLanguage":"tr","@id":"https:\/\/virtnum.com\/buy-virtual-phone-number\/myanmar\/#primaryimage","url":"https:\/\/virtnum.com\/wp-content\/uploads\/2021\/04\/check-price.png","contentUrl":"https:\/\/virtnum.com\/wp-content\/uploads\/2021\/04\/check-price.png"},{"@type":"BreadcrumbList","@id":"https:\/\/virtnum.com\/buy-virtual-phone-number\/myanmar\/#breadcrumb","itemListElement":[{"@type":"ListItem","position":1,"name":"Permanent Virtual Phone Numbers","item":"https:\/\/virtnum.com\/buy-virtual-phone-number\/"},{"@type":"ListItem","position":2,"name":"Myanmar"}]},{"@type":"WebSite","@id":"https:\/\/virtnum.com\/#website","url":"https:\/\/virtnum.com\/","name":"Sanal Yerel Telefon Numaralar\u0131","description":"Sanal Telefon Numaralar\u0131 Sat\u0131n Al\u0131n | DID Numaralar\u0131 | VoIP Numaralar\u0131 | \u00dccretsiz Numaralar | SIP, VOIP, PBX, Mobil veya Sabit Telefonlara \u00c7a\u011fr\u0131 Y\u00f6nlendirme","publisher":{"@id":"https:\/\/virtnum.com\/#organization"},"potentialAction":[{"@type":"SearchAction","target":{"@type":"EntryPoint","urlTemplate":"https:\/\/virtnum.com\/?s={search_term_string}"},"query-input":{"@type":"PropertyValueSpecification","valueRequired":true,"valueName":"search_term_string"}}],"inLanguage":"tr"},{"@type":"Organization","@id":"https:\/\/virtnum.com\/#organization","name":"Sanal Yerel Telefon Numaralar\u0131","url":"https:\/\/virtnum.com\/","logo":{"@type":"ImageObject","inLanguage":"tr","@id":"https:\/\/virtnum.com\/#\/schema\/logo\/image\/","url":"https:\/\/virtnum.com\/wp-content\/uploads\/2022\/12\/logo-1.png","contentUrl":"https:\/\/virtnum.com\/wp-content\/uploads\/2022\/12\/logo-1.png","width":420,"height":165,"caption":"Virtual Local Phone Numbers"},"image":{"@id":"https:\/\/virtnum.com\/#\/schema\/logo\/image\/"}}]}},"_links":{"self":[{"href":"https:\/\/virtnum.com\/tr\/wp-json\/wp\/v2\/pages\/945","targetHints":{"allow":["GET"]}}],"collection":[{"href":"https:\/\/virtnum.com\/tr\/wp-json\/wp\/v2\/pages"}],"about":[{"href":"https:\/\/virtnum.com\/tr\/wp-json\/wp\/v2\/types\/page"}],"author":[{"embeddable":true,"href":"https:\/\/virtnum.com\/tr\/wp-json\/wp\/v2\/users\/1"}],"replies":[{"embeddable":true,"href":"https:\/\/virtnum.com\/tr\/wp-json\/wp\/v2\/comments?post=945"}],"version-history":[{"count":1,"href":"https:\/\/virtnum.com\/tr\/wp-json\/wp\/v2\/pages\/945\/revisions"}],"predecessor-version":[{"id":946,"href":"https:\/\/virtnum.com\/tr\/wp-json\/wp\/v2\/pages\/945\/revisions\/946"}],"up":[{"embeddable":true,"href":"https:\/\/virtnum.com\/tr\/wp-json\/wp\/v2\/pages\/40"}],"wp:attachment":[{"href":"https:\/\/virtnum.com\/tr\/wp-json\/wp\/v2\/media?parent=945"}],"curies":[{"name":"wp","href":"https:\/\/api.w.org\/{rel}","templated":true}]}}