{"id":957,"date":"2026-04-15T00:59:07","date_gmt":"2026-04-14T20:59:07","guid":{"rendered":"https:\/\/virtnum.com\/?page_id=957"},"modified":"2026-04-15T00:59:08","modified_gmt":"2026-04-14T20:59:08","slug":"cookie-statement","status":"publish","type":"page","link":"https:\/\/virtnum.com\/tr\/cookie-statement\/","title":{"rendered":"\u00c7erez Bildirimi"},"content":{"rendered":"<h1 class=\"wp-block-heading\">\u00c7erez Bildirimi<\/h1>\n\n\n\n<p>Bu belgede ge\u00e7en \u201cbiz\u201d, \u201cbize\u201d, \u201cbizim\u201d veya \u201cBeta \u015firketi\u201d ifadeleri Virtnum.com (Beta company sp. z oo, REGON 146444560) anlam\u0131na gelir.<\/p>\n\n\n\n<p>Bu \u00c7erez Bildirimi, web sitelerimizi ziyaret etti\u011finizde \u00e7erezleri ve benzer teknolojileri nas\u0131l kulland\u0131\u011f\u0131m\u0131z\u0131 a\u00e7\u0131klamaktad\u0131r; \u00f6rne\u011fin,\u00a0<a href=\"https:\/\/betacompany.net\/\">betacompany.net<\/a>,\u00a0<a href=\"https:\/\/telnum.net\/\">virtnum.com<\/a>, Bu belge, bu teknolojilerin ne oldu\u011funu, neden kulland\u0131\u011f\u0131m\u0131z\u0131 ve bunlar\u0131n kullan\u0131m\u0131n\u0131 kontrol etme haklar\u0131n\u0131z\u0131 a\u00e7\u0131klamaktad\u0131r.<\/p>\n\n\n\n<p>Bu \u00c7erez Bildirimi, Kullan\u0131m \u015eartlar\u0131m\u0131z\u0131n bir par\u00e7as\u0131d\u0131r. Burada tan\u0131mlanmayan b\u00fcy\u00fck harfle yaz\u0131lm\u0131\u015f terimlerin anlamlar\u0131 Gizlilik Politikam\u0131zda belirtilmi\u015ftir.<\/p>\n\n\n\n<p>Baz\u0131 durumlarda, Ki\u015fisel Verileri veya di\u011fer bilgilerle birle\u015ftirildi\u011finde Ki\u015fisel Veri haline gelen bilgileri toplamak i\u00e7in \u00e7erezleri ve di\u011fer izleme teknolojilerini kullanabiliriz. Ki\u015fisel bilgilerinizi nas\u0131l i\u015fledi\u011fimiz hakk\u0131nda daha fazla bilgi i\u00e7in l\u00fctfen Gizlilik Politikam\u0131z\u0131 okuyun.<\/p>\n\n\n\n<h2 class=\"wp-block-heading\">\u00c7erezler nedir?<\/h2>\n\n\n\n<p>\u00c7erezler, bir web sitesini ziyaret etti\u011finizde bilgisayar\u0131n\u0131za veya mobil cihaz\u0131n\u0131za yerle\u015ftirilen k\u00fc\u00e7\u00fck veri dosyalar\u0131d\u0131r. Web sitelerinin verimli \u00e7al\u0131\u015fmas\u0131n\u0131 sa\u011flamak, kullan\u0131c\u0131 deneyimini geli\u015ftirmek ve raporlama bilgileri sunmak amac\u0131yla \u00e7evrimi\u00e7i hizmet sa\u011flay\u0131c\u0131lar taraf\u0131ndan yayg\u0131n olarak kullan\u0131l\u0131rlar.<\/p>\n\n\n\n<ul class=\"wp-block-list\">\n<li><strong>Birinci taraf \u00e7erezleri:<\/strong>\u00a0Web sitesi sahibi (bu durumda Beta \u015firketi) taraf\u0131ndan ayarlanan \u00e7erezler.<\/li>\n\n\n\n<li><strong>\u00dc\u00e7\u00fcnc\u00fc taraf \u00e7erezleri:<\/strong>\u00a0Web sitesi sahibinden ba\u015fka taraflarca yerle\u015ftirilen \u00e7erezler. Bunlar, web sitelerimizde reklam, etkile\u015fimli i\u00e7erik ve analiz gibi \u00fc\u00e7\u00fcnc\u00fc taraf \u00f6zelliklerini veya i\u015flevlerini etkinle\u015ftirir. Bu \u00e7erezleri yerle\u015ftiren taraflar, web sitelerimizi ve belirli di\u011fer web sitelerini ziyaret etti\u011finizde bilgisayar\u0131n\u0131z\u0131 tan\u0131yabilir.<\/li>\n<\/ul>\n\n\n\n<h2 class=\"wp-block-heading\">Neden \u00e7erez kullan\u0131yoruz?<\/h2>\n\n\n\n<p>Web sitelerimizin d\u00fczg\u00fcn \u00e7al\u0131\u015fmas\u0131 i\u00e7in teknik nedenlerle gerekli olan baz\u0131 birinci taraf ve \u00fc\u00e7\u00fcnc\u00fc taraf \u00e7erezleri kullan\u0131yoruz (bunlara &quot;temel&quot; \u00e7erezler diyoruz). Di\u011fer \u00e7erezler, ziyaret\u00e7ilerimizin ilgi alanlar\u0131n\u0131 takip etmemize ve hedeflememize yard\u0131mc\u0131 olarak deneyimlerini geli\u015ftirmemizi sa\u011flar (&quot;performans&quot; veya &quot;i\u015flevsellik&quot; \u00e7erezleri). Son olarak, \u00fc\u00e7\u00fcnc\u00fc taraflar web sitelerimiz arac\u0131l\u0131\u011f\u0131yla reklam, analiz ve di\u011fer ama\u00e7larla \u00e7erezler sunmaktad\u0131r.<\/p>\n\n\n\n<h2 class=\"wp-block-heading\">Web sitelerimiz arac\u0131l\u0131\u011f\u0131yla sunulan \u00e7erezler<\/h2>\n\n\n\n<p>Web sitelerimiz arac\u0131l\u0131\u011f\u0131yla sunulan belirli \u00e7erez t\u00fcrleri \u015funlard\u0131r:<\/p>\n\n\n\n<h3 class=\"wp-block-heading\">Temel Web Sitesi \u00c7erezleri<\/h3>\n\n\n\n<p>Bu \u00e7erezler, web sitelerimiz arac\u0131l\u0131\u011f\u0131yla sunulan hizmetlerden yararlanman\u0131z ve g\u00fcvenli alanlara eri\u015fim gibi baz\u0131 \u00f6zelliklerini kullanman\u0131z i\u00e7in kesinlikle gereklidir. Bunlar temel olduklar\u0131 i\u00e7in, sitenin i\u015fleyi\u015fini etkilemeden bunlar\u0131 reddedemezsiniz. Taray\u0131c\u0131 ayarlar\u0131n\u0131z\u0131 de\u011fi\u015ftirerek bunlar\u0131 yine de engelleyebilir veya silebilirsiniz, ancak web siteleri d\u00fczg\u00fcn \u00e7al\u0131\u015fmayabilir.<\/p>\n\n\n\n<h3 class=\"wp-block-heading\">Performans ve \u0130\u015flevsellik \u00c7erezleri<\/h3>\n\n\n\n<p>Bu \u00e7erezler, web sitelerimizin performans\u0131n\u0131 ve i\u015flevselli\u011fini art\u0131rmak i\u00e7in kullan\u0131l\u0131r ancak temel kullan\u0131mlar\u0131 i\u00e7in gerekli de\u011fildir. Bununla birlikte, bu \u00e7erezler olmadan baz\u0131 \u00f6zellikler kullan\u0131lamaz veya kullan\u0131m\u0131 zorla\u015fabilir.<\/p>\n\n\n\n<h3 class=\"wp-block-heading\">Analiz ve Ki\u015fiselle\u015ftirme \u00c7erezleri<\/h3>\n\n\n\n<p>Bu \u00e7erezler, web sitelerimizin nas\u0131l kullan\u0131ld\u0131\u011f\u0131n\u0131 anlamam\u0131za, pazarlama kampanyalar\u0131m\u0131z\u0131n etkinli\u011fini \u00f6l\u00e7memize ve deneyiminizi ki\u015fiselle\u015ftirmemize yard\u0131mc\u0131 olmak i\u00e7in toplu halde bilgi toplar.<\/p>\n\n\n\n<h3 class=\"wp-block-heading\">Reklam (Hedefleme) \u00c7erezleri<\/h3>\n\n\n\n<p>Bu \u00e7erezler, reklam mesajlar\u0131n\u0131 ilgi alanlar\u0131n\u0131za daha uygun hale getirmek i\u00e7in kullan\u0131l\u0131r. Ayn\u0131 reklam\u0131n s\u00fcrekli olarak yeniden g\u00f6r\u00fcnmesini engeller, reklamlar\u0131n do\u011fru \u015fekilde g\u00f6r\u00fcnt\u00fclenmesini sa\u011flar ve tarama al\u0131\u015fkanl\u0131klar\u0131n\u0131za g\u00f6re reklam se\u00e7imi yapar.<\/p>\n\n\n\n<h2 class=\"wp-block-heading\">Di\u011fer \u0130zleme Teknolojileri<\/h2>\n\n\n\n<p>Biz ve \u00fc\u00e7\u00fcnc\u00fc taraf ortaklar\u0131m\u0131z, web i\u015faret\u00e7ileri veya pikseller (\u015feffaf gifler) gibi benzer teknolojiler kullanabiliriz. Bunlar, birinin web sitelerimizi ziyaret etti\u011fini veya g\u00f6nderdi\u011fimiz bir e-postay\u0131 a\u00e7t\u0131\u011f\u0131n\u0131 anlamam\u0131z\u0131 sa\u011flayan benzersiz bir tan\u0131mlay\u0131c\u0131ya sahip k\u00fc\u00e7\u00fck grafiklerdir. Bu, kullan\u0131c\u0131 trafik modellerini izlememize, site performans\u0131n\u0131 iyile\u015ftirmemize ve pazarlama kampanyalar\u0131n\u0131n ba\u015far\u0131s\u0131n\u0131 \u00f6l\u00e7memize yard\u0131mc\u0131 olur. \u00c7o\u011fu durumda, bu teknolojiler d\u00fczg\u00fcn \u00e7al\u0131\u015fmak i\u00e7in \u00e7erezlere ba\u011fl\u0131d\u0131r, bu nedenle \u00e7erezleri reddetmek etkinliklerini azaltacakt\u0131r.<\/p>\n\n\n\n<h2 class=\"wp-block-heading\">Hedefli \u00c7evrimi\u00e7i Reklamc\u0131l\u0131k<\/h2>\n\n\n\n<p>Web sitelerimizle etkile\u015fimlerden elde edilen kullan\u0131m ve istatistiksel bilgileri izlemek ve analiz etmek i\u00e7in \u00fc\u00e7\u00fcnc\u00fc taraf hizmet sa\u011flay\u0131c\u0131larla \u00e7al\u0131\u015f\u0131yoruz. Bu \u00fc\u00e7\u00fcnc\u00fc taraflar, ilgi alanlar\u0131n\u0131z\u0131 tahmin etmek ve tarama etkinliklerinize dayal\u0131 olarak hedefli reklamlar sunmak i\u00e7in \u00e7erezler, web i\u015faret\u00e7ileri ve benzer izleme teknolojileri kullan\u0131r.<\/p>\n\n\n\n<p>Bu \u00fc\u00e7\u00fcnc\u00fc taraflarca toplanan bilgiler, siz \u00f6zellikle vermeyi tercih etmedi\u011finiz s\u00fcrece, sizi tan\u0131mlayan ki\u015fisel bilgileri (ad\u0131n\u0131z veya e-posta adresiniz gibi) i\u00e7ermez.<\/p>\n\n\n\n<h2 class=\"wp-block-heading\">\u00c7erezleri Nas\u0131l Kontrol Edebilirsiniz?<\/h2>\n\n\n\n<p>Gerekli olmayan \u00e7erezleri kabul edip etmeme konusunda karar verme hakk\u0131na sahipsiniz. \u00c7erezleri kabul etmek veya reddetmek i\u00e7in web taray\u0131c\u0131n\u0131z\u0131n ayarlar\u0131n\u0131 de\u011fi\u015ftirebilir veya d\u00fczenleyebilirsiniz. \u00c7erezleri reddetmeyi se\u00e7erseniz, web sitelerimizi kullanmaya devam edebilirsiniz, ancak baz\u0131 i\u015flevlere ve alanlara eri\u015fiminiz k\u0131s\u0131tlanabilir. \u00c7erezleri reddetme ad\u0131mlar\u0131 taray\u0131c\u0131dan taray\u0131c\u0131ya de\u011fi\u015fti\u011finden, daha fazla bilgi i\u00e7in l\u00fctfen taray\u0131c\u0131n\u0131z\u0131n yard\u0131m men\u00fcs\u00fcn\u00fc ziyaret edin.<\/p>\n\n\n\n<h2 class=\"wp-block-heading\">Politika G\u00fcncellemeleri<\/h2>\n\n\n\n<p>\u00c7erez kullan\u0131m\u0131m\u0131zdaki de\u011fi\u015fiklikleri veya di\u011fer operasyonel, yasal veya d\u00fczenleyici nedenleri yans\u0131tmak i\u00e7in bu \u00c7erez Bildirimini zaman zaman g\u00fcncelleyebiliriz. \u0130zleme teknolojilerinin kullan\u0131m\u0131m\u0131z hakk\u0131nda bilgi sahibi olmak i\u00e7in l\u00fctfen bu sayfay\u0131 d\u00fczenli olarak ziyaret edin.<\/p>\n\n\n\n<h2 class=\"wp-block-heading\">Bize Ula\u015f\u0131n<\/h2>\n\n\n\n<p>\u00c7erezlerin veya di\u011fer teknolojilerin kullan\u0131m\u0131yla ilgili herhangi bir sorunuz varsa, l\u00fctfen bize \u015fu adresten e-posta g\u00f6nderin:&nbsp;<a href=\"mailto:info@betacompany.net\">info@betacompany.net<\/a>.<\/p>","protected":false},"excerpt":{"rendered":"<p>\u00c7erez Bildirimi Bu belgede &quot;biz&quot;, &quot;bize&quot;, &quot;bizim&quot; veya &quot;Beta \u015firketi&quot; ifadeleri Virtnum.com&#039;u (Beta \u015firketi sp. z oo, REGON 146444560) ifade eder. Bu \u00c7erez\u2026<\/p>","protected":false},"author":1,"featured_media":0,"parent":0,"menu_order":0,"comment_status":"closed","ping_status":"closed","template":"","meta":{"_acf_changed":false,"footnotes":""},"class_list":["post-957","page","type-page","status-publish","hentry"],"acf":[],"yoast_head":"<!-- This site is optimized with the Yoast SEO plugin v27.4 - https:\/\/yoast.com\/product\/yoast-seo-wordpress\/ -->\n<title>Cookie Statement - Virtnum.com<\/title>\n<meta name=\"description\" content=\"Cookie Statement - Virtnum.com\" \/>\n<meta name=\"robots\" content=\"index, follow, max-snippet:-1, max-image-preview:large, max-video-preview:-1\" \/>\n<link rel=\"canonical\" href=\"https:\/\/virtnum.com\/tr\/cookie-statement\/\" \/>\n<meta property=\"og:locale\" content=\"tr_TR\" \/>\n<meta property=\"og:type\" content=\"article\" \/>\n<meta property=\"og:title\" content=\"Cookie Statement - Virtnum.com\" \/>\n<meta property=\"og:description\" content=\"Cookie Statement - Virtnum.com\" \/>\n<meta property=\"og:url\" content=\"https:\/\/virtnum.com\/tr\/cookie-statement\/\" \/>\n<meta property=\"og:site_name\" content=\"Virtual Local Phone Numbers\" \/>\n<meta property=\"article:modified_time\" content=\"2026-04-14T20:59:08+00:00\" \/>\n<meta name=\"twitter:card\" content=\"summary_large_image\" \/>\n<meta name=\"twitter:label1\" content=\"Tahmini okuma s\u00fcresi\" \/>\n\t<meta name=\"twitter:data1\" content=\"4 dakika\" \/>\n<script type=\"application\/ld+json\" class=\"yoast-schema-graph\">{\"@context\":\"https:\\\/\\\/schema.org\",\"@graph\":[{\"@type\":\"WebPage\",\"@id\":\"https:\\\/\\\/virtnum.com\\\/cookie-statement\\\/\",\"url\":\"https:\\\/\\\/virtnum.com\\\/cookie-statement\\\/\",\"name\":\"Cookie Statement - Virtnum.com\",\"isPartOf\":{\"@id\":\"https:\\\/\\\/virtnum.com\\\/#website\"},\"datePublished\":\"2026-04-14T20:59:07+00:00\",\"dateModified\":\"2026-04-14T20:59:08+00:00\",\"description\":\"Cookie Statement - Virtnum.com\",\"inLanguage\":\"tr\",\"potentialAction\":[{\"@type\":\"ReadAction\",\"target\":[\"https:\\\/\\\/virtnum.com\\\/cookie-statement\\\/\"]}]},{\"@type\":\"WebSite\",\"@id\":\"https:\\\/\\\/virtnum.com\\\/#website\",\"url\":\"https:\\\/\\\/virtnum.com\\\/\",\"name\":\"Virtual Local Phone Numbers\",\"description\":\"Buy Virtual Phone Numbers | DID Numbers | VoIP Numbers | Toll-free Numbers | Call forwarding to SIP, VOIP, PBX, Mobile or Fixed Phones\",\"publisher\":{\"@id\":\"https:\\\/\\\/virtnum.com\\\/#organization\"},\"potentialAction\":[{\"@type\":\"SearchAction\",\"target\":{\"@type\":\"EntryPoint\",\"urlTemplate\":\"https:\\\/\\\/virtnum.com\\\/?s={search_term_string}\"},\"query-input\":{\"@type\":\"PropertyValueSpecification\",\"valueRequired\":true,\"valueName\":\"search_term_string\"}}],\"inLanguage\":\"tr\"},{\"@type\":\"Organization\",\"@id\":\"https:\\\/\\\/virtnum.com\\\/#organization\",\"name\":\"Virtual Local Phone Numbers\",\"url\":\"https:\\\/\\\/virtnum.com\\\/\",\"logo\":{\"@type\":\"ImageObject\",\"inLanguage\":\"tr\",\"@id\":\"https:\\\/\\\/virtnum.com\\\/#\\\/schema\\\/logo\\\/image\\\/\",\"url\":\"https:\\\/\\\/virtnum.com\\\/wp-content\\\/uploads\\\/2022\\\/12\\\/logo-1.png\",\"contentUrl\":\"https:\\\/\\\/virtnum.com\\\/wp-content\\\/uploads\\\/2022\\\/12\\\/logo-1.png\",\"width\":420,\"height\":165,\"caption\":\"Virtual Local Phone Numbers\"},\"image\":{\"@id\":\"https:\\\/\\\/virtnum.com\\\/#\\\/schema\\\/logo\\\/image\\\/\"}}]}<\/script>\n<!-- \/ Yoast SEO plugin. -->","yoast_head_json":{"title":"\u00c7erez Bildirimi - Virtnum.com","description":"\u00c7erez Bildirimi - Virtnum.com","robots":{"index":"index","follow":"follow","max-snippet":"max-snippet:-1","max-image-preview":"max-image-preview:large","max-video-preview":"max-video-preview:-1"},"canonical":"https:\/\/virtnum.com\/tr\/cookie-statement\/","og_locale":"tr_TR","og_type":"article","og_title":"Cookie Statement - Virtnum.com","og_description":"Cookie Statement - Virtnum.com","og_url":"https:\/\/virtnum.com\/tr\/cookie-statement\/","og_site_name":"Virtual Local Phone Numbers","article_modified_time":"2026-04-14T20:59:08+00:00","twitter_card":"summary_large_image","twitter_misc":{"Tahmini okuma s\u00fcresi":"4 dakika"},"schema":{"@context":"https:\/\/schema.org","@graph":[{"@type":"WebPage","@id":"https:\/\/virtnum.com\/cookie-statement\/","url":"https:\/\/virtnum.com\/cookie-statement\/","name":"\u00c7erez Bildirimi - Virtnum.com","isPartOf":{"@id":"https:\/\/virtnum.com\/#website"},"datePublished":"2026-04-14T20:59:07+00:00","dateModified":"2026-04-14T20:59:08+00:00","description":"\u00c7erez Bildirimi - Virtnum.com","inLanguage":"tr","potentialAction":[{"@type":"ReadAction","target":["https:\/\/virtnum.com\/cookie-statement\/"]}]},{"@type":"WebSite","@id":"https:\/\/virtnum.com\/#website","url":"https:\/\/virtnum.com\/","name":"Sanal Yerel Telefon Numaralar\u0131","description":"Sanal Telefon Numaralar\u0131 Sat\u0131n Al\u0131n | DID Numaralar\u0131 | VoIP Numaralar\u0131 | \u00dccretsiz Numaralar | SIP, VOIP, PBX, Mobil veya Sabit Telefonlara \u00c7a\u011fr\u0131 Y\u00f6nlendirme","publisher":{"@id":"https:\/\/virtnum.com\/#organization"},"potentialAction":[{"@type":"SearchAction","target":{"@type":"EntryPoint","urlTemplate":"https:\/\/virtnum.com\/?s={search_term_string}"},"query-input":{"@type":"PropertyValueSpecification","valueRequired":true,"valueName":"search_term_string"}}],"inLanguage":"tr"},{"@type":"Organization","@id":"https:\/\/virtnum.com\/#organization","name":"Sanal Yerel Telefon Numaralar\u0131","url":"https:\/\/virtnum.com\/","logo":{"@type":"ImageObject","inLanguage":"tr","@id":"https:\/\/virtnum.com\/#\/schema\/logo\/image\/","url":"https:\/\/virtnum.com\/wp-content\/uploads\/2022\/12\/logo-1.png","contentUrl":"https:\/\/virtnum.com\/wp-content\/uploads\/2022\/12\/logo-1.png","width":420,"height":165,"caption":"Virtual Local Phone Numbers"},"image":{"@id":"https:\/\/virtnum.com\/#\/schema\/logo\/image\/"}}]}},"_links":{"self":[{"href":"https:\/\/virtnum.com\/tr\/wp-json\/wp\/v2\/pages\/957","targetHints":{"allow":["GET"]}}],"collection":[{"href":"https:\/\/virtnum.com\/tr\/wp-json\/wp\/v2\/pages"}],"about":[{"href":"https:\/\/virtnum.com\/tr\/wp-json\/wp\/v2\/types\/page"}],"author":[{"embeddable":true,"href":"https:\/\/virtnum.com\/tr\/wp-json\/wp\/v2\/users\/1"}],"replies":[{"embeddable":true,"href":"https:\/\/virtnum.com\/tr\/wp-json\/wp\/v2\/comments?post=957"}],"version-history":[{"count":1,"href":"https:\/\/virtnum.com\/tr\/wp-json\/wp\/v2\/pages\/957\/revisions"}],"predecessor-version":[{"id":960,"href":"https:\/\/virtnum.com\/tr\/wp-json\/wp\/v2\/pages\/957\/revisions\/960"}],"wp:attachment":[{"href":"https:\/\/virtnum.com\/tr\/wp-json\/wp\/v2\/media?parent=957"}],"curies":[{"name":"wp","href":"https:\/\/api.w.org\/{rel}","templated":true}]}}